{"id":7855,"date":"2019-06-10T12:27:40","date_gmt":"2019-06-10T09:27:40","guid":{"rendered":"https:\/\/www.rarom.ro\/?page_id=7855"},"modified":"2019-06-10T12:47:24","modified_gmt":"2019-06-10T09:47:24","slug":"bmw-320d-xdrive","status":"publish","type":"page","link":"https:\/\/www.rarom.ro\/?page_id=7855","title":{"rendered":"BMW 320d xDrive"},"content":{"rendered":"<p><strong>Test: BMW 320d xDrive<\/strong><\/p>\n<p><a href=\"https:\/\/www.rarom.ro\/wp-content\/uploads\/2019\/06\/TestBMW_mare-246.jpg\"><img loading=\"lazy\" decoding=\"async\" class=\"size-full wp-image-7856 aligncenter\" src=\"https:\/\/www.rarom.ro\/wp-content\/uploads\/2019\/06\/TestBMW_mare-246.jpg\" alt=\"\" width=\"730\" height=\"450\" srcset=\"https:\/\/www.rarom.ro\/wp-content\/uploads\/2019\/06\/TestBMW_mare-246.jpg 730w, https:\/\/www.rarom.ro\/wp-content\/uploads\/2019\/06\/TestBMW_mare-246-300x185.jpg 300w\" sizes=\"auto, (max-width: 730px) 100vw, 730px\" \/><\/a> <a href=\"https:\/\/www.rarom.ro\/wp-content\/uploads\/2019\/06\/TestBMW_pagini-246.jpg\"><img loading=\"lazy\" decoding=\"async\" class=\"alignleft size-full wp-image-7858\" src=\"https:\/\/www.rarom.ro\/wp-content\/uploads\/2019\/06\/TestBMW_pagini-246.jpg\" alt=\"\" width=\"250\" height=\"165\" \/><\/a><\/p>\n<p style=\"text-align: justify;\">Compact, foarte spa\u0163ios, rapid, economic \u015fi ultra-tehnologizat ar putea fi cea mai succint\u0103 descriere a noului BMW Seria 3. Interesant este c\u0103 po\u0163i povesti despre el cu acela\u015fi entuziasm indiferent de locul pe care \u00eel ocupi, ceea ce \u00eenseamn\u0103 c\u0103, de\u015fi cockpit-ul este orientat c\u0103tre \u015fofer, senza\u0163iile sunt acelea\u015fi pentru to\u0163i pasagerii. [&#8230;]<\/p>\n<p>&nbsp;<\/p>\n","protected":false},"excerpt":{"rendered":"<p>Test: BMW 320d xDrive Compact, foarte spa\u0163ios, rapid, economic \u015fi ultra-tehnologizat ar putea fi cea mai succint\u0103 descriere a noului BMW Seria 3. Interesant este c\u0103 po\u0163i povesti despre el cu acela\u015fi entuziasm indiferent de locul pe care \u00eel ocupi, ceea ce \u00eenseamn\u0103 c\u0103, de\u015fi cockpit-ul este orientat c\u0103tre \u015fofer, senza\u0163iile sunt acelea\u015fi pentru to\u0163i [&hellip;]<\/p>\n","protected":false},"author":3,"featured_media":0,"parent":7838,"menu_order":3,"comment_status":"closed","ping_status":"closed","template":"","meta":{"_acf_changed":false,"footnotes":""},"class_list":["post-7855","page","type-page","status-publish","hentry"],"acf":[],"_links":{"self":[{"href":"https:\/\/www.rarom.ro\/index.php?rest_route=\/wp\/v2\/pages\/7855","targetHints":{"allow":["GET"]}}],"collection":[{"href":"https:\/\/www.rarom.ro\/index.php?rest_route=\/wp\/v2\/pages"}],"about":[{"href":"https:\/\/www.rarom.ro\/index.php?rest_route=\/wp\/v2\/types\/page"}],"author":[{"embeddable":true,"href":"https:\/\/www.rarom.ro\/index.php?rest_route=\/wp\/v2\/users\/3"}],"replies":[{"embeddable":true,"href":"https:\/\/www.rarom.ro\/index.php?rest_route=%2Fwp%2Fv2%2Fcomments&post=7855"}],"version-history":[{"count":1,"href":"https:\/\/www.rarom.ro\/index.php?rest_route=\/wp\/v2\/pages\/7855\/revisions"}],"predecessor-version":[{"id":7860,"href":"https:\/\/www.rarom.ro\/index.php?rest_route=\/wp\/v2\/pages\/7855\/revisions\/7860"}],"up":[{"embeddable":true,"href":"https:\/\/www.rarom.ro\/index.php?rest_route=\/wp\/v2\/pages\/7838"}],"wp:attachment":[{"href":"https:\/\/www.rarom.ro\/index.php?rest_route=%2Fwp%2Fv2%2Fmedia&parent=7855"}],"curies":[{"name":"wp","href":"https:\/\/api.w.org\/{rel}","templated":true}]}}