{"id":7838,"date":"2019-06-10T12:21:46","date_gmt":"2019-06-10T09:21:46","guid":{"rendered":"https:\/\/www.rarom.ro\/?page_id=7838"},"modified":"2019-06-10T12:51:58","modified_gmt":"2019-06-10T09:51:58","slug":"teste","status":"publish","type":"page","link":"https:\/\/www.rarom.ro\/?page_id=7838","title":{"rendered":"Teste"},"content":{"rendered":"<p><a href=\"https:\/\/www.rarom.ro\/wp-content\/uploads\/2019\/06\/TesteIunie2019.jpg\"><img loading=\"lazy\" decoding=\"async\" class=\"size-full wp-image-7839 aligncenter\" src=\"https:\/\/www.rarom.ro\/wp-content\/uploads\/2019\/06\/TesteIunie2019.jpg\" alt=\"\" width=\"730\" height=\"450\" srcset=\"https:\/\/www.rarom.ro\/wp-content\/uploads\/2019\/06\/TesteIunie2019.jpg 730w, https:\/\/www.rarom.ro\/wp-content\/uploads\/2019\/06\/TesteIunie2019-300x185.jpg 300w\" sizes=\"auto, (max-width: 730px) 100vw, 730px\" \/><\/a><\/p>\n<p><strong>FOCUS CU VALOARE AD\u0102UGAT\u0102<\/strong><br \/>\n<strong>Test:<\/strong> <a href=\"https:\/\/www.rarom.ro\/?page_id=7842\">Ford Focus Active<\/a><\/p>\n<p><strong>AROM\u0102 HIBRID\u0102<\/strong><br \/>\n<strong>Test:<\/strong> <a href=\"https:\/\/www.rarom.ro\/?page_id=7848\">Kia Sportage<\/a><\/p>\n<p><strong>SUB SEMNUL CIFREI 3<\/strong><br \/>\n<strong>Test:<\/strong> <a href=\"https:\/\/www.rarom.ro\/?page_id=7855\">BMW 320d xDrive<\/a><\/p>\n<p><strong>AL CINCILEA PAS<\/strong><br \/>\n<strong>Test:<\/strong> <a href=\"https:\/\/www.rarom.ro\/?page_id=7861\">Citroen C5 Aircross<\/a><\/p>\n","protected":false},"excerpt":{"rendered":"<p>FOCUS CU VALOARE AD\u0102UGAT\u0102 Test: Ford Focus Active AROM\u0102 HIBRID\u0102 Test: Kia Sportage SUB SEMNUL CIFREI 3 Test: BMW 320d xDrive AL CINCILEA PAS Test: Citroen C5 Aircross<\/p>\n","protected":false},"author":3,"featured_media":0,"parent":7833,"menu_order":1,"comment_status":"closed","ping_status":"closed","template":"","meta":{"_acf_changed":false,"footnotes":""},"class_list":["post-7838","page","type-page","status-publish","hentry"],"acf":[],"_links":{"self":[{"href":"https:\/\/www.rarom.ro\/index.php?rest_route=\/wp\/v2\/pages\/7838","targetHints":{"allow":["GET"]}}],"collection":[{"href":"https:\/\/www.rarom.ro\/index.php?rest_route=\/wp\/v2\/pages"}],"about":[{"href":"https:\/\/www.rarom.ro\/index.php?rest_route=\/wp\/v2\/types\/page"}],"author":[{"embeddable":true,"href":"https:\/\/www.rarom.ro\/index.php?rest_route=\/wp\/v2\/users\/3"}],"replies":[{"embeddable":true,"href":"https:\/\/www.rarom.ro\/index.php?rest_route=%2Fwp%2Fv2%2Fcomments&post=7838"}],"version-history":[{"count":2,"href":"https:\/\/www.rarom.ro\/index.php?rest_route=\/wp\/v2\/pages\/7838\/revisions"}],"predecessor-version":[{"id":7893,"href":"https:\/\/www.rarom.ro\/index.php?rest_route=\/wp\/v2\/pages\/7838\/revisions\/7893"}],"up":[{"embeddable":true,"href":"https:\/\/www.rarom.ro\/index.php?rest_route=\/wp\/v2\/pages\/7833"}],"wp:attachment":[{"href":"https:\/\/www.rarom.ro\/index.php?rest_route=%2Fwp%2Fv2%2Fmedia&parent=7838"}],"curies":[{"name":"wp","href":"https:\/\/api.w.org\/{rel}","templated":true}]}}