{"id":7727,"date":"2019-05-28T10:53:23","date_gmt":"2019-05-28T07:53:23","guid":{"rendered":"https:\/\/www.rarom.ro\/?page_id=7727"},"modified":"2019-05-28T11:34:27","modified_gmt":"2019-05-28T08:34:27","slug":"prezentare","status":"publish","type":"page","link":"https:\/\/www.rarom.ro\/?page_id=7727","title":{"rendered":"Prezentare"},"content":{"rendered":"<p><strong>Peiech Automotive<\/strong><\/p>\n<p><a href=\"https:\/\/www.rarom.ro\/wp-content\/uploads\/2019\/05\/Prezentare_mare_245.jpg\"><img loading=\"lazy\" decoding=\"async\" class=\"size-full wp-image-7728 aligncenter\" src=\"https:\/\/www.rarom.ro\/wp-content\/uploads\/2019\/05\/Prezentare_mare_245.jpg\" alt=\"\" width=\"730\" height=\"450\" srcset=\"https:\/\/www.rarom.ro\/wp-content\/uploads\/2019\/05\/Prezentare_mare_245.jpg 730w, https:\/\/www.rarom.ro\/wp-content\/uploads\/2019\/05\/Prezentare_mare_245-300x185.jpg 300w\" sizes=\"auto, (max-width: 730px) 100vw, 730px\" \/><\/a><\/p>\n<p style=\"text-align: justify;\"><a href=\"https:\/\/www.rarom.ro\/wp-content\/uploads\/2019\/05\/Prezentare_pagini_245.jpg\"><img loading=\"lazy\" decoding=\"async\" class=\"alignleft size-full wp-image-7730\" src=\"https:\/\/www.rarom.ro\/wp-content\/uploads\/2019\/05\/Prezentare_pagini_245.jpg\" alt=\"\" width=\"250\" height=\"167\" \/><\/a>N\u0103scut\u0103 din pasiunea a doi tineri, Pi\u00ebch Automotive este cea mai nou\u0103 marc\u0103 auto din Europa. Are sediul \u00een Elve\u0163ia \u015fi vrea s\u0103 produc\u0103 automobile electrice performante. [&#8230;]<\/p>\n<p style=\"clear: both\">\n","protected":false},"excerpt":{"rendered":"<p>Peiech Automotive N\u0103scut\u0103 din pasiunea a doi tineri, Pi\u00ebch Automotive este cea mai nou\u0103 marc\u0103 auto din Europa. Are sediul \u00een Elve\u0163ia \u015fi vrea s\u0103 produc\u0103 automobile electrice performante. [&#8230;]<\/p>\n","protected":false},"author":3,"featured_media":0,"parent":7679,"menu_order":4,"comment_status":"closed","ping_status":"closed","template":"","meta":{"_acf_changed":false,"footnotes":""},"class_list":["post-7727","page","type-page","status-publish","hentry"],"acf":[],"_links":{"self":[{"href":"https:\/\/www.rarom.ro\/index.php?rest_route=\/wp\/v2\/pages\/7727","targetHints":{"allow":["GET"]}}],"collection":[{"href":"https:\/\/www.rarom.ro\/index.php?rest_route=\/wp\/v2\/pages"}],"about":[{"href":"https:\/\/www.rarom.ro\/index.php?rest_route=\/wp\/v2\/types\/page"}],"author":[{"embeddable":true,"href":"https:\/\/www.rarom.ro\/index.php?rest_route=\/wp\/v2\/users\/3"}],"replies":[{"embeddable":true,"href":"https:\/\/www.rarom.ro\/index.php?rest_route=%2Fwp%2Fv2%2Fcomments&post=7727"}],"version-history":[{"count":2,"href":"https:\/\/www.rarom.ro\/index.php?rest_route=\/wp\/v2\/pages\/7727\/revisions"}],"predecessor-version":[{"id":7763,"href":"https:\/\/www.rarom.ro\/index.php?rest_route=\/wp\/v2\/pages\/7727\/revisions\/7763"}],"up":[{"embeddable":true,"href":"https:\/\/www.rarom.ro\/index.php?rest_route=\/wp\/v2\/pages\/7679"}],"wp:attachment":[{"href":"https:\/\/www.rarom.ro\/index.php?rest_route=%2Fwp%2Fv2%2Fmedia&parent=7727"}],"curies":[{"name":"wp","href":"https:\/\/api.w.org\/{rel}","templated":true}]}}