{"id":7715,"date":"2019-05-28T10:44:03","date_gmt":"2019-05-28T07:44:03","guid":{"rendered":"https:\/\/www.rarom.ro\/?page_id=7715"},"modified":"2019-05-28T11:34:01","modified_gmt":"2019-05-28T08:34:01","slug":"eveniment","status":"publish","type":"page","link":"https:\/\/www.rarom.ro\/?page_id=7715","title":{"rendered":"Eveniment"},"content":{"rendered":"<p><strong>Lansare Citroen C5 Aircross<\/strong><\/p>\n<p><a href=\"https:\/\/www.rarom.ro\/wp-content\/uploads\/2019\/05\/Eveniment_mare_245.jpg\"><img loading=\"lazy\" decoding=\"async\" class=\"size-full wp-image-7716 aligncenter\" src=\"https:\/\/www.rarom.ro\/wp-content\/uploads\/2019\/05\/Eveniment_mare_245.jpg\" alt=\"\" width=\"730\" height=\"450\" srcset=\"https:\/\/www.rarom.ro\/wp-content\/uploads\/2019\/05\/Eveniment_mare_245.jpg 730w, https:\/\/www.rarom.ro\/wp-content\/uploads\/2019\/05\/Eveniment_mare_245-300x185.jpg 300w\" sizes=\"auto, (max-width: 730px) 100vw, 730px\" \/><\/a><\/p>\n<p style=\"text-align: justify;\"><a href=\"https:\/\/www.rarom.ro\/wp-content\/uploads\/2019\/05\/Eveniment_pagini_245.jpg\"><img loading=\"lazy\" decoding=\"async\" class=\"alignleft size-full wp-image-7718\" src=\"https:\/\/www.rarom.ro\/wp-content\/uploads\/2019\/05\/Eveniment_pagini_245.jpg\" alt=\"\" width=\"250\" height=\"167\" \/><\/a>Lansat pe pia\u0163a din China la \u00eenceputul toamnei lui 2018, Citroen C5 Aircross vrea s\u0103 repete succesul \u015fi pe cea european\u0103. Cele 50.000 de unit\u0103\u0163i comandate p\u00e2n\u0103 \u00een prezent reprezint\u0103 un argument foarte conving\u0103tor pentru constructorul francez. [&#8230;]<\/p>\n<p style=\"clear: both;\">\n","protected":false},"excerpt":{"rendered":"<p>Lansare Citroen C5 Aircross Lansat pe pia\u0163a din China la \u00eenceputul toamnei lui 2018, Citroen C5 Aircross vrea s\u0103 repete succesul \u015fi pe cea european\u0103. Cele 50.000 de unit\u0103\u0163i comandate p\u00e2n\u0103 \u00een prezent reprezint\u0103 un argument foarte conving\u0103tor pentru constructorul francez. [&#8230;]<\/p>\n","protected":false},"author":3,"featured_media":0,"parent":7679,"menu_order":2,"comment_status":"closed","ping_status":"closed","template":"","meta":{"_acf_changed":false,"footnotes":""},"class_list":["post-7715","page","type-page","status-publish","hentry"],"acf":[],"_links":{"self":[{"href":"https:\/\/www.rarom.ro\/index.php?rest_route=\/wp\/v2\/pages\/7715","targetHints":{"allow":["GET"]}}],"collection":[{"href":"https:\/\/www.rarom.ro\/index.php?rest_route=\/wp\/v2\/pages"}],"about":[{"href":"https:\/\/www.rarom.ro\/index.php?rest_route=\/wp\/v2\/types\/page"}],"author":[{"embeddable":true,"href":"https:\/\/www.rarom.ro\/index.php?rest_route=\/wp\/v2\/users\/3"}],"replies":[{"embeddable":true,"href":"https:\/\/www.rarom.ro\/index.php?rest_route=%2Fwp%2Fv2%2Fcomments&post=7715"}],"version-history":[{"count":2,"href":"https:\/\/www.rarom.ro\/index.php?rest_route=\/wp\/v2\/pages\/7715\/revisions"}],"predecessor-version":[{"id":7762,"href":"https:\/\/www.rarom.ro\/index.php?rest_route=\/wp\/v2\/pages\/7715\/revisions\/7762"}],"up":[{"embeddable":true,"href":"https:\/\/www.rarom.ro\/index.php?rest_route=\/wp\/v2\/pages\/7679"}],"wp:attachment":[{"href":"https:\/\/www.rarom.ro\/index.php?rest_route=%2Fwp%2Fv2%2Fmedia&parent=7715"}],"curies":[{"name":"wp","href":"https:\/\/api.w.org\/{rel}","templated":true}]}}