{"id":7709,"date":"2019-05-28T10:37:08","date_gmt":"2019-05-28T07:37:08","guid":{"rendered":"https:\/\/www.rarom.ro\/?page_id=7709"},"modified":"2019-05-28T11:11:45","modified_gmt":"2019-05-28T08:11:45","slug":"ford-fiesta-st","status":"publish","type":"page","link":"https:\/\/www.rarom.ro\/?page_id=7709","title":{"rendered":"Ford Fiesta ST"},"content":{"rendered":"<p><strong>Test: Ford Fiesta ST<\/strong><\/p>\n<p><a href=\"https:\/\/www.rarom.ro\/wp-content\/uploads\/2019\/05\/Test_Ford_mare_245.jpg\"><img loading=\"lazy\" decoding=\"async\" class=\"size-full wp-image-7710 aligncenter\" src=\"https:\/\/www.rarom.ro\/wp-content\/uploads\/2019\/05\/Test_Ford_mare_245.jpg\" alt=\"\" width=\"730\" height=\"450\" srcset=\"https:\/\/www.rarom.ro\/wp-content\/uploads\/2019\/05\/Test_Ford_mare_245.jpg 730w, https:\/\/www.rarom.ro\/wp-content\/uploads\/2019\/05\/Test_Ford_mare_245-300x185.jpg 300w\" sizes=\"auto, (max-width: 730px) 100vw, 730px\" \/><\/a><\/p>\n<p style=\"text-align: justify;\"><a href=\"https:\/\/www.rarom.ro\/wp-content\/uploads\/2019\/05\/Test_Ford_pagini_245.jpg\"><img loading=\"lazy\" decoding=\"async\" class=\"alignleft size-full wp-image-7712\" src=\"https:\/\/www.rarom.ro\/wp-content\/uploads\/2019\/05\/Test_Ford_pagini_245.jpg\" alt=\"\" width=\"250\" height=\"167\" \/><\/a>Noul Ford Fiesta ST \u00ee\u015fi propune s\u0103 confirme reputa\u0163ia de care se bucur\u0103 Ford \u00een bran\u015fa hot hatch-urilor. Realizat \u00een colaborare cu divizia Ford Performance, noul model preia din ADN-ul versiunii competi\u0163ionale \u015fi \u00eel \u00eembl\u00e2nze\u015fte la cote acceptabile pentru utilizarea zilnic\u0103. Nu te l\u0103sa p\u0103c\u0103lit \u00eens\u0103: este cazul clasic cu felina feroce costumat\u0103 \u00een blan\u0103 de mielu\u015fel. [&#8230;]<\/p>\n","protected":false},"excerpt":{"rendered":"<p>Test: Ford Fiesta ST Noul Ford Fiesta ST \u00ee\u015fi propune s\u0103 confirme reputa\u0163ia de care se bucur\u0103 Ford \u00een bran\u015fa hot hatch-urilor. Realizat \u00een colaborare cu divizia Ford Performance, noul model preia din ADN-ul versiunii competi\u0163ionale \u015fi \u00eel \u00eembl\u00e2nze\u015fte la cote acceptabile pentru utilizarea zilnic\u0103. Nu te l\u0103sa p\u0103c\u0103lit \u00eens\u0103: este cazul clasic cu felina [&hellip;]<\/p>\n","protected":false},"author":3,"featured_media":0,"parent":7683,"menu_order":4,"comment_status":"closed","ping_status":"closed","template":"","meta":{"_acf_changed":false,"footnotes":""},"class_list":["post-7709","page","type-page","status-publish","hentry"],"acf":[],"_links":{"self":[{"href":"https:\/\/www.rarom.ro\/index.php?rest_route=\/wp\/v2\/pages\/7709","targetHints":{"allow":["GET"]}}],"collection":[{"href":"https:\/\/www.rarom.ro\/index.php?rest_route=\/wp\/v2\/pages"}],"about":[{"href":"https:\/\/www.rarom.ro\/index.php?rest_route=\/wp\/v2\/types\/page"}],"author":[{"embeddable":true,"href":"https:\/\/www.rarom.ro\/index.php?rest_route=\/wp\/v2\/users\/3"}],"replies":[{"embeddable":true,"href":"https:\/\/www.rarom.ro\/index.php?rest_route=%2Fwp%2Fv2%2Fcomments&post=7709"}],"version-history":[{"count":1,"href":"https:\/\/www.rarom.ro\/index.php?rest_route=\/wp\/v2\/pages\/7709\/revisions"}],"predecessor-version":[{"id":7714,"href":"https:\/\/www.rarom.ro\/index.php?rest_route=\/wp\/v2\/pages\/7709\/revisions\/7714"}],"up":[{"embeddable":true,"href":"https:\/\/www.rarom.ro\/index.php?rest_route=\/wp\/v2\/pages\/7683"}],"wp:attachment":[{"href":"https:\/\/www.rarom.ro\/index.php?rest_route=%2Fwp%2Fv2%2Fmedia&parent=7709"}],"curies":[{"name":"wp","href":"https:\/\/api.w.org\/{rel}","templated":true}]}}