{"id":770,"date":"2015-10-20T11:53:54","date_gmt":"2015-10-20T11:53:54","guid":{"rendered":"https:\/\/www.rarom.ro\/?page_id=770"},"modified":"2024-04-19T13:41:38","modified_gmt":"2024-04-19T10:41:38","slug":"atestari-personal","status":"publish","type":"page","link":"https:\/\/www.rarom.ro\/?page_id=770","title":{"rendered":"Atest\u0103ri personal"},"content":{"rendered":"\n<p>&#8211; pentru desf\u0103\u015furarea activit\u0103\u0163ii de ITP, este necesar\u0103 atestarea persoanelor care realizeaz\u0103 \u00een mod efectiv aceast\u0103 activitate (atest\u0103ri inspectori tehnici)<\/p>\n\n\n\n<p>&#8211; pentru desf\u0103\u015furarea activit\u0103\u0163ilor de repara\u0163ii \u015fi\/sau regl\u0103ri func\u0163ionale a vehiculelor rutiere, de dezmembrare a vehiculelor scoase din uz, precum \u015fi de \u00eenlocuiri de \u015fasiuri \u015fi\/sau caroserii ale vehiculelor rutiere este necesar\u0103 atestarea persoanelor care conduc direct activit\u0103\u0163ile respective (atest\u0103ri conduc\u0103tori ateliere).<\/p>\n\n\n\n<p>Activitatea de atestare a inspectorilor tehnici se desf\u0103\u015foar\u0103 de c\u0103tre Compartimentul Inspectori Tehnici din cadrul Departamentului Reglement\u0103ri, Instruire \u015fi Cooperare Interna\u0163ional\u0103.<\/p>\n\n\n\n<p>Activitatea de atestare a conduc\u0103torilor de ateliere se desf\u0103\u015foar\u0103 de c\u0103tre Compartimentul Evaluare \u015fi Instruire Personal din cadrul Departamentului Reglement\u0103ri, Instruire \u015fi Cooperare Interna\u0163ional\u0103.<\/p>\n\n\n\n<p>Informa\u0163iile necesare pentru demararea procedurilor de atestare a inspectorilor tehnici \u015fi atestare a conduc\u0103torilor de ateliere, precum \u015fi formularele necesare sunt precizate \u00een continuare.<\/p>\n\n\n\n<hr>\n\n\n\n<p><span style=\"color: #394f8b;\"><strong>FORMULARE NECESARE<\/strong><\/span><\/p>\n\n\n\n<hr>\n\n\n\n<p><a href=\"https:\/\/www.rarom.ro\/?page_id=772\">Atest\u0103ri inspectori tehnici<\/a><\/p>\n\n\n\n<p><a href=\"https:\/\/www.rarom.ro\/?page_id=774\">Atest\u0103ri conduc\u0103tori ateliere<\/a><\/p>\n","protected":false},"excerpt":{"rendered":"<p>&#8211; pentru desf\u0103\u015furarea activit\u0103\u0163ii de ITP, este necesar\u0103 atestarea persoanelor care realizeaz\u0103 \u00een mod efectiv aceast\u0103 activitate (atest\u0103ri inspectori tehnici) &#8211; pentru desf\u0103\u015furarea activit\u0103\u0163ilor de repara\u0163ii \u015fi\/sau regl\u0103ri func\u0163ionale a vehiculelor rutiere, de dezmembrare a vehiculelor scoase din uz, precum \u015fi de \u00eenlocuiri de \u015fasiuri \u015fi\/sau caroserii ale vehiculelor rutiere este necesar\u0103 atestarea persoanelor care [&hellip;]<\/p>\n","protected":false},"author":1,"featured_media":0,"parent":240,"menu_order":8,"comment_status":"closed","ping_status":"closed","template":"","meta":{"_acf_changed":false,"footnotes":""},"class_list":["post-770","page","type-page","status-publish","hentry"],"acf":[],"_links":{"self":[{"href":"https:\/\/www.rarom.ro\/index.php?rest_route=\/wp\/v2\/pages\/770","targetHints":{"allow":["GET"]}}],"collection":[{"href":"https:\/\/www.rarom.ro\/index.php?rest_route=\/wp\/v2\/pages"}],"about":[{"href":"https:\/\/www.rarom.ro\/index.php?rest_route=\/wp\/v2\/types\/page"}],"author":[{"embeddable":true,"href":"https:\/\/www.rarom.ro\/index.php?rest_route=\/wp\/v2\/users\/1"}],"replies":[{"embeddable":true,"href":"https:\/\/www.rarom.ro\/index.php?rest_route=%2Fwp%2Fv2%2Fcomments&post=770"}],"version-history":[{"count":4,"href":"https:\/\/www.rarom.ro\/index.php?rest_route=\/wp\/v2\/pages\/770\/revisions"}],"predecessor-version":[{"id":297176,"href":"https:\/\/www.rarom.ro\/index.php?rest_route=\/wp\/v2\/pages\/770\/revisions\/297176"}],"up":[{"embeddable":true,"href":"https:\/\/www.rarom.ro\/index.php?rest_route=\/wp\/v2\/pages\/240"}],"wp:attachment":[{"href":"https:\/\/www.rarom.ro\/index.php?rest_route=%2Fwp%2Fv2%2Fmedia&parent=770"}],"curies":[{"name":"wp","href":"https:\/\/api.w.org\/{rel}","templated":true}]}}