{"id":7699,"date":"2019-05-28T10:35:53","date_gmt":"2019-05-28T07:35:53","guid":{"rendered":"https:\/\/www.rarom.ro\/?page_id=7699"},"modified":"2019-05-28T11:09:33","modified_gmt":"2019-05-28T08:09:33","slug":"mitsubishi-outlander","status":"publish","type":"page","link":"https:\/\/www.rarom.ro\/?page_id=7699","title":{"rendered":"Mitsubishi Outlander"},"content":{"rendered":"<p><strong>Test: Mitsubishi Outlander<\/strong><\/p>\n<p><a href=\"https:\/\/www.rarom.ro\/wp-content\/uploads\/2019\/05\/Test_Mitsubishi_mare_245.jpg\"><img loading=\"lazy\" decoding=\"async\" class=\"size-full wp-image-7704 aligncenter\" src=\"https:\/\/www.rarom.ro\/wp-content\/uploads\/2019\/05\/Test_Mitsubishi_mare_245.jpg\" alt=\"\" width=\"730\" height=\"450\" srcset=\"https:\/\/www.rarom.ro\/wp-content\/uploads\/2019\/05\/Test_Mitsubishi_mare_245.jpg 730w, https:\/\/www.rarom.ro\/wp-content\/uploads\/2019\/05\/Test_Mitsubishi_mare_245-300x185.jpg 300w\" sizes=\"auto, (max-width: 730px) 100vw, 730px\" \/><\/a><\/p>\n<p style=\"text-align: justify;\"><a href=\"https:\/\/www.rarom.ro\/wp-content\/uploads\/2019\/05\/Test_Mitsubishi_pagini_245.jpg\"><img loading=\"lazy\" decoding=\"async\" class=\"alignleft size-full wp-image-7706\" src=\"https:\/\/www.rarom.ro\/wp-content\/uploads\/2019\/05\/Test_Mitsubishi_pagini_245.jpg\" alt=\"\" width=\"250\" height=\"167\" \/><\/a>Expansiunea SUV-urilor s-a potrivit ca o m\u0103nu\u015f\u0103 constructorilor tradi\u0163ionali ai genului. De ceva vreme japonezii de la Mitsubishi \u00ee\u015fi continu\u0103 minu\u0163ios asaltul asupra segmentului D cu cea de-a treia genera\u0163ie Outlander. [&#8230;]<\/p>\n<p>&nbsp;<\/p>\n","protected":false},"excerpt":{"rendered":"<p>Test: Mitsubishi Outlander Expansiunea SUV-urilor s-a potrivit ca o m\u0103nu\u015f\u0103 constructorilor tradi\u0163ionali ai genului. De ceva vreme japonezii de la Mitsubishi \u00ee\u015fi continu\u0103 minu\u0163ios asaltul asupra segmentului D cu cea de-a treia genera\u0163ie Outlander. [&#8230;] &nbsp;<\/p>\n","protected":false},"author":3,"featured_media":0,"parent":7683,"menu_order":3,"comment_status":"closed","ping_status":"closed","template":"","meta":{"_acf_changed":false,"footnotes":""},"class_list":["post-7699","page","type-page","status-publish","hentry"],"acf":[],"_links":{"self":[{"href":"https:\/\/www.rarom.ro\/index.php?rest_route=\/wp\/v2\/pages\/7699","targetHints":{"allow":["GET"]}}],"collection":[{"href":"https:\/\/www.rarom.ro\/index.php?rest_route=\/wp\/v2\/pages"}],"about":[{"href":"https:\/\/www.rarom.ro\/index.php?rest_route=\/wp\/v2\/types\/page"}],"author":[{"embeddable":true,"href":"https:\/\/www.rarom.ro\/index.php?rest_route=\/wp\/v2\/users\/3"}],"replies":[{"embeddable":true,"href":"https:\/\/www.rarom.ro\/index.php?rest_route=%2Fwp%2Fv2%2Fcomments&post=7699"}],"version-history":[{"count":1,"href":"https:\/\/www.rarom.ro\/index.php?rest_route=\/wp\/v2\/pages\/7699\/revisions"}],"predecessor-version":[{"id":7708,"href":"https:\/\/www.rarom.ro\/index.php?rest_route=\/wp\/v2\/pages\/7699\/revisions\/7708"}],"up":[{"embeddable":true,"href":"https:\/\/www.rarom.ro\/index.php?rest_route=\/wp\/v2\/pages\/7683"}],"wp:attachment":[{"href":"https:\/\/www.rarom.ro\/index.php?rest_route=%2Fwp%2Fv2%2Fmedia&parent=7699"}],"curies":[{"name":"wp","href":"https:\/\/api.w.org\/{rel}","templated":true}]}}