{"id":7693,"date":"2019-05-28T10:33:32","date_gmt":"2019-05-28T07:33:32","guid":{"rendered":"https:\/\/www.rarom.ro\/?page_id=7693"},"modified":"2019-05-28T11:09:13","modified_gmt":"2019-05-28T08:09:13","slug":"mazda-3","status":"publish","type":"page","link":"https:\/\/www.rarom.ro\/?page_id=7693","title":{"rendered":"Mazda 3"},"content":{"rendered":"<p><strong>Test: Mazda 3<\/strong><\/p>\n<p><a href=\"https:\/\/www.rarom.ro\/wp-content\/uploads\/2019\/05\/Test_Mazda_mare_245.jpg\"><img loading=\"lazy\" decoding=\"async\" class=\"size-full wp-image-7694 aligncenter\" src=\"https:\/\/www.rarom.ro\/wp-content\/uploads\/2019\/05\/Test_Mazda_mare_245.jpg\" alt=\"\" width=\"730\" height=\"450\" srcset=\"https:\/\/www.rarom.ro\/wp-content\/uploads\/2019\/05\/Test_Mazda_mare_245.jpg 730w, https:\/\/www.rarom.ro\/wp-content\/uploads\/2019\/05\/Test_Mazda_mare_245-300x185.jpg 300w\" sizes=\"auto, (max-width: 730px) 100vw, 730px\" \/><\/a><\/p>\n<p style=\"text-align: justify;\"><a href=\"https:\/\/www.rarom.ro\/wp-content\/uploads\/2019\/05\/Test_Mazda_pagini_245.jpg\"><img loading=\"lazy\" decoding=\"async\" class=\"alignleft size-full wp-image-7696\" src=\"https:\/\/www.rarom.ro\/wp-content\/uploads\/2019\/05\/Test_Mazda_pagini_245.jpg\" alt=\"\" width=\"250\" height=\"167\" \/><\/a>C\u00e2nd am privit noul hatch Mazda3 ordinea apelativelor a fost&#8230; &#8222;frumos&#8221;&#8230; &#8222;suplu&#8221;&#8230; iar dup\u0103 ce i-am dat un tur complet, nu \u015ftiu de ce am concluzionat \u00een maniera pove\u015ftilor japoneze despre lupt\u0103torii de la cur\u0163ile \u015fogunilor: &#8222;are o \u0163inut\u0103 aleas\u0103!&#8221;. Chiar dac\u0103 sub capot\u0103 se afl\u0103 noul diesel de 1,8 litri. [&#8230;]<\/p>\n","protected":false},"excerpt":{"rendered":"<p>Test: Mazda 3 C\u00e2nd am privit noul hatch Mazda3 ordinea apelativelor a fost&#8230; &#8222;frumos&#8221;&#8230; &#8222;suplu&#8221;&#8230; iar dup\u0103 ce i-am dat un tur complet, nu \u015ftiu de ce am concluzionat \u00een maniera pove\u015ftilor japoneze despre lupt\u0103torii de la cur\u0163ile \u015fogunilor: &#8222;are o \u0163inut\u0103 aleas\u0103!&#8221;. Chiar dac\u0103 sub capot\u0103 se afl\u0103 noul diesel de 1,8 litri. [&#8230;]<\/p>\n","protected":false},"author":3,"featured_media":0,"parent":7683,"menu_order":2,"comment_status":"closed","ping_status":"closed","template":"","meta":{"_acf_changed":false,"footnotes":""},"class_list":["post-7693","page","type-page","status-publish","hentry"],"acf":[],"_links":{"self":[{"href":"https:\/\/www.rarom.ro\/index.php?rest_route=\/wp\/v2\/pages\/7693","targetHints":{"allow":["GET"]}}],"collection":[{"href":"https:\/\/www.rarom.ro\/index.php?rest_route=\/wp\/v2\/pages"}],"about":[{"href":"https:\/\/www.rarom.ro\/index.php?rest_route=\/wp\/v2\/types\/page"}],"author":[{"embeddable":true,"href":"https:\/\/www.rarom.ro\/index.php?rest_route=\/wp\/v2\/users\/3"}],"replies":[{"embeddable":true,"href":"https:\/\/www.rarom.ro\/index.php?rest_route=%2Fwp%2Fv2%2Fcomments&post=7693"}],"version-history":[{"count":2,"href":"https:\/\/www.rarom.ro\/index.php?rest_route=\/wp\/v2\/pages\/7693\/revisions"}],"predecessor-version":[{"id":7739,"href":"https:\/\/www.rarom.ro\/index.php?rest_route=\/wp\/v2\/pages\/7693\/revisions\/7739"}],"up":[{"embeddable":true,"href":"https:\/\/www.rarom.ro\/index.php?rest_route=\/wp\/v2\/pages\/7683"}],"wp:attachment":[{"href":"https:\/\/www.rarom.ro\/index.php?rest_route=%2Fwp%2Fv2%2Fmedia&parent=7693"}],"curies":[{"name":"wp","href":"https:\/\/api.w.org\/{rel}","templated":true}]}}