{"id":7687,"date":"2019-05-28T10:31:08","date_gmt":"2019-05-28T07:31:08","guid":{"rendered":"https:\/\/www.rarom.ro\/?page_id=7687"},"modified":"2019-05-28T11:08:57","modified_gmt":"2019-05-28T08:08:57","slug":"hyundai-i30-fastback","status":"publish","type":"page","link":"https:\/\/www.rarom.ro\/?page_id=7687","title":{"rendered":"Hyundai i30 Fastback"},"content":{"rendered":"<p><strong>Test: Hyundai i30 Fastback<\/strong><\/p>\n<p><a href=\"https:\/\/www.rarom.ro\/wp-content\/uploads\/2019\/05\/Test_Hyundai_mare_245.jpg\"><img loading=\"lazy\" decoding=\"async\" class=\"size-full wp-image-7688 aligncenter\" src=\"https:\/\/www.rarom.ro\/wp-content\/uploads\/2019\/05\/Test_Hyundai_mare_245.jpg\" alt=\"\" width=\"730\" height=\"450\" srcset=\"https:\/\/www.rarom.ro\/wp-content\/uploads\/2019\/05\/Test_Hyundai_mare_245.jpg 730w, https:\/\/www.rarom.ro\/wp-content\/uploads\/2019\/05\/Test_Hyundai_mare_245-300x185.jpg 300w\" sizes=\"auto, (max-width: 730px) 100vw, 730px\" \/><\/a><\/p>\n<p style=\"text-align: justify;\"><a href=\"https:\/\/www.rarom.ro\/wp-content\/uploads\/2019\/05\/Test_Hyundai_pagini_245.jpg\"><img loading=\"lazy\" decoding=\"async\" class=\"alignleft size-full wp-image-7690\" src=\"https:\/\/www.rarom.ro\/wp-content\/uploads\/2019\/05\/Test_Hyundai_pagini_245.jpg\" alt=\"\" width=\"250\" height=\"167\" \/><\/a>Hyundai a decis \u00een urm\u0103 cu un sfert de secol s\u0103 fac\u0103 ma\u015fini pe gustul europenilor. Centrele de cercetare, dezvoltare \u015fi testare \u00eenfiin\u0163ate \u00een Germania, ultimul chiar \u00een perimetrul celebrului circuit Nurburgring, au garantat succesul pe pia\u0163a european\u0103 \u015fi, \u00een acela\u015fi timp, au alimentat apetitul pentru inova\u0163ie. Noul venit \u00een gam\u0103 o demonstreaz\u0103 cu prisosin\u0163\u0103. [&#8230;]<\/p>\n","protected":false},"excerpt":{"rendered":"<p>Test: Hyundai i30 Fastback Hyundai a decis \u00een urm\u0103 cu un sfert de secol s\u0103 fac\u0103 ma\u015fini pe gustul europenilor. Centrele de cercetare, dezvoltare \u015fi testare \u00eenfiin\u0163ate \u00een Germania, ultimul chiar \u00een perimetrul celebrului circuit Nurburgring, au garantat succesul pe pia\u0163a european\u0103 \u015fi, \u00een acela\u015fi timp, au alimentat apetitul pentru inova\u0163ie. Noul venit \u00een gam\u0103 [&hellip;]<\/p>\n","protected":false},"author":3,"featured_media":0,"parent":7683,"menu_order":1,"comment_status":"closed","ping_status":"closed","template":"","meta":{"_acf_changed":false,"footnotes":""},"class_list":["post-7687","page","type-page","status-publish","hentry"],"acf":[],"_links":{"self":[{"href":"https:\/\/www.rarom.ro\/index.php?rest_route=\/wp\/v2\/pages\/7687","targetHints":{"allow":["GET"]}}],"collection":[{"href":"https:\/\/www.rarom.ro\/index.php?rest_route=\/wp\/v2\/pages"}],"about":[{"href":"https:\/\/www.rarom.ro\/index.php?rest_route=\/wp\/v2\/types\/page"}],"author":[{"embeddable":true,"href":"https:\/\/www.rarom.ro\/index.php?rest_route=\/wp\/v2\/users\/3"}],"replies":[{"embeddable":true,"href":"https:\/\/www.rarom.ro\/index.php?rest_route=%2Fwp%2Fv2%2Fcomments&post=7687"}],"version-history":[{"count":1,"href":"https:\/\/www.rarom.ro\/index.php?rest_route=\/wp\/v2\/pages\/7687\/revisions"}],"predecessor-version":[{"id":7692,"href":"https:\/\/www.rarom.ro\/index.php?rest_route=\/wp\/v2\/pages\/7687\/revisions\/7692"}],"up":[{"embeddable":true,"href":"https:\/\/www.rarom.ro\/index.php?rest_route=\/wp\/v2\/pages\/7683"}],"wp:attachment":[{"href":"https:\/\/www.rarom.ro\/index.php?rest_route=%2Fwp%2Fv2%2Fmedia&parent=7687"}],"curies":[{"name":"wp","href":"https:\/\/api.w.org\/{rel}","templated":true}]}}