{"id":7683,"date":"2019-05-28T10:25:28","date_gmt":"2019-05-28T07:25:28","guid":{"rendered":"https:\/\/www.rarom.ro\/?page_id=7683"},"modified":"2019-05-28T11:08:42","modified_gmt":"2019-05-28T08:08:42","slug":"teste","status":"publish","type":"page","link":"https:\/\/www.rarom.ro\/?page_id=7683","title":{"rendered":"Teste"},"content":{"rendered":"<p><a href=\"https:\/\/www.rarom.ro\/wp-content\/uploads\/2019\/05\/Teste_Mai_2019.jpg\"><img loading=\"lazy\" decoding=\"async\" class=\"size-full wp-image-7684 aligncenter\" src=\"https:\/\/www.rarom.ro\/wp-content\/uploads\/2019\/05\/Teste_Mai_2019.jpg\" alt=\"\" width=\"730\" height=\"450\" srcset=\"https:\/\/www.rarom.ro\/wp-content\/uploads\/2019\/05\/Teste_Mai_2019.jpg 730w, https:\/\/www.rarom.ro\/wp-content\/uploads\/2019\/05\/Teste_Mai_2019-300x185.jpg 300w\" sizes=\"auto, (max-width: 730px) 100vw, 730px\" \/><\/a><\/p>\n<p><strong>EXPERIEN\u0162\u0102 APETISANT\u0102<\/strong><br \/>\n<strong>Test:<\/strong> <a href=\"https:\/\/www.rarom.ro\/?page_id=7687\">Hyundai i30 Fastback<\/a><\/p>\n<p><strong>STARE DE CALM<\/strong><br \/>\n<strong>Test:<\/strong> <a href=\"https:\/\/www.rarom.ro\/?page_id=7693\">Mazda 3<\/a><\/p>\n<p><strong>OFF-ROADER DE ORA\u015e<\/strong><br \/>\n<strong>Test:<\/strong> <a href=\"https:\/\/www.rarom.ro\/?page_id=7699\">Mitsubishi Outlander<\/a><\/p>\n<p><strong>BOLID PUR-S\u00c2NGE<\/strong><br \/>\n<strong>Test:<\/strong> <a href=\"https:\/\/www.rarom.ro\/?page_id=7709\">Ford Fiesta ST<\/a><\/p>\n","protected":false},"excerpt":{"rendered":"<p>EXPERIEN\u0162\u0102 APETISANT\u0102 Test: Hyundai i30 Fastback STARE DE CALM Test: Mazda 3 OFF-ROADER DE ORA\u015e Test: Mitsubishi Outlander BOLID PUR-S\u00c2NGE Test: Ford Fiesta ST<\/p>\n","protected":false},"author":3,"featured_media":0,"parent":7679,"menu_order":1,"comment_status":"closed","ping_status":"closed","template":"","meta":{"_acf_changed":false,"footnotes":""},"class_list":["post-7683","page","type-page","status-publish","hentry"],"acf":[],"_links":{"self":[{"href":"https:\/\/www.rarom.ro\/index.php?rest_route=\/wp\/v2\/pages\/7683","targetHints":{"allow":["GET"]}}],"collection":[{"href":"https:\/\/www.rarom.ro\/index.php?rest_route=\/wp\/v2\/pages"}],"about":[{"href":"https:\/\/www.rarom.ro\/index.php?rest_route=\/wp\/v2\/types\/page"}],"author":[{"embeddable":true,"href":"https:\/\/www.rarom.ro\/index.php?rest_route=\/wp\/v2\/users\/3"}],"replies":[{"embeddable":true,"href":"https:\/\/www.rarom.ro\/index.php?rest_route=%2Fwp%2Fv2%2Fcomments&post=7683"}],"version-history":[{"count":3,"href":"https:\/\/www.rarom.ro\/index.php?rest_route=\/wp\/v2\/pages\/7683\/revisions"}],"predecessor-version":[{"id":7744,"href":"https:\/\/www.rarom.ro\/index.php?rest_route=\/wp\/v2\/pages\/7683\/revisions\/7744"}],"up":[{"embeddable":true,"href":"https:\/\/www.rarom.ro\/index.php?rest_route=\/wp\/v2\/pages\/7679"}],"wp:attachment":[{"href":"https:\/\/www.rarom.ro\/index.php?rest_route=%2Fwp%2Fv2%2Fmedia&parent=7683"}],"curies":[{"name":"wp","href":"https:\/\/api.w.org\/{rel}","templated":true}]}}