{"id":768,"date":"2015-10-20T11:53:09","date_gmt":"2015-10-20T11:53:09","guid":{"rendered":"https:\/\/www.rarom.ro\/?page_id=768"},"modified":"2024-02-14T15:42:57","modified_gmt":"2024-02-14T13:42:57","slug":"poluare-si-consultanta-tehnica","status":"publish","type":"page","link":"https:\/\/www.rarom.ro\/?page_id=768","title":{"rendered":"Poluare \u015fi Consultan\u0163\u0103 Tehnic\u0103"},"content":{"rendered":"<p style=\"text-align: justify;\">Pentru demararea procesului, solicitantul descarc\u0103 \u015fi completeaz\u0103 cererea tip. Dup\u0103 completarea acesteia, aceasta se expediaz\u0103 <strong>pe adresa de e-mail:<\/strong> <a href=\"mailto:dpct@rarom.ro\">dpct@rarom.ro<\/a>, sau <strong>pe fax<\/strong> la num\u0103rul <strong>+4-021<\/strong>-318 17 75. De asemenea, documentele pot fi transmise la oricare dintre reprezentan\u0163ele RAR <strong>prin po\u015ft\u0103<\/strong>, sau <strong>depuse personal.<\/strong><\/p>\n<table border=\"1\" width=\"100%\" cellspacing=\"0\" cellpadding=\"10\" align=\"center\" bordercolor=\"#9ba3b6\">\n<tbody>\n<tr>\n<td style=\"padding-left: 10px;\" valign=\"top\" bgcolor=\"#415ca5\"><span style=\"color: #ffffff;\"><strong>1. Nume formular\/document:<\/strong> <\/span><br \/>\n<span style=\"color: #ffffff;\"> a. Cerere de consultan\u0163\u0103 tehnic\u0103 privind stabilirea gradului de poluare chimic\u0103<\/span><\/td>\n<td align=\"center\" valign=\"top\" bgcolor=\"#415ca5\" width=\"209\">\n<p align=\"center\"><span style=\"color: #ffffff;\">a. <a style=\"color: #ffffff;\" href=\"\/cs-uploads\/cerere_consultanta_privind_gradul_de_poluare_chimica.pdf\" target=\"_blank\" rel=\"noopener\">Descarc\u0103<\/a><\/span><\/p>\n<\/td>\n<\/tr>\n<tr>\n<td style=\"padding-left: 10px;\" colspan=\"2\" valign=\"top\">\n<p><strong>Scop formular\/document:<\/strong><\/p>\n<p>Se elibereaz\u0103 la cerere \u00een vederea stabilirii gradului de poluare chimic\u0103 pentru vehiculele ce se prezint\u0103 la RAR \u00een vederea ob\u0163inerii C\u0103r\u0163ii de Identitate a Vehiculului, Omolog\u0103rii \u00een vederea primei \u00eenmatricul\u0103ri \u00een Rom\u00e2nia.<\/p>\n<p><strong>Preciz\u0103ri de completare:<\/strong><\/p>\n<p>&#8211; Se completeaz\u0103 datele din formular\/document;<br \/>\n&#8211; Se ata\u015feaz\u0103 copie dup\u0103 cartea de identitate a vehiculului sau documentul de \u00eenmatriculare din \u0163ara de provenien\u0163\u0103 a vehiculului, eventual Certificatul de conformitate, \u00een cazul \u00een care este de\u0163inut de c\u0103tre proprietar.<\/p>\n<p><strong>Modalit\u0103\u0163i de trimitere:<br \/>\n<\/strong>E-mail, fax, po\u015ft\u0103 sau personal la oricare dintre sediile RAR.<\/p>\n<p><strong>Necesit\u0103 \u00eenregistrare:<\/strong> DA<\/td>\n<\/tr>\n<tr>\n<td style=\"padding-left: 10px;\" valign=\"top\" bgcolor=\"#415ca5\"><span style=\"color: #ffffff;\"><strong>2.Nume formular\/document:<\/strong><br \/>\na. Cerere de consultan\u0163\u0103 tehnic\u0103 pentru \u00eenlocuirea caroseriei\/\u015fasiului la un vehicul omologat\/\u00eenmatriculat \u00een Rom\u00e2nia<\/span><\/td>\n<td align=\"center\" valign=\"top\" bgcolor=\"#415ca5\">\n<p align=\"center\"><span style=\"color: #ffffff;\">a. <a style=\"color: #ffffff;\" href=\"\/cs-uploads\/F.PO-M000-02_01rev.0_2011.pdf\" target=\"_blank\" rel=\"noopener\">Descarc\u0103<\/a><\/span><\/p>\n<\/td>\n<\/tr>\n<tr>\n<td style=\"padding-left: 10px;\" colspan=\"2\" valign=\"top\">\n<p><strong>Scop formular\/document:<\/strong><\/p>\n<p>Se completeaz\u0103 \u00een vederea stabilirii acceptului de schimbare de caroserie\/\u015fasiu la vehiculele omologate\/\u00eenmatriculate \u00een Rom\u00e2nia. Se consider\u0103 c\u0103 dou\u0103 caroserii\/\u015fasiuri sunt compatibile dac\u0103 ele sunt destinate unor vehicule identice cel pu\u0163in \u00een ceea ce prive\u015fte urm\u0103toarele caracteristici:<\/p>\n<p>&#8211; Marca, admi\u0163\u00e2ndu-se ca excep\u0163ie vehiculele fabricate sub licen\u0163\u0103;<\/p>\n<p>&#8211; Tipul desemnat de c\u0103tre constructor \u00een conformitate cu defini\u0163ia din directiva-cadru specific\u0103 (pentru toate categoriile de vehicule);<\/p>\n<p>&#8211; Tipul caroseriei (numai pentru vehiculele din categoria M);<\/p>\n<p>&#8211; Num\u0103rul de axe (pentru toate categoriile de vehicule).<\/p>\n<p><strong>Nu se va elibera<\/strong> Nota privind \u00eenlocuirea de caroserie\/\u015fasiu la autovehiculele blocate \u00een baza de date a RAR., cu excep\u0163ia cazurilor instrumentate de entit\u0103\u0163ile abilitate ale Ministerului Administra\u0163iei \u015fi Internelor, pe baza acceptului acestora.<\/p>\n<p><strong>Nu se va elibera<\/strong> Nota privind \u00eenlocuirea de caroserie\/\u015fasiu \u00een situa\u0163ia \u00een care caroseriile\/\u015fasiurile care urmeaz\u0103 a le \u00eenlocui pe cele ini\u0163iale nu au poansonat num\u0103rul de identificare, \u00eentruc\u00e2t nu exist\u0103 certitudinea faptului c\u0103 sunt construite de firme autorizate. <strong>Fac excep\u0163ie<\/strong> subansamblurile noi, pentru care se prezint\u0103 un document de achizi\u0163ie din partea produc\u0103torului sau reprezentantului s\u0103u autorizat.<\/p>\n<p><strong>Preciz\u0103ri de completare:<br \/>\n<\/strong><\/p>\n<p>&#8211; Se completeaz\u0103 datele din formular\/document;<\/p>\n<p>&#8211; Se ata\u015feaz\u0103 copii dup\u0103 cartea de identitate a vehiculului, documentul de \u00eenmatriculare din \u0163ara de provenien\u0163\u0103 a vehiculului de la care provine caroseria\/\u015fasiul de schimb.<\/p>\n<p><strong>Modalit\u0103\u0163i de trimitere:<\/strong><\/p>\n<p>E-mail, fax, po\u015ft\u0103 sau personal la oricare dintre sediile RAR.<\/p>\n<p><strong>Necesit\u0103 \u00eenregistrare:<\/strong> DA<\/td>\n<\/tr>\n<tr>\n<td style=\"padding-left: 10px;\" valign=\"top\" bgcolor=\"#415ca5\"><span style=\"color: #ffffff;\"><strong>3.\u00a0Nume formular\/document:<br \/>\n<\/strong><\/span><span style=\"color: #ffffff;\">a. Cerere de consultan\u0163\u0103 privind \u00eenlocuirea motorului unui autovehicul omologat \u015fi \u00eenmatriculat \u00een Rom\u00e2nia<\/span><\/td>\n<td align=\"center\" valign=\"top\" bgcolor=\"#415ca5\">\n<p align=\"center\"><span style=\"color: #ffffff;\">a. <a style=\"color: #ffffff;\" href=\"\/cs-uploads\/cerere_consultanta_privind_inlocuirea_motorului.pdf\" target=\"_blank\" rel=\"noopener\">Descarc\u0103<\/a><\/span><\/p>\n<\/td>\n<\/tr>\n<tr>\n<td style=\"padding-left: 10px;\" colspan=\"2\" valign=\"top\">\n<p><strong>Scop formular\/document:<\/strong><\/p>\n<p>Scopul acestei cereri este de a stabili compatibilitatea din punct de vedere dinamic \u015fi a polu\u0103rii chimice la schimbarea motorului la un vehicul omologat\/\u00eenmatriculat \u00een Rom\u00e2nia.<\/p>\n<p><strong>Preciz\u0103ri de completare:<\/strong><\/p>\n<p>&#8211; Se completeaz\u0103 datele din formular\/document.<\/p>\n<p><strong>Modalit\u0103\u0163i de trimitere:<\/strong><\/p>\n<p>E-mail, fax, po\u015ft\u0103 sau personal la oricare dintre sediile RAR.<\/p>\n<p><strong>Necesit\u0103 \u00eenregistrare:<\/strong> DA<\/td>\n<\/tr>\n<\/tbody>\n<\/table>\n","protected":false},"excerpt":{"rendered":"<p>Pentru demararea procesului, solicitantul descarc\u0103 \u015fi completeaz\u0103 cererea tip. Dup\u0103 completarea acesteia, aceasta se expediaz\u0103 pe adresa de e-mail: dpct@rarom.ro, sau pe fax la num\u0103rul +4-021-318 17 75. De asemenea, documentele pot fi transmise la oricare dintre reprezentan\u0163ele RAR prin po\u015ft\u0103, sau depuse personal. 1. Nume formular\/document: a. Cerere de consultan\u0163\u0103 tehnic\u0103 privind stabilirea gradului [&hellip;]<\/p>\n","protected":false},"author":1,"featured_media":0,"parent":240,"menu_order":7,"comment_status":"closed","ping_status":"closed","template":"","meta":{"_acf_changed":false,"footnotes":""},"class_list":["post-768","page","type-page","status-publish","hentry"],"acf":[],"_links":{"self":[{"href":"https:\/\/www.rarom.ro\/index.php?rest_route=\/wp\/v2\/pages\/768","targetHints":{"allow":["GET"]}}],"collection":[{"href":"https:\/\/www.rarom.ro\/index.php?rest_route=\/wp\/v2\/pages"}],"about":[{"href":"https:\/\/www.rarom.ro\/index.php?rest_route=\/wp\/v2\/types\/page"}],"author":[{"embeddable":true,"href":"https:\/\/www.rarom.ro\/index.php?rest_route=\/wp\/v2\/users\/1"}],"replies":[{"embeddable":true,"href":"https:\/\/www.rarom.ro\/index.php?rest_route=%2Fwp%2Fv2%2Fcomments&post=768"}],"version-history":[{"count":5,"href":"https:\/\/www.rarom.ro\/index.php?rest_route=\/wp\/v2\/pages\/768\/revisions"}],"predecessor-version":[{"id":296473,"href":"https:\/\/www.rarom.ro\/index.php?rest_route=\/wp\/v2\/pages\/768\/revisions\/296473"}],"up":[{"embeddable":true,"href":"https:\/\/www.rarom.ro\/index.php?rest_route=\/wp\/v2\/pages\/240"}],"wp:attachment":[{"href":"https:\/\/www.rarom.ro\/index.php?rest_route=%2Fwp%2Fv2%2Fmedia&parent=768"}],"curies":[{"name":"wp","href":"https:\/\/api.w.org\/{rel}","templated":true}]}}