{"id":758,"date":"2015-10-20T11:44:01","date_gmt":"2015-10-20T11:44:01","guid":{"rendered":"https:\/\/www.rarom.ro\/?page_id=758"},"modified":"2025-05-12T15:20:16","modified_gmt":"2025-05-12T12:20:16","slug":"acordarea-numarului-national-de-registru","status":"publish","type":"page","link":"https:\/\/www.rarom.ro\/?page_id=758","title":{"rendered":"Acordarea num\u0103rului na\u0163ional de registru"},"content":{"rendered":"\n<p><em>Informa\u021bii utile privind activit\u0103\u021bile&nbsp;<a href=\"https:\/\/www.rarom.ro\/?page_id=676\"><strong>Omologare de Tip<\/strong><\/a>&nbsp;\u0219i&nbsp;<a href=\"https:\/\/www.rarom.ro\/?page_id=925\"><strong>Certificare Produse<\/strong><\/a><\/em><\/p>\n\n\n\n<hr>\n\n\n<table border=\"1\" width=\"100%\" cellpadding=\"10\" align=\"center\">\n<tbody>\n<tr>\n<td style=\"padding-left: 10px;\" valign=\"top\" bgcolor=\"#415ca5\">\n<p style=\"color: #ffffff;\"><strong>1. Nume formular\/document:<\/strong><br \/>a. Cerere oficial\u0103 pentru acordarea num\u0103rului na\u0163ional de registru (\u00eenregistrare na\u0163ional\u0103 de tip)<\/p>\n<p><span style=\"color: #ffffff;\">b.\u00a0Conven\u0163ie &#8211; Cadru\u00a0pentru acordarea num\u0103rului na\u0163ional de registru<\/span><\/p>\n<p><span style=\"color: #ffffff;\">c. \u00cemputernicire reprezentan\u021bi \u00een rela\u021bia cu RAR<\/span><\/p>\n<p><span style=\"color: #ffffff;\">d. Special Authorisation<\/span><\/p>\n<p><span style=\"color: #ffffff;\">e. Fi\u015f\u0103 cu date tehnice pentru \u00eenregistrarea na\u0163ional\u0103 de tip a unui vehicul omologat \u00een conformitate cu regulamentele cadru ale Uniunii Europene<\/span><\/p>\n<\/td>\n<td align=\"left\" valign=\"middle\" bgcolor=\"#415ca5\" width=\"209\">\n<p style=\"text-align: left;\" align=\"center\"><span style=\"color: #ffffff;\">a. <a style=\"color: #ffffff;\" href=\"\/cs-uploads\/Cerere acordare nr national de registru.pdf\" target=\"_blank\" rel=\"noopener\">Descarc\u0103<\/a> (format .pdf)<\/span><\/p>\n<p style=\"text-align: left;\" align=\"center\"><span style=\"color: #ffffff;\">b. <a style=\"color: #ffffff;\" href=\"\/cs-uploads\/Conventie cadru acordare nr national de registru.docx\" target=\"_blank\" rel=\"noopener\">Descarc\u0103<\/a> (format .docx)<\/span><\/p>\n<p style=\"text-align: left;\" align=\"center\"><span style=\"color: #ffffff;\">c. <a style=\"color: #ffffff;\" href=\"\/cs-uploads\/Imputernicire-RO.docx\" target=\"_blank\" rel=\"noopener\">Descarc\u0103<\/a> (format .docx)<\/span><\/p>\n<p style=\"text-align: left;\" align=\"center\"><span style=\"color: #ffffff;\">d. <a style=\"color: #ffffff;\" href=\"\/cs-uploads\/Imputernicire-EN.docx\" target=\"_blank\" rel=\"noopener\">Descarc\u0103<\/a> (format .docx)<\/span><\/p>\n<p style=\"text-align: left;\" align=\"center\"><span style=\"color: #ffffff;\">e. <a style=\"color: #ffffff;\" href=\"\/cs-uploads\/Fisa-date-tehnice.doc\" target=\"_blank\" rel=\"noopener\">Descarc\u0103<\/a> (format .doc)<\/span><\/p>\n<\/td>\n<\/tr>\n<tr>\n<td colspan=\"2\" valign=\"top\" bgcolor=\"#FFFFFF\">\n<p><strong>Scopul activit\u0103\u0163ii:<\/strong> \u00een vederea eliber\u0103rii CIV, RAR desf\u0103\u015foar\u0103 activitatea de acordarea num\u0103rului na\u0163ional de registru prin procedura de \u00eenregistrare na\u0163ional\u0103 de tip pentru vehiculele noi ce de\u0163in omologare UE de tip sau omologare na\u021bional\u0103 de tip a autovehiculelor \u0219i a remorcilor acestora produse \u00een serii mici, omologare na\u021bional\u0103 de tip a vehiculelor agricole sau forestiere, omologare na\u021bional\u0103 de tip a vehiculelor concepute \u0219i fabricate sau adaptate \u0219i echipate pentru a fi utilizate exclusiv de for\u021bele armate.<\/p>\n<p><strong>Necesit\u0103 \u00eenregistrare:\u00a0<\/strong>DA<\/p>\n<\/td>\n<\/tr>\n<\/tbody>\n<\/table>","protected":false},"excerpt":{"rendered":"<p>Informa\u021bii utile privind activit\u0103\u021bile&nbsp;Omologare de Tip&nbsp;\u0219i&nbsp;Certificare Produse 1. Nume formular\/document:a. Cerere oficial\u0103 pentru acordarea num\u0103rului na\u0163ional de registru (\u00eenregistrare na\u0163ional\u0103 de tip) b.\u00a0Conven\u0163ie &#8211; Cadru\u00a0pentru acordarea num\u0103rului na\u0163ional de registru c. \u00cemputernicire reprezentan\u021bi \u00een rela\u021bia cu RAR d. Special Authorisation e. Fi\u015f\u0103 cu date tehnice pentru \u00eenregistrarea na\u0163ional\u0103 de tip a unui vehicul omologat \u00een [&hellip;]<\/p>\n","protected":false},"author":1,"featured_media":0,"parent":756,"menu_order":2,"comment_status":"closed","ping_status":"closed","template":"","meta":{"_acf_changed":false,"footnotes":""},"class_list":["post-758","page","type-page","status-publish","hentry"],"acf":[],"_links":{"self":[{"href":"https:\/\/www.rarom.ro\/index.php?rest_route=\/wp\/v2\/pages\/758","targetHints":{"allow":["GET"]}}],"collection":[{"href":"https:\/\/www.rarom.ro\/index.php?rest_route=\/wp\/v2\/pages"}],"about":[{"href":"https:\/\/www.rarom.ro\/index.php?rest_route=\/wp\/v2\/types\/page"}],"author":[{"embeddable":true,"href":"https:\/\/www.rarom.ro\/index.php?rest_route=\/wp\/v2\/users\/1"}],"replies":[{"embeddable":true,"href":"https:\/\/www.rarom.ro\/index.php?rest_route=%2Fwp%2Fv2%2Fcomments&post=758"}],"version-history":[{"count":19,"href":"https:\/\/www.rarom.ro\/index.php?rest_route=\/wp\/v2\/pages\/758\/revisions"}],"predecessor-version":[{"id":299617,"href":"https:\/\/www.rarom.ro\/index.php?rest_route=\/wp\/v2\/pages\/758\/revisions\/299617"}],"up":[{"embeddable":true,"href":"https:\/\/www.rarom.ro\/index.php?rest_route=\/wp\/v2\/pages\/756"}],"wp:attachment":[{"href":"https:\/\/www.rarom.ro\/index.php?rest_route=%2Fwp%2Fv2%2Fmedia&parent=758"}],"curies":[{"name":"wp","href":"https:\/\/api.w.org\/{rel}","templated":true}]}}