{"id":7532,"date":"2019-04-03T09:04:37","date_gmt":"2019-04-03T06:04:37","guid":{"rendered":"https:\/\/www.rarom.ro\/?page_id=7532"},"modified":"2019-04-03T09:17:47","modified_gmt":"2019-04-03T06:17:47","slug":"bmw-x5","status":"publish","type":"page","link":"https:\/\/www.rarom.ro\/?page_id=7532","title":{"rendered":"BMW X5"},"content":{"rendered":"<p><strong>Test: BMW X5<\/strong><\/p>\n<p><a href=\"https:\/\/www.rarom.ro\/wp-content\/uploads\/2019\/04\/Test_BMW_mare_244.jpg\"><img loading=\"lazy\" decoding=\"async\" class=\"size-full wp-image-7533 aligncenter\" src=\"https:\/\/www.rarom.ro\/wp-content\/uploads\/2019\/04\/Test_BMW_mare_244.jpg\" alt=\"\" width=\"730\" height=\"450\" srcset=\"https:\/\/www.rarom.ro\/wp-content\/uploads\/2019\/04\/Test_BMW_mare_244.jpg 730w, https:\/\/www.rarom.ro\/wp-content\/uploads\/2019\/04\/Test_BMW_mare_244-300x185.jpg 300w\" sizes=\"auto, (max-width: 730px) 100vw, 730px\" \/><\/a><\/p>\n<p style=\"text-align: justify;\"><img loading=\"lazy\" decoding=\"async\" class=\"alignleft size-full wp-image-7535\" src=\"https:\/\/www.rarom.ro\/wp-content\/uploads\/2019\/04\/Test_BMW_pagini_244.jpg\" alt=\"\" width=\"250\" height=\"165\" \/>Noul BMW X5. Chiar \u015fi at\u00e2t spus este suficient pentru cei care \u00eei recunosc reputa\u0163ia. P\u00e2n\u0103 la urm\u0103 este vorba despre cel mai bine v\u00e2ndut SUV de categorie premium din lume. Adic\u0103 s-a mulat cu profesionalism unei foarte largi \u015fi eclectice game de gusturi, preferin\u0163e \u015fi nevoi. Cam 2.200.000&#8230; Deocamdat\u0103. [&#8230;]<\/p>\n<p style=\"clear: both;\">\n","protected":false},"excerpt":{"rendered":"<p>Test: BMW X5 Noul BMW X5. Chiar \u015fi at\u00e2t spus este suficient pentru cei care \u00eei recunosc reputa\u0163ia. P\u00e2n\u0103 la urm\u0103 este vorba despre cel mai bine v\u00e2ndut SUV de categorie premium din lume. Adic\u0103 s-a mulat cu profesionalism unei foarte largi \u015fi eclectice game de gusturi, preferin\u0163e \u015fi nevoi. Cam 2.200.000&#8230; Deocamdat\u0103. [&#8230;]<\/p>\n","protected":false},"author":3,"featured_media":0,"parent":7513,"menu_order":3,"comment_status":"closed","ping_status":"closed","template":"","meta":{"_acf_changed":false,"footnotes":""},"class_list":["post-7532","page","type-page","status-publish","hentry"],"acf":[],"_links":{"self":[{"href":"https:\/\/www.rarom.ro\/index.php?rest_route=\/wp\/v2\/pages\/7532","targetHints":{"allow":["GET"]}}],"collection":[{"href":"https:\/\/www.rarom.ro\/index.php?rest_route=\/wp\/v2\/pages"}],"about":[{"href":"https:\/\/www.rarom.ro\/index.php?rest_route=\/wp\/v2\/types\/page"}],"author":[{"embeddable":true,"href":"https:\/\/www.rarom.ro\/index.php?rest_route=\/wp\/v2\/users\/3"}],"replies":[{"embeddable":true,"href":"https:\/\/www.rarom.ro\/index.php?rest_route=%2Fwp%2Fv2%2Fcomments&post=7532"}],"version-history":[{"count":4,"href":"https:\/\/www.rarom.ro\/index.php?rest_route=\/wp\/v2\/pages\/7532\/revisions"}],"predecessor-version":[{"id":7577,"href":"https:\/\/www.rarom.ro\/index.php?rest_route=\/wp\/v2\/pages\/7532\/revisions\/7577"}],"up":[{"embeddable":true,"href":"https:\/\/www.rarom.ro\/index.php?rest_route=\/wp\/v2\/pages\/7513"}],"wp:attachment":[{"href":"https:\/\/www.rarom.ro\/index.php?rest_route=%2Fwp%2Fv2%2Fmedia&parent=7532"}],"curies":[{"name":"wp","href":"https:\/\/api.w.org\/{rel}","templated":true}]}}