{"id":7524,"date":"2019-04-03T09:01:38","date_gmt":"2019-04-03T06:01:38","guid":{"rendered":"https:\/\/www.rarom.ro\/?page_id=7524"},"modified":"2019-04-03T09:17:23","modified_gmt":"2019-04-03T06:17:23","slug":"renault-kadjar","status":"publish","type":"page","link":"https:\/\/www.rarom.ro\/?page_id=7524","title":{"rendered":"Renault Kadjar"},"content":{"rendered":"<p><strong>Test: Renault Kadjar<\/strong><\/p>\n<p><a href=\"https:\/\/www.rarom.ro\/wp-content\/uploads\/2019\/04\/Test_Renault_mare_244.jpg\"><img loading=\"lazy\" decoding=\"async\" class=\"size-full wp-image-7525 aligncenter\" src=\"https:\/\/www.rarom.ro\/wp-content\/uploads\/2019\/04\/Test_Renault_mare_244.jpg\" alt=\"\" width=\"730\" height=\"450\" srcset=\"https:\/\/www.rarom.ro\/wp-content\/uploads\/2019\/04\/Test_Renault_mare_244.jpg 730w, https:\/\/www.rarom.ro\/wp-content\/uploads\/2019\/04\/Test_Renault_mare_244-300x185.jpg 300w\" sizes=\"auto, (max-width: 730px) 100vw, 730px\" \/><\/a><\/p>\n<p style=\"text-align: justify;\"><a href=\"https:\/\/www.rarom.ro\/wp-content\/uploads\/2019\/04\/Test_Renault_pagini_244.jpg\"><img loading=\"lazy\" decoding=\"async\" class=\"alignleft size-full wp-image-7527\" src=\"https:\/\/www.rarom.ro\/wp-content\/uploads\/2019\/04\/Test_Renault_pagini_244.jpg\" alt=\"\" width=\"250\" height=\"165\" \/><\/a>Ambalat \u00een materiale \u015fi culori noi, cu un design \u00eemprosp\u0103tat \u015fi o personalitate mai puternic\u0103, noul Renault Kadjar \u00ee\u015fi demonstreaz\u0103 capacitatea de a se adapta la ritmul alert \u00een care evolueaz\u0103 clasa SUV-urilor compacte. [&#8230;]<\/p>\n<p style=\"clear: both;\">\n","protected":false},"excerpt":{"rendered":"<p>Test: Renault Kadjar Ambalat \u00een materiale \u015fi culori noi, cu un design \u00eemprosp\u0103tat \u015fi o personalitate mai puternic\u0103, noul Renault Kadjar \u00ee\u015fi demonstreaz\u0103 capacitatea de a se adapta la ritmul alert \u00een care evolueaz\u0103 clasa SUV-urilor compacte. [&#8230;]<\/p>\n","protected":false},"author":3,"featured_media":0,"parent":7513,"menu_order":2,"comment_status":"closed","ping_status":"closed","template":"","meta":{"_acf_changed":false,"footnotes":""},"class_list":["post-7524","page","type-page","status-publish","hentry"],"acf":[],"_links":{"self":[{"href":"https:\/\/www.rarom.ro\/index.php?rest_route=\/wp\/v2\/pages\/7524","targetHints":{"allow":["GET"]}}],"collection":[{"href":"https:\/\/www.rarom.ro\/index.php?rest_route=\/wp\/v2\/pages"}],"about":[{"href":"https:\/\/www.rarom.ro\/index.php?rest_route=\/wp\/v2\/types\/page"}],"author":[{"embeddable":true,"href":"https:\/\/www.rarom.ro\/index.php?rest_route=\/wp\/v2\/users\/3"}],"replies":[{"embeddable":true,"href":"https:\/\/www.rarom.ro\/index.php?rest_route=%2Fwp%2Fv2%2Fcomments&post=7524"}],"version-history":[{"count":2,"href":"https:\/\/www.rarom.ro\/index.php?rest_route=\/wp\/v2\/pages\/7524\/revisions"}],"predecessor-version":[{"id":7530,"href":"https:\/\/www.rarom.ro\/index.php?rest_route=\/wp\/v2\/pages\/7524\/revisions\/7530"}],"up":[{"embeddable":true,"href":"https:\/\/www.rarom.ro\/index.php?rest_route=\/wp\/v2\/pages\/7513"}],"wp:attachment":[{"href":"https:\/\/www.rarom.ro\/index.php?rest_route=%2Fwp%2Fv2%2Fmedia&parent=7524"}],"curies":[{"name":"wp","href":"https:\/\/api.w.org\/{rel}","templated":true}]}}