{"id":752,"date":"2015-10-20T11:40:24","date_gmt":"2015-10-20T11:40:24","guid":{"rendered":"https:\/\/www.rarom.ro\/?page_id=752"},"modified":"2024-09-04T14:15:03","modified_gmt":"2024-09-04T11:15:03","slug":"documente-certificare-produse","status":"publish","type":"page","link":"https:\/\/www.rarom.ro\/?page_id=752","title":{"rendered":"Certificare produse"},"content":{"rendered":"\n<p><\/p>\n\n\n\n<p><em>Informa\u021bii utile privind activit\u0103\u021bile&nbsp;<a href=\"https:\/\/www.rarom.ro\/?page_id=676\"><strong>Omologare de Tip<\/strong><\/a>&nbsp;\u0219i&nbsp;<a href=\"https:\/\/www.rarom.ro\/?page_id=925\"><strong>Certificare Produse<\/strong><\/a><\/em><\/p>\n\n\n\n<hr>\n\n\n<table border=\"1\" width=\"100%\" cellspacing=\"\" cellpadding=\"10\" align=\"center\">\n<tbody>\n<tr bgcolor=\"#ffffff\">\n<td style=\"padding-left: 10px;\" valign=\"top\" bgcolor=\"#415ca5\"><span style=\"color: #ffffff;\"><strong>1. Nume formular\/document:<br \/><\/strong>\u00a0a. Cererea pentru certificare<\/span><\/td>\n<td align=\"center\" valign=\"middle\" bgcolor=\"#415ca5\" width=\"209\">\n<p align=\"center\"><span style=\"color: #ffffff;\">a. <a style=\"color: #ffffff;\" href=\"\/cs-uploads\/cerere_certificare.pdf\" target=\"_blank\" rel=\"noopener\">Descarc\u0103 <\/a><\/span><\/p>\n<\/td>\n<\/tr>\n<tr bgcolor=\"#415ca5\">\n<td colspan=\"2\" valign=\"top\" bgcolor=\"#FFFFFF\">\n<p style=\"padding-left: 10px;\"><strong>Scop formular\/document:<\/strong><\/p>\n<p style=\"padding-left: 10px;\">Identificare solicitant \u015fi produse, declara\u0163ie solicitant, stabilire persoan\u0103 nominalizat\u0103 pentru rela\u0163ia cu DCP, notificare oficial\u0103 c\u0103tre RAR cu privire la inten\u0163ia certific\u0103rii produselor.<\/p>\n<p style=\"padding-left: 10px;\"><strong>Preciz\u0103ri de completare:<\/strong><\/p>\n<p style=\"padding-left: 10px;\">&#8211; Pct. 2.1: SISTEM DE CERTIFICARE \u015fi SCHEMA DE CERTIFICARE &#8211; vezi <a href=\"\/cs-uploads\/reguli.pdf\" target=\"_blank\" rel=\"noopener\">CAP. 6 DIN RG-00<\/a><\/p>\n<p style=\"padding-left: 10px;\"><strong>Modalit\u0103\u0163i de trimitere:\u00a0<\/strong>Fax\/e-mail (pdf)<\/p>\n<p style=\"padding-left: 10px;\"><strong>Necesit\u0103 \u00eenregistrare:<\/strong> DA<\/p>\n<\/td>\n<\/tr>\n<tr bgcolor=\"#FFFFFF\">\n<td style=\"padding-left: 10px;\" valign=\"middle\" bgcolor=\"#415ca5\"><span style=\"color: #ffffff;\"><strong>2. Nume formular\/document:<br \/><\/strong>a. Lista doc. solicitate \u00een vederea certific\u0103rii<\/span><\/td>\n<td align=\"center\" valign=\"middle\" bgcolor=\"#415ca5\">\n<p align=\"center\"><span style=\"color: #ffffff;\">a. <a style=\"color: #ffffff;\" href=\"\/cs-uploads\/doc_solicitate.pdf\" target=\"_blank\" rel=\"noopener\">Descarc\u0103 <\/a><\/span><\/p>\n<\/td>\n<\/tr>\n<tr bgcolor=\"#e1e6e6\">\n<td colspan=\"2\" valign=\"top\" bgcolor=\"#FFFFFF\">\n<p style=\"padding-left: 10px;\"><strong>Scop formular\/document:<\/strong><\/p>\n<p style=\"padding-left: 10px;\">Stabilirea documentelor care se depun la dosar.<\/p>\n<p style=\"padding-left: 10px;\"><strong>Preciz\u0103ri de completare:<\/strong><strong><br \/><\/strong><\/p>\n<p style=\"padding-left: 10px;\">&#8211; Se utilizeaz\u0103 schema de certificare aleas\u0103 la completarea cerereii de certificare;<\/p>\n<p style=\"padding-left: 10px;\">&#8211; Pe coloana corespunz\u0103toare num\u0103rului schemei de certificare se indentific\u0103 documentele care se depun la dosar.<\/p>\n<p style=\"padding-left: 10px;\"><strong>Modalit\u0103\u0163i de trimitere:<\/strong> E-mail sau po\u015ft\u0103<\/p>\n<p style=\"padding-left: 10px;\"><strong>Necesit\u0103 \u00eenregistrare:<\/strong> NU<\/p>\n<\/td>\n<\/tr>\n<tr bgcolor=\"#FFFFFF\">\n<td style=\"padding-left: 10px;\" valign=\"middle\" bgcolor=\"#415ca5\"><span style=\"color: #ffffff;\"><strong>3. Nume formular\/document:<br \/><\/strong>a. Chestionarul de autoevaluare<\/span><\/td>\n<td valign=\"middle\" bgcolor=\"#415ca5\">\n<p align=\"center\"><span style=\"color: #ffffff;\">a. <a style=\"color: #ffffff;\" href=\"\/cs-uploads\/chestionar_autoevaluare.pdf\" target=\"_blank\" rel=\"noopener\">Descarc\u0103 <\/a><\/span><\/p>\n<\/td>\n<\/tr>\n<tr bgcolor=\"#e1e6e6\">\n<td colspan=\"2\" valign=\"top\" bgcolor=\"#FFFFFF\">\n<p style=\"padding-left: 10px;\"><strong>Scop formular\/document:<br \/><\/strong><\/p>\n<p style=\"padding-left: 10px;\">Autoevaluarea capabilit\u0103\u0163ii tehnice \u015fi a cerin\u0163elor de managementul calit\u0103\u0163ii \u00een vederea certific\u0103rii.<\/p>\n<p style=\"padding-left: 10px;\"><strong>Preciz\u0103ri de completare:<br \/><\/strong><\/p>\n<p style=\"padding-left: 10px;\">&#8211; Se completeaz\u0103 de m\u00e2n\u0103 \u015fi se bifeaz\u0103 variantele aplicabile societ\u0103\u0163ii;<\/p>\n<p style=\"padding-left: 10px;\">&#8211; Se ata\u015feaz\u0103, obligatoriu formularului, anexa cu organigrama societ\u0103\u0163ii.<\/p>\n<p style=\"padding-left: 10px;\"><strong>Modalit\u0103\u0163i de trimitere:<\/strong> E-mail sau po\u015ft\u0103<\/p>\n<p style=\"padding-left: 10px;\"><strong>Necesit\u0103 \u00eenregistrare:<\/strong> NU<\/p>\n<\/td>\n<\/tr>\n<\/tbody>\n<\/table>\n<hr align=\"left\" size=\"1\" width=\"35%\" \/>\n<p><span style=\"color: #ff0000;\">Formularele se tip\u0103resc la imprimant\u0103, se completeaz\u0103 \u015fi apoi se transmit <strong>prin fax<\/strong> la nr.<strong> +4-021<\/strong>-350 82 88 sau se scaneaz\u0103 \u015fi se transmit <strong>prin e-mail<\/strong> la adresa <a href=\"mailto:dcp@rarom.ro\" target=\"_blank\" rel=\"noopener\">dcp@rarom.ro<\/a>, \u00eempreun\u0103 cu celelalte documente precizate \u00een Lista documentelor solicitate \u00een vederea autoriz\u0103rii.<br \/>De asemenea, formularele completate <strong>se pot aduce \u015fi personal<\/strong> la sediile DCP.<br \/>Adresele sediilor DCP se g\u0103sesc la <a href=\"https:\/\/www.rarom.ro\/?page_id=925\">Contact DCP<\/a>.<br \/><\/span><\/p>","protected":false},"excerpt":{"rendered":"<p>Informa\u021bii utile privind activit\u0103\u021bile&nbsp;Omologare de Tip&nbsp;\u0219i&nbsp;Certificare Produse 1. Nume formular\/document:\u00a0a. Cererea pentru certificare a. Descarc\u0103 Scop formular\/document: Identificare solicitant \u015fi produse, declara\u0163ie solicitant, stabilire persoan\u0103 nominalizat\u0103 pentru rela\u0163ia cu DCP, notificare oficial\u0103 c\u0103tre RAR cu privire la inten\u0163ia certific\u0103rii produselor. Preciz\u0103ri de completare: &#8211; Pct. 2.1: SISTEM DE CERTIFICARE \u015fi SCHEMA DE CERTIFICARE &#8211; vezi [&hellip;]<\/p>\n","protected":false},"author":1,"featured_media":0,"parent":756,"menu_order":3,"comment_status":"closed","ping_status":"closed","template":"","meta":{"_acf_changed":false,"footnotes":""},"class_list":["post-752","page","type-page","status-publish","hentry"],"acf":[],"_links":{"self":[{"href":"https:\/\/www.rarom.ro\/index.php?rest_route=\/wp\/v2\/pages\/752","targetHints":{"allow":["GET"]}}],"collection":[{"href":"https:\/\/www.rarom.ro\/index.php?rest_route=\/wp\/v2\/pages"}],"about":[{"href":"https:\/\/www.rarom.ro\/index.php?rest_route=\/wp\/v2\/types\/page"}],"author":[{"embeddable":true,"href":"https:\/\/www.rarom.ro\/index.php?rest_route=\/wp\/v2\/users\/1"}],"replies":[{"embeddable":true,"href":"https:\/\/www.rarom.ro\/index.php?rest_route=%2Fwp%2Fv2%2Fcomments&post=752"}],"version-history":[{"count":10,"href":"https:\/\/www.rarom.ro\/index.php?rest_route=\/wp\/v2\/pages\/752\/revisions"}],"predecessor-version":[{"id":297868,"href":"https:\/\/www.rarom.ro\/index.php?rest_route=\/wp\/v2\/pages\/752\/revisions\/297868"}],"up":[{"embeddable":true,"href":"https:\/\/www.rarom.ro\/index.php?rest_route=\/wp\/v2\/pages\/756"}],"wp:attachment":[{"href":"https:\/\/www.rarom.ro\/index.php?rest_route=%2Fwp%2Fv2%2Fmedia&parent=752"}],"curies":[{"name":"wp","href":"https:\/\/api.w.org\/{rel}","templated":true}]}}