{"id":7517,"date":"2019-04-03T08:58:55","date_gmt":"2019-04-03T05:58:55","guid":{"rendered":"https:\/\/www.rarom.ro\/?page_id=7517"},"modified":"2019-04-03T09:16:57","modified_gmt":"2019-04-03T06:16:57","slug":"mitsubishi-outlander-phev","status":"publish","type":"page","link":"https:\/\/www.rarom.ro\/?page_id=7517","title":{"rendered":"Mitsubishi Outlander PHEV"},"content":{"rendered":"<p><strong>Test: Mitsubishi Outlandrt PHEV<\/strong><\/p>\n<p><a href=\"https:\/\/www.rarom.ro\/wp-content\/uploads\/2019\/04\/Test_Mitsubishi_mare_244.jpg\"><img loading=\"lazy\" decoding=\"async\" class=\"size-full wp-image-7518 aligncenter\" src=\"https:\/\/www.rarom.ro\/wp-content\/uploads\/2019\/04\/Test_Mitsubishi_mare_244.jpg\" alt=\"\" width=\"730\" height=\"450\" srcset=\"https:\/\/www.rarom.ro\/wp-content\/uploads\/2019\/04\/Test_Mitsubishi_mare_244.jpg 730w, https:\/\/www.rarom.ro\/wp-content\/uploads\/2019\/04\/Test_Mitsubishi_mare_244-300x185.jpg 300w\" sizes=\"auto, (max-width: 730px) 100vw, 730px\" \/><\/a><\/p>\n<p style=\"text-align: justify;\"><a href=\"https:\/\/www.rarom.ro\/wp-content\/uploads\/2019\/04\/Test_Mitsubishi_pagini_244.jpg\"><img loading=\"lazy\" decoding=\"async\" class=\"alignleft size-full wp-image-7520\" src=\"https:\/\/www.rarom.ro\/wp-content\/uploads\/2019\/04\/Test_Mitsubishi_pagini_244.jpg\" alt=\"\" width=\"250\" height=\"165\" \/><\/a>Lansat\u0103 anul trecut, cea de-a doua genera\u0163ie Outlander PHEV este considerat\u0103 de constructorul japonez noul produs reprezentativ de brand. Re\u0163eta lui respect\u0103 strategia central\u0103 de produs a Mitsubishi care \u00eembin\u0103 caroseria de SUV cu un EV plug-in hibrid ce implic\u0103 dou\u0103 motoare electrice, unul cu ardere intern\u0103 \u015fi un generator. [&#8230;]<\/p>\n","protected":false},"excerpt":{"rendered":"<p>Test: Mitsubishi Outlandrt PHEV Lansat\u0103 anul trecut, cea de-a doua genera\u0163ie Outlander PHEV este considerat\u0103 de constructorul japonez noul produs reprezentativ de brand. Re\u0163eta lui respect\u0103 strategia central\u0103 de produs a Mitsubishi care \u00eembin\u0103 caroseria de SUV cu un EV plug-in hibrid ce implic\u0103 dou\u0103 motoare electrice, unul cu ardere intern\u0103 \u015fi un generator. [&#8230;]<\/p>\n","protected":false},"author":3,"featured_media":0,"parent":7513,"menu_order":1,"comment_status":"closed","ping_status":"closed","template":"","meta":{"_acf_changed":false,"footnotes":""},"class_list":["post-7517","page","type-page","status-publish","hentry"],"acf":[],"_links":{"self":[{"href":"https:\/\/www.rarom.ro\/index.php?rest_route=\/wp\/v2\/pages\/7517","targetHints":{"allow":["GET"]}}],"collection":[{"href":"https:\/\/www.rarom.ro\/index.php?rest_route=\/wp\/v2\/pages"}],"about":[{"href":"https:\/\/www.rarom.ro\/index.php?rest_route=\/wp\/v2\/types\/page"}],"author":[{"embeddable":true,"href":"https:\/\/www.rarom.ro\/index.php?rest_route=\/wp\/v2\/users\/3"}],"replies":[{"embeddable":true,"href":"https:\/\/www.rarom.ro\/index.php?rest_route=%2Fwp%2Fv2%2Fcomments&post=7517"}],"version-history":[{"count":2,"href":"https:\/\/www.rarom.ro\/index.php?rest_route=\/wp\/v2\/pages\/7517\/revisions"}],"predecessor-version":[{"id":7523,"href":"https:\/\/www.rarom.ro\/index.php?rest_route=\/wp\/v2\/pages\/7517\/revisions\/7523"}],"up":[{"embeddable":true,"href":"https:\/\/www.rarom.ro\/index.php?rest_route=\/wp\/v2\/pages\/7513"}],"wp:attachment":[{"href":"https:\/\/www.rarom.ro\/index.php?rest_route=%2Fwp%2Fv2%2Fmedia&parent=7517"}],"curies":[{"name":"wp","href":"https:\/\/api.w.org\/{rel}","templated":true}]}}