{"id":748,"date":"2015-10-20T11:37:39","date_gmt":"2015-10-20T11:37:39","guid":{"rendered":"https:\/\/www.rarom.ro\/?page_id=748"},"modified":"2024-02-15T11:43:51","modified_gmt":"2024-02-15T09:43:51","slug":"autorizare-statii-itp","status":"publish","type":"page","link":"https:\/\/www.rarom.ro\/?page_id=748","title":{"rendered":"Autorizare sta\u0163ii ITP"},"content":{"rendered":"<p class=\"p1\"><span class=\"s1\"><a href=\"https:\/\/www.rarom.ro\/?page_id=885\">Informa\u0163ii utile privind autorizarea sta\u0163iilor ITP<\/a><\/span><\/p>\n<table border=\"1\" width=\"100%\" cellpadding=\"10\" align=\"center\">\n<tbody>\n<tr>\n<td style=\"padding-left: 10px;\" valign=\"top\" bgcolor=\"#415ca5\" width=\"609\"><span style=\"color: #ffffff;\"><strong>1. Nume formular\/document:<br \/>\n<\/strong>a. Cerere pentru autorizarea\/reautorizarea sta\u0163iei de inspec\u0163ie tehnic\u0103 a vehiculelor rutiere<\/span><\/td>\n<td align=\"left\" valign=\"middle\" bgcolor=\"#415ca5\" width=\"290\">\n<p align=\"center\"><span style=\"color: #ffffff;\">a. <a style=\"color: #ffffff;\" href=\"\/cs-uploads\/Cerere_ITP.pdf\" target=\"_blank\" rel=\"noopener noreferrer\">Descarc\u0103<\/a><\/span><\/p>\n<\/td>\n<\/tr>\n<tr>\n<td colspan=\"2\" valign=\"top\" bgcolor=\"#FFFFFF\">\n<p style=\"padding-left: 10px;\"><strong>Scop formular\/document:<\/strong><\/p>\n<p style=\"padding-left: 10px;\">Se notific\u0103 oficial c\u0103tre RAR inten\u0163ia autoriz\u0103rii\/reautorizarii operatorului economic;<br \/>\n<span style=\"color: #ff0000;\">Documentul este obligatoriu <\/span>pentru deschiderea dosarului de autorizare\/reautorizare.<\/p>\n<p style=\"padding-left: 10px;\"><strong>Preciz\u0103ri de completare:<\/strong> sunt men\u0163ionate \u00een formular<\/p>\n<p style=\"padding-left: 10px;\"><strong>Modalit\u0103\u0163i de trimitere: <\/strong>Po\u015ft\u0103\/E-mail sau delegat, \u00eempreun\u0103 cu Chestionarul de Autoevaluare se ata\u015feaz\u0103 la dosarul de autorizare\/reautorizare.<\/p>\n<p style=\"padding-left: 10px;\"><strong>Necesit\u0103 \u00eenregistrare: <\/strong>NU<\/p>\n<\/td>\n<\/tr>\n<tr>\n<td style=\"padding-left: 10px;\" valign=\"top\" bgcolor=\"#415ca5\"><span style=\"color: #ffffff;\"><strong>2. Nume formular\/document:<br \/>\n<\/strong>a. Chestionar de autoevaluare a capabilit\u0103\u0163ii tehnice \u00een vederea autoriz\u0103rii sta\u0163iei de inspec\u0163ie tehnic\u0103 periodic\u0103 <strong><br \/>\n<\/strong><\/span><\/td>\n<td align=\"left\" valign=\"middle\" bgcolor=\"#415ca5\">\n<p align=\"center\"><span style=\"color: #ffffff;\">a. <a style=\"color: #ffffff;\" href=\"\/cs-uploads\/Chestionar_ITP.pdf\" target=\"_blank\" rel=\"noopener noreferrer\">Descarc\u0103<\/a><\/span><\/p>\n<\/td>\n<\/tr>\n<tr>\n<td colspan=\"2\" valign=\"top\" bgcolor=\"#FFFFFF\" height=\"121\">\n<p style=\"padding-left: 10px;\"><strong>Scop formular\/document:<\/strong><\/p>\n<p style=\"padding-left: 10px;\">Autoevaluarea capabilit\u0103\u0163ii tehnice \u00een vederea autoriz\u0103rii\/reautoriz\u0103rii;<br \/>\n<span style=\"color: #ff0000;\">Documentul face parte <\/span>din componen\u0163a dosarului de autorizare\/reautorizare.<\/p>\n<p style=\"padding-left: 10px;\"><strong>Necesit\u0103 \u00eenregistrare: <\/strong>NU<\/p>\n<\/td>\n<\/tr>\n<\/tbody>\n<\/table>\n<p style=\"text-align: justify;\">Dosarul complet se depune la sediile reprezentan\u0163elor jude\u0163ene RAR sau \u00een Bucure\u015fti la sediul OCS din Bulevardul Expozi\u021biei nr. 1K, sector 1, \u00een vederea aloc\u0103rii num\u0103rului de identificare cod dosar \u015fi stabilirea de efectuare a auditului de autorizare\/reautorizare.<\/p>\n<hr align=\"left\" size=\"1\" width=\"35%\" \/>\n<p style=\"text-align: justify;\"><span style=\"color: #ff0000;\">Formularele se tip\u0103resc la imprimant\u0103, se completeaz\u0103 \u015fi apoi se transmit <strong>prin e-mail<\/strong> la adresa <\/span><a href=\"mailto:ocs@rarom.ro\">ocs@rarom.ro<\/a><span style=\"color: #ff0000;\">.<\/span><span style=\"color: #ff0000;\"><br \/>\nDe asemenea, formularele completate <strong>se pot aduce \u015fi personal<\/strong> la sediile reprezentan\u0163elor jude\u0163ene ale R.A.R., iar \u00een Bucure\u015fti la sediul OCS din Bulevardul Expozi\u021biei nr. 1K, sector 1.<\/span><br \/>\n<span style=\"color: #ff0000;\"> Adresele reprezentan\u0163elor se g\u0103sesc ap\u0103s\u00e2nd butonul &#8222;<\/span><a href=\"https:\/\/www.rarom.ro\/?page_id=16\">Contact<\/a><span style=\"color: #ff0000;\">&#8221; din partea de sus a paginii.<\/span><\/p>\n<p style=\"text-align: justify;\">\n","protected":false},"excerpt":{"rendered":"<p>Informa\u0163ii utile privind autorizarea sta\u0163iilor ITP 1. Nume formular\/document: a. Cerere pentru autorizarea\/reautorizarea sta\u0163iei de inspec\u0163ie tehnic\u0103 a vehiculelor rutiere a. Descarc\u0103 Scop formular\/document: Se notific\u0103 oficial c\u0103tre RAR inten\u0163ia autoriz\u0103rii\/reautorizarii operatorului economic; Documentul este obligatoriu pentru deschiderea dosarului de autorizare\/reautorizare. Preciz\u0103ri de completare: sunt men\u0163ionate \u00een formular Modalit\u0103\u0163i de trimitere: Po\u015ft\u0103\/E-mail sau delegat, \u00eempreun\u0103 [&hellip;]<\/p>\n","protected":false},"author":1,"featured_media":0,"parent":733,"menu_order":3,"comment_status":"closed","ping_status":"closed","template":"","meta":{"_acf_changed":false,"footnotes":""},"class_list":["post-748","page","type-page","status-publish","hentry"],"acf":[],"_links":{"self":[{"href":"https:\/\/www.rarom.ro\/index.php?rest_route=\/wp\/v2\/pages\/748","targetHints":{"allow":["GET"]}}],"collection":[{"href":"https:\/\/www.rarom.ro\/index.php?rest_route=\/wp\/v2\/pages"}],"about":[{"href":"https:\/\/www.rarom.ro\/index.php?rest_route=\/wp\/v2\/types\/page"}],"author":[{"embeddable":true,"href":"https:\/\/www.rarom.ro\/index.php?rest_route=\/wp\/v2\/users\/1"}],"replies":[{"embeddable":true,"href":"https:\/\/www.rarom.ro\/index.php?rest_route=%2Fwp%2Fv2%2Fcomments&post=748"}],"version-history":[{"count":16,"href":"https:\/\/www.rarom.ro\/index.php?rest_route=\/wp\/v2\/pages\/748\/revisions"}],"predecessor-version":[{"id":296508,"href":"https:\/\/www.rarom.ro\/index.php?rest_route=\/wp\/v2\/pages\/748\/revisions\/296508"}],"up":[{"embeddable":true,"href":"https:\/\/www.rarom.ro\/index.php?rest_route=\/wp\/v2\/pages\/733"}],"wp:attachment":[{"href":"https:\/\/www.rarom.ro\/index.php?rest_route=%2Fwp%2Fv2%2Fmedia&parent=748"}],"curies":[{"name":"wp","href":"https:\/\/api.w.org\/{rel}","templated":true}]}}