{"id":746,"date":"2015-10-20T11:05:47","date_gmt":"2015-10-20T11:05:47","guid":{"rendered":"https:\/\/www.rarom.ro\/?page_id=746"},"modified":"2024-02-15T11:41:18","modified_gmt":"2024-02-15T09:41:18","slug":"autorizare-ateliere-montarereparare-verificare-tlv","status":"publish","type":"page","link":"https:\/\/www.rarom.ro\/?page_id=746","title":{"rendered":"Autorizare ateliere care instaleaz\u0103\/repar\u0103\/efectueaz\u0103 inspec\u021bii TLV"},"content":{"rendered":"<p><a href=\"\/cs-uploads\/FA_1listTLV.pdf\" target=\"_blank\" rel=\"noopener noreferrer\">Lista documentelor necesare pentru autorizarea Operatorilor Economici<\/a><br \/>\n(ateliere care instaleaz\u0103\/repar\u0103\/efectueaz\u0103 inspec\u021bii TLV)<\/p>\n<p><a href=\"https:\/\/www.rarom.ro\/?page_id=886\">Informa\u0163ii utile privind autorizarea atelierelor TLV<\/a><\/p>\n<table border=\"1\" width=\"100%\" cellpadding=\"10\" align=\"center\">\n<tbody>\n<tr>\n<td style=\"padding-left: 10px;\" valign=\"top\" bgcolor=\"#415ca5\" width=\"609\"><span style=\"color: #ffffff;\"><strong>1. Nume formular\/document:<br \/>\n<\/strong>a. Cerere tip pentru autorizare <strong><br \/>\n<\/strong><\/span><\/td>\n<td align=\"left\" valign=\"middle\" bgcolor=\"#415ca5\">\n<p align=\"center\"><span style=\"color: #ffffff;\">a. <a style=\"color: #ffffff;\" href=\"\/cs-uploads\/FA2_cer_tlv.pdf\" target=\"_blank\" rel=\"noopener noreferrer\">Descarc\u0103 <\/a><\/span><\/p>\n<\/td>\n<\/tr>\n<tr>\n<td colspan=\"2\" valign=\"top\" bgcolor=\"#FFFFFF\">\n<p style=\"padding-left: 10px;\"><strong>Scop formular\/document:<\/strong><br \/>\nSe notific\u0103 oficial c\u0103tre RAR inten\u0163ia autoriz\u0103rii Operatorului Economic;<br \/>\n<span style=\"color: #ff0000;\">Documentul este obligatoriu<\/span> pentru deschiderea dosarului de autorizare.<\/p>\n<p style=\"padding-left: 10px;\"><strong>Preciz\u0103ri de completare:<\/strong><br \/>\nSunt men\u0163ionate \u00een formular<\/p>\n<p style=\"padding-left: 10px;\"><strong>Necesit\u0103 \u00eenregistrare:<\/strong><br \/>\nNU (formularul preia codul dosarului \u00eenscris \u00een Contractul de Autorizarea Operatorilor Economici)<\/p>\n<\/td>\n<\/tr>\n<\/tbody>\n<tbody>\n<tr>\n<td style=\"padding-left: 10px;\" valign=\"top\" bgcolor=\"#415ca5\"><span style=\"color: #ffffff;\"><strong>2. Nume formular\/document:<br \/>\n<\/strong>a. Declara\u0163ia de onorabilitate, obiectivitate \u0219i neutralitate<\/span><\/td>\n<td align=\"left\" valign=\"middle\" bgcolor=\"#415ca5\">\n<p align=\"center\"><span style=\"color: #ffffff;\">a. <a style=\"color: #ffffff;\" href=\"\/cs-uploads\/F_MCTAUD7tlv.pdf\" target=\"_blank\" rel=\"noopener noreferrer\">Descarc\u0103 <\/a><\/span><\/p>\n<\/td>\n<\/tr>\n<tr>\n<td colspan=\"2\" valign=\"top\" bgcolor=\"#FFFFFF\">\n<p style=\"padding-left: 10px;\"><strong>Scop formular\/document: <\/strong><br \/>\nExprima condi\u0163iile de onorabilitate, obiectivitate \u0219i neutralitate a conduc\u0103torului operatorului economic, consemnate \u00een declara\u0163ie pe propria r\u0103spundere, scris\u0103, privind inexisten\u0163a unui cazier personal;<br \/>\n<span style=\"color: #ff0000;\">Documentul face parte<\/span> din componen\u0163a dosarului de autorizare.<\/p>\n<p style=\"padding-left: 10px;\"><strong>Modalit\u0103\u0163i de trimitere:<\/strong><br \/>\nPo\u015ft\u0103 sau delegat<\/p>\n<\/td>\n<\/tr>\n<\/tbody>\n<\/table>\n<hr align=\"left\" size=\"1\" width=\"35%\" \/>\n<p style=\"text-align: justify;\"><span style=\"color: #ff0000;\">Formularele se tip\u0103resc la imprimant\u0103, se completeaz\u0103 \u015fi apoi se transmit <strong>prin e-mail<\/strong> la adresa <\/span><a href=\"mailto:ocs@rarom.ro\">ocs@rarom.ro<\/a><span style=\"color: #ff0000;\">.<br \/>\nDe asemenea, formularele completate <strong>se pot aduce \u015fi personal<\/strong> la sediile reprezentan\u0163elor jude\u0163ene ale R.A.R., iar \u00een Bucure\u015fti la sediul OCS din Bulevardul Expozi\u021biei nr. 1K, sector 1.<br \/>\nAdresele reprezentan\u0163elor se g\u0103sesc ap\u0103s\u00e2nd butonul <a href=\"https:\/\/www.rarom.ro\/?page_id=16\">&#8222;Contact&#8221;<\/a> din partea de sus a paginii.<\/span><\/p>\n","protected":false},"excerpt":{"rendered":"<p>Lista documentelor necesare pentru autorizarea Operatorilor Economici (ateliere care instaleaz\u0103\/repar\u0103\/efectueaz\u0103 inspec\u021bii TLV) Informa\u0163ii utile privind autorizarea atelierelor TLV 1. Nume formular\/document: a. Cerere tip pentru autorizare a. Descarc\u0103 Scop formular\/document: Se notific\u0103 oficial c\u0103tre RAR inten\u0163ia autoriz\u0103rii Operatorului Economic; Documentul este obligatoriu pentru deschiderea dosarului de autorizare. Preciz\u0103ri de completare: Sunt men\u0163ionate \u00een formular Necesit\u0103 [&hellip;]<\/p>\n","protected":false},"author":1,"featured_media":0,"parent":733,"menu_order":5,"comment_status":"closed","ping_status":"closed","template":"","meta":{"_acf_changed":false,"footnotes":""},"class_list":["post-746","page","type-page","status-publish","hentry"],"acf":[],"_links":{"self":[{"href":"https:\/\/www.rarom.ro\/index.php?rest_route=\/wp\/v2\/pages\/746","targetHints":{"allow":["GET"]}}],"collection":[{"href":"https:\/\/www.rarom.ro\/index.php?rest_route=\/wp\/v2\/pages"}],"about":[{"href":"https:\/\/www.rarom.ro\/index.php?rest_route=\/wp\/v2\/types\/page"}],"author":[{"embeddable":true,"href":"https:\/\/www.rarom.ro\/index.php?rest_route=\/wp\/v2\/users\/1"}],"replies":[{"embeddable":true,"href":"https:\/\/www.rarom.ro\/index.php?rest_route=%2Fwp%2Fv2%2Fcomments&post=746"}],"version-history":[{"count":12,"href":"https:\/\/www.rarom.ro\/index.php?rest_route=\/wp\/v2\/pages\/746\/revisions"}],"predecessor-version":[{"id":296505,"href":"https:\/\/www.rarom.ro\/index.php?rest_route=\/wp\/v2\/pages\/746\/revisions\/296505"}],"up":[{"embeddable":true,"href":"https:\/\/www.rarom.ro\/index.php?rest_route=\/wp\/v2\/pages\/733"}],"wp:attachment":[{"href":"https:\/\/www.rarom.ro\/index.php?rest_route=%2Fwp%2Fv2%2Fmedia&parent=746"}],"curies":[{"name":"wp","href":"https:\/\/api.w.org\/{rel}","templated":true}]}}