{"id":742,"date":"2015-10-20T11:02:06","date_gmt":"2015-10-20T11:02:06","guid":{"rendered":"https:\/\/www.rarom.ro\/?page_id=742"},"modified":"2024-02-15T11:42:33","modified_gmt":"2024-02-15T09:42:33","slug":"autorizare-ateliere-modificari","status":"publish","type":"page","link":"https:\/\/www.rarom.ro\/?page_id=742","title":{"rendered":"Autorizare ateliere modific\u0103ri constructive inclusiv aplicare folie"},"content":{"rendered":"<p style=\"text-align: justify;\">Pentru demararea procesului, solicitantul descarc\u0103, analizeaz\u0103 \u015fi completeaz\u0103 cererea tip \u015fi chestionarul de autoevaluare. Cele dou\u0103 documente \u00een format electronic \u00eempreun\u0103 cu anexele cerute \u00een chestionarul de autoevaluare se expediaz\u0103 pe adresa de mail:\u00a0<a href=\"mailto:ocs@rarom.ro\">ocs@rarom.ro<\/a>.<\/p>\n<p style=\"text-align: justify;\" align=\"left\">\u00cen urma transmiterii cererii, persoana \u00eemputernicit\u0103 va fi contactat\u0103 de coordonatorul de autorizare RAR pentru continuarea procedurii.<\/p>\n<table border=\"1\" width=\"100%\" cellpadding=\"10\" align=\"center\">\n<tbody>\n<tr>\n<td style=\"padding-left: 10px;\" valign=\"top\" bgcolor=\"#415ca5\" width=\"609\"><span style=\"color: #ffffff;\"><strong>1. Nume formular\/document:<\/strong><br \/>\na. Cerere tip pentru autorizare<\/span><\/td>\n<td align=\"left\" valign=\"middle\" bgcolor=\"#415ca5\">\n<p align=\"center\"><span style=\"color: #ffffff;\">a. <a style=\"color: #ffffff;\" href=\"\/cs-uploads\/01_Cerere_tip_autorizare.pdf\" target=\"_blank\" rel=\"noopener noreferrer\">Descarc\u0103 <\/a><\/span><\/p>\n<\/td>\n<\/tr>\n<tr>\n<td colspan=\"2\" valign=\"top\" bgcolor=\"#FFFFFF\">\n<p style=\"padding-left: 10px;\"><strong>Scop formular\/document:<\/strong><br \/>\nSe notific\u0103 oficial c\u0103tre RAR inten\u0163ia autoriz\u0103rii agentului economic;<br \/>\n<span style=\"color: #ff0000;\">Documentul este obligatoriu<\/span> pentru deschiderea dosarului de autorizare.<\/p>\n<p style=\"padding-left: 10px; text-align: left;\"><strong>Preciz\u0103ri de completare: <\/strong><br \/>\n&#8211; Se declar\u0103 exact datele administrative ale societ\u0103\u0163ii inclusiv adresele sediului social \u015fi ale punctelor de lucru;<br \/>\n&#8211; Se declar\u0103 la pct.7, m\u0103rcile \u015fi tipurile de vehicule pentru care se dore\u015fte autorizarea ini\u0163ial\u0103;<br \/>\n&#8211; Se declar\u0103 la pct.8, tipurile de echipamente pentru a c\u0103ror instalare se dore\u015fte autorizarea ini\u0163ial\u0103;<br \/>\n&#8211; Se declar\u0103 la pct.10 clasele de activit\u0103\u0163i pentru care se dore\u015fte autorizarea ini\u0163ial\u0103, conform formular 6;<br \/>\n&#8211; Persoana \u00eemputernicit\u0103 va \u0163ine leg\u0103tura cu coordonatorul de autorizare al RAR.<\/p>\n<p style=\"padding-left: 10px; text-align: left;\"><strong>Modalit\u0103\u0163i de trimitere:<\/strong><br \/>\nFax\/e-mail (pdf)<\/p>\n<p style=\"padding-left: 10px; text-align: left;\"><strong>Necesit\u0103 \u00eenregistrare:<\/strong> DA<\/p>\n<\/td>\n<\/tr>\n<tr>\n<td style=\"padding-left: 10px;\" valign=\"top\" bgcolor=\"#415ca5\"><span style=\"color: #ffffff;\"><strong>2. Nume formular\/document:<\/strong><br \/>\na. Chestionarul de autoevaluare<\/span><\/td>\n<td align=\"left\" valign=\"middle\" bgcolor=\"#415ca5\">\n<p align=\"center\"><span style=\"color: #ffffff;\">a. <a style=\"color: #ffffff;\" href=\"\/cs-uploads\/02_Chestionar_de_autoevaluare.pdf\" target=\"_blank\" rel=\"noopener noreferrer\">Descarc\u0103 <\/a><\/span><\/p>\n<\/td>\n<\/tr>\n<tr>\n<td colspan=\"2\" valign=\"top\" bgcolor=\"#FFFFFF\">\n<p style=\"padding-left: 10px; text-align: left;\"><strong>Scop formular\/document: <\/strong><br \/>\nAutoevaluarea capabilit\u0103\u0163ii tehnice \u015fi a cerin\u0163elor de managementul calit\u0103\u0163ii \u00een vederea autoriz\u0103rii;<br \/>\n<span style=\"color: #ff0000;\">Documentul este obligatoriu <\/span>pentru deschiderea dosarului de autorizare.<\/p>\n<p style=\"padding-left: 10px; text-align: left;\"><strong>Preciz\u0103ri de completare: <\/strong><br \/>\n&#8211; Se completeaz\u0103 de m\u00e2n\u0103 \u015fi se bifeaz\u0103 variantele aplicabile societ\u0103\u0163ii;<br \/>\n&#8211; Se ata\u015feaz\u0103 obligatoriu formularului, anexele cu schi\u0163a spa\u0163iilor de lucru \u015fi lista sdv-urilor.<\/p>\n<p style=\"padding-left: 10px;\"><strong>Modalit\u0103\u0163i de trimitere:<\/strong><br \/>\nE-mail sau po\u015fta<\/p>\n<p style=\"padding-left: 10px;\"><strong>Necesit\u0103 \u00eenregistrare:<\/strong> DA<\/p>\n<\/td>\n<\/tr>\n<\/tbody>\n<tbody>\n<tr>\n<td style=\"padding-left: 10px;\" valign=\"top\" bgcolor=\"#415ca5\"><span style=\"color: #ffffff;\"><strong>3<\/strong><strong>. Nume formular\/document:<\/strong> <\/span><br \/>\n<span style=\"color: #ffffff;\"> a. Contractul de autorizare<\/span><\/td>\n<td align=\"left\" valign=\"middle\" bgcolor=\"#415ca5\" width=\"290\">\n<p align=\"center\"><span style=\"color: #ffffff;\">a. <a style=\"color: #ffffff;\" href=\"\/cs-uploads\/10_Contract_autorizare.pdf\" target=\"_blank\" rel=\"noopener noreferrer\">Descarc\u0103 <\/a><\/span><\/p>\n<\/td>\n<\/tr>\n<tr>\n<td colspan=\"2\" valign=\"top\" bgcolor=\"#FFFFFF\">\n<p style=\"padding-left: 10px;\"><strong>Scop formular\/document: <\/strong><br \/>\nStabilirea rela\u0163iilor juridice \u00eentre cele dou\u0103 p\u0103r\u0163i ce desf\u0103\u015foar\u0103 procesul de autorizare: RAR \u015fi operatorul economic.<\/p>\n<p style=\"padding-left: 10px;\"><strong>Preciz\u0103ri de completare: <\/strong><br \/>\nSe analizeaz\u0103 con\u0163inutul, se completeaz\u0103 datele specifice \u015fi se semneaz\u0103 de c\u0103tre conduc\u0103torii societ\u0103\u0163ii.<\/p>\n<p style=\"padding-left: 10px;\"><strong>Modalit\u0103\u0163i de trimitere:<\/strong><br \/>\nPo\u015ft\u0103 sau delegat<\/p>\n<p style=\"padding-left: 10px;\"><strong>Necesit\u0103 \u00eenregistrare: <\/strong>NU<\/p>\n<\/td>\n<\/tr>\n<tr>\n<td style=\"padding-left: 10px;\" valign=\"top\" bgcolor=\"#415ca5\"><span style=\"color: #ffffff;\"><strong>4. Nume formular\/document:<\/strong> <\/span><br \/>\n<span style=\"color: #ffffff;\"> a. Declara\u0163ia de conformitate ADR<\/span><\/td>\n<td align=\"left\" valign=\"middle\" bgcolor=\"#415ca5\">\n<p align=\"center\"><span style=\"color: #ffffff;\">a. <a style=\"color: #ffffff;\" href=\"\/cs-uploads\/12A_Declaratie_conformitate_ADR.pdf\" target=\"_blank\" rel=\"noopener noreferrer\">Descarc\u0103 <\/a><\/span><\/p>\n<\/td>\n<\/tr>\n<tr>\n<td colspan=\"2\" valign=\"top\" bgcolor=\"#FFFFFF\">\n<p style=\"padding-left: 10px;\"><strong>Scop formular\/document: <\/strong><br \/>\nUtilizarea lui de c\u0103tre agen\u0163ii economici autoriza\u0163i RAR.<\/p>\n<p style=\"padding-left: 10px;\"><strong>Preciz\u0103ri de completare: <\/strong><br \/>\nSe completeaz\u0103 caracteristicile tehnice \u015fi de identificare ale variantei constructive \u015fi ale vehiculului modificat.<\/p>\n<p style=\"padding-left: 10px;\"><strong>Modalit\u0103\u0163i de trimitere:<br \/>\n<\/strong>C\u0103tre client odat\u0103 cu vehiculul<\/p>\n<p style=\"padding-left: 10px;\"><strong>Necesit\u0103 \u00eenregistrare:<\/strong><br \/>\nDA, la emitent<\/p>\n<\/td>\n<\/tr>\n<tr>\n<td style=\"padding-left: 10px;\" valign=\"top\" bgcolor=\"#415ca5\"><span style=\"color: #ffffff;\"><strong>5<\/strong><strong>. Nume formular\/document:<\/strong> <\/span><br \/>\n<span style=\"color: #ffffff;\"> a. Declara\u0163ia de conformitate pentru vehicule completate<\/span><\/td>\n<td align=\"left\" valign=\"middle\" bgcolor=\"#415ca5\">\n<p align=\"center\"><span style=\"color: #ffffff;\">a. <a style=\"color: #ffffff;\" href=\"\/cs-uploads\/12C_Declaratie_conformitate_veh%20completate.pdf\" target=\"_blank\" rel=\"noopener noreferrer\">Descarc\u0103 <\/a><\/span><\/p>\n<\/td>\n<\/tr>\n<tr>\n<td colspan=\"2\" valign=\"top\" bgcolor=\"#FFFFFF\">\n<p style=\"padding-left: 10px;\"><strong>Scop formular\/document: <\/strong><br \/>\nDocumentul atest\u0103 din partea operatorului economic conformitatea modific\u0103rii efectuate vehiculului fa\u0163\u0103 de cerin\u0163ele legale \u015fi de documenta\u0163ia tehnic\u0103 prezentat\u0103 la RAR.<\/p>\n<p style=\"padding-left: 10px;\"><strong>Preciz\u0103ri de completare: <\/strong><br \/>\nSe completeaz\u0103 caracteristicile tehnice \u015fi de identificare ale variantei constructive \u015fi ale vehiculului modificat.<\/p>\n<p style=\"padding-left: 10px;\"><strong>Modalit\u0103\u0163i de trimitere: <\/strong><br \/>\nC\u0103tre client odat\u0103 cu vehiculul<\/p>\n<p style=\"padding-left: 10px;\"><strong>Necesit\u0103 \u00eenregistrare:<\/strong> NU<\/p>\n<\/td>\n<\/tr>\n<tr>\n<td style=\"padding-left: 10px;\" valign=\"top\" bgcolor=\"#415ca5\"><span style=\"color: #ffffff;\"><strong>6. Nume formular\/document:<\/strong> <\/span><br \/>\n<span style=\"color: #ffffff;\"> a. Declara\u0163ia de conformitate pentru montajul foliilor pe geamurile de securitate<\/span><\/td>\n<td align=\"left\" valign=\"middle\" bgcolor=\"#415ca5\">\n<p align=\"center\"><span style=\"color: #ffffff;\">a. <a style=\"color: #ffffff;\" href=\"\/cs-uploads\/12B_Declaratie_conformitate_montaj.pdf\" target=\"_blank\" rel=\"noopener noreferrer\">Descarc\u0103 <\/a><\/span><\/p>\n<\/td>\n<\/tr>\n<tr>\n<td colspan=\"2\" valign=\"top\" bgcolor=\"#FFFFFF\">\n<p style=\"padding-left: 10px;\"><strong>Scop formular\/document: <\/strong><br \/>\nDocumentul atest\u0103 din partea operatorului economic conformitatea modific\u0103rii efectuate vehiculului fa\u0163\u0103 de cerin\u0163ele legale.<\/p>\n<p style=\"padding-left: 10px;\"><strong>Preciz\u0103ri de completare: <\/strong><br \/>\nSe completeaz\u0103 caracteristicile de identificare ale vehiculului modificat, incluz\u00e2nd transparenta final\u0103 a ansamblului geam-folie.<\/p>\n<p style=\"padding-left: 10px;\"><strong>Modalit\u0103\u0163i de trimitere:<\/strong><br \/>\nC\u0103tre client<\/p>\n<p style=\"padding-left: 10px;\"><strong>Necesit\u0103 \u00eenregistrare:<\/strong> NU<\/p>\n<\/td>\n<\/tr>\n<tr>\n<td style=\"padding-left: 10px;\" valign=\"top\" bgcolor=\"#415ca5\"><span style=\"color: #ffffff;\"><strong>7. Nume formular\/document:<\/strong> <\/span><br \/>\n<span style=\"color: #ffffff;\"> a. Defini\u0163ia claselor de modific\u0103ri<\/span><\/td>\n<td align=\"left\" valign=\"middle\" bgcolor=\"#415ca5\">\n<p align=\"center\"><span style=\"color: #ffffff;\">a. <a style=\"color: #ffffff;\" href=\"\/cs-uploads\/Definitii_clase_modificari.pdf\" target=\"_blank\" rel=\"noopener noreferrer\">Descarc\u0103<\/a><\/span><\/p>\n<\/td>\n<\/tr>\n<tr>\n<td colspan=\"2\" valign=\"top\" bgcolor=\"#FFFFFF\">\n<p style=\"padding-left: 10px;\"><strong>Scop formular\/document: <\/strong><br \/>\nDocument informativ ce define\u015fte clasele de modific\u0103ri constructivei autorizate. Se stabilesc \u015fi implica\u0163iile asupra documenta\u0163iei tehnice necesare \u015fi asupra CIV vehicul.<\/p>\n<p style=\"padding-left: 10px;\"><strong>Preciz\u0103ri de completare:<\/strong> N\/A<\/p>\n<p style=\"padding-left: 10px;\"><strong>Modalit\u0103\u0163i de trimitere:<\/strong> N\/A<\/p>\n<p style=\"padding-left: 10px;\"><strong>Necesit\u0103 \u00eenregistrare: <\/strong>N\/A<\/p>\n<\/td>\n<\/tr>\n<tr>\n<td style=\"padding-left: 10px;\" valign=\"top\" bgcolor=\"#415ca5\"><span style=\"color: #ffffff;\"><strong>8. Nume formular\/document:<\/strong> <\/span><br \/>\n<span style=\"color: #ffffff;\"> a. Cazurile de extindere a autoriz\u0103rii<\/span><\/td>\n<td align=\"left\" valign=\"middle\" bgcolor=\"#415ca5\">\n<p align=\"center\"><span style=\"color: #ffffff;\">a. <a style=\"color: #ffffff;\" href=\"\/cs-uploads\/Tipuri_extindere.pdf\" target=\"_blank\" rel=\"noopener noreferrer\">Descarc\u0103 <\/a><\/span><\/p>\n<\/td>\n<\/tr>\n<tr>\n<td colspan=\"2\" valign=\"top\" bgcolor=\"#FFFFFF\">\n<p style=\"padding-left: 10px;\"><strong>Scop formular\/document: <\/strong><br \/>\nDocument informativ ce define\u015fte procesele \u015fi documentele emise \u00een cazurile de extindere a autoriz\u0103rii.<\/p>\n<p style=\"padding-left: 10px;\"><strong>Preciz\u0103ri de completare: <\/strong>N\/A<\/p>\n<p style=\"padding-left: 10px;\"><strong>Modalit\u0103\u0163i de trimitere: <\/strong>N\/A<\/p>\n<p style=\"padding-left: 10px;\"><strong>Necesit\u0103 \u00eenregistrare:<\/strong> N\/A<\/p>\n<\/td>\n<\/tr>\n<tr>\n<td style=\"padding-left: 10px;\" valign=\"top\" bgcolor=\"#415ca5\"><span style=\"color: #ffffff;\"><strong>9. Nume formular\/document:<\/strong> <\/span><br \/>\n<span style=\"color: #ffffff;\"> a. Fi\u015fa de date constructive pentru vehiculele completate din categoriile M<\/span><\/td>\n<td align=\"left\" valign=\"middle\" bgcolor=\"#415ca5\">\n<p align=\"center\"><span style=\"color: #ffffff;\">a. <a style=\"color: #ffffff;\" href=\"\/cs-uploads\/14_FISA_DATE_M.pdf\" target=\"_blank\" rel=\"noopener noreferrer\">Descarc\u0103 <\/a><\/span><\/p>\n<\/td>\n<\/tr>\n<tr>\n<td colspan=\"2\" valign=\"top\" bgcolor=\"#FFFFFF\">\n<p style=\"padding-left: 10px;\"><strong>Scop formular\/document: <\/strong><br \/>\nDocument emis de agentul autorizat, ce \u00eenso\u0163e\u015fte declara\u0163ia de conformitate \u015fi define\u015fte caracteristicile tehnice ale vehiculului modificat\/completat.<\/p>\n<p style=\"padding-left: 10px;\"><strong>Preciz\u0103ri de completare:<\/strong><br \/>\nSe completeaz\u0103 folosind aplica\u0163ia software specific\u0103 categoriei, pus\u0103 la dispozi\u0163ie de c\u0103tre RAR. Con\u0163ine date specifice variantei constructive de modificare \u015fi categoriei vehiculului final.<\/p>\n<p style=\"padding-left: 10px;\"><strong>Modalit\u0103\u0163i de trimitere:<\/strong><br \/>\nC\u0103tre client pentru omologarea individual\u0103<\/p>\n<p style=\"padding-left: 10px;\"><strong>Necesit\u0103 \u00eenregistrare:<\/strong> N\/A<\/p>\n<\/td>\n<\/tr>\n<tr>\n<td style=\"padding-left: 10px;\" valign=\"top\" bgcolor=\"#415ca5\"><span style=\"color: #ffffff;\"><strong>10. Nume formular\/document:<\/strong> <\/span><br \/>\n<span style=\"color: #ffffff;\"> a. Fi\u015fa de date constructive pentru vehiculele completate din categoriile N<\/span><\/td>\n<td align=\"left\" valign=\"middle\" bgcolor=\"#415ca5\">\n<p align=\"center\"><span style=\"color: #ffffff;\">a. <a style=\"color: #ffffff;\" href=\"\/cs-uploads\/15_FISA_DATE_N.pdf\" target=\"_blank\" rel=\"noopener noreferrer\">Descarc\u0103 <\/a><\/span><\/p>\n<\/td>\n<\/tr>\n<tr>\n<td colspan=\"2\" valign=\"top\" bgcolor=\"#FFFFFF\">\n<p style=\"padding-left: 10px;\"><strong>Scop formular\/document: <\/strong><br \/>\nDocument emis de agentul autorizat, ce \u00eenso\u0163e\u015fte declara\u0163ia de conformitate \u015fi define\u015fte caracteristicile tehnice ale vehiculului modificat\/completat.<\/p>\n<p style=\"padding-left: 10px;\"><strong>Preciz\u0103ri de completare: <\/strong><br \/>\nSe completeaz\u0103 folosind aplica\u0163ia software specific\u0103 categoriei, pus\u0103 la dispozi\u0163ie de c\u0103tre RAR. Con\u0163ine date specifice variantei constructive de modificare \u015fi categoriei vehiculului final.<\/p>\n<p style=\"padding-left: 10px;\"><strong>Modalit\u0103\u0163i de trimitere<\/strong>:<br \/>\nC\u0103tre client pentru omologarea individual\u0103<\/p>\n<p style=\"padding-left: 10px;\"><strong>Necesit\u0103 \u00eenregistrare:<\/strong> N\/A<\/p>\n<\/td>\n<\/tr>\n<tr>\n<td style=\"padding-left: 10px;\" valign=\"top\" bgcolor=\"#415ca5\"><span style=\"color: #ffffff;\"><strong>11. Nume formular\/document:<\/strong> <\/span><br \/>\n<span style=\"color: #ffffff;\"> a. Fi\u015fa de date constructive pentru vehiculele completate din categoriile O<\/span><\/td>\n<td align=\"left\" valign=\"middle\" bgcolor=\"#415ca5\">\n<p align=\"center\"><span style=\"color: #ffffff;\">a. <a style=\"color: #ffffff;\" href=\"\/cs-uploads\/16_FISA_DATE_O.pdf\" target=\"_blank\" rel=\"noopener noreferrer\">Descarc\u0103 <\/a><\/span><\/p>\n<\/td>\n<\/tr>\n<tr>\n<td colspan=\"2\" valign=\"top\" bgcolor=\"#FFFFFF\">\n<p style=\"padding-left: 10px;\"><strong>Scop formular\/document: <\/strong><br \/>\nDocument emis de agentul autorizat, ce \u00eenso\u0163e\u015fte declara\u0163ia de conformitate \u015fi define\u015fte caracteristicile tehnice ale vehiculului modificat\/completat.<\/p>\n<p style=\"padding-left: 10px;\"><strong>Preciz\u0103ri de completare: <\/strong><br \/>\nSe completeaz\u0103 folosind aplica\u0163ia software specific\u0103 categoriei, pus\u0103 la dispozi\u0163ie de c\u0103tre RAR. Con\u0163ine date specifice variantei constructive de modificare \u015fi categoriei vehiculului final.<\/p>\n<p style=\"padding-left: 10px;\"><strong>Modalit\u0103\u0163i de trimitere:<\/strong><br \/>\nC\u0103tre client pentru omologarea individual\u0103<\/p>\n<p style=\"padding-left: 10px;\"><strong>Necesit\u0103 \u00eenregistrare:<\/strong> N\/A<\/p>\n<\/td>\n<\/tr>\n<tr>\n<td style=\"padding-left: 10px;\" valign=\"top\" bgcolor=\"#415ca5\"><span style=\"color: #ffffff;\"><strong>12. Nume formular\/document:<\/strong> <\/span><br \/>\n<span style=\"color: #ffffff;\"> a. Reguli generale privind autorizarea pentru modific\u0103ri constructive<\/span><\/td>\n<td align=\"left\" valign=\"middle\" bgcolor=\"#415ca5\">\n<p align=\"center\"><span style=\"color: #ffffff;\">a. <a style=\"color: #ffffff;\" href=\"\/cs-uploads\/2.pdf\" target=\"_blank\" rel=\"noopener noreferrer\">Descarc\u0103<\/a><\/span><\/p>\n<\/td>\n<\/tr>\n<tr>\n<td colspan=\"2\" valign=\"top\" bgcolor=\"#FFFFFF\">\n<p style=\"padding-left: 10px;\"><strong>Scop formular\/document: <\/strong><br \/>\nDocument informativ folosit pentru explicitarea modului de derulare al procedurii de autorizare.<\/p>\n<p style=\"padding-left: 10px;\"><strong>Preciz\u0103ri de completare:<\/strong> N\/A<\/p>\n<p style=\"padding-left: 10px;\"><strong>Modalit\u0103\u0163i de trimitere: <\/strong>N\/A<\/p>\n<p style=\"padding-left: 10px;\"><strong>Necesit\u0103 \u00eenregistrare:<\/strong> N\/A<\/p>\n<\/td>\n<\/tr>\n<tr>\n<td style=\"padding-left: 10px;\" valign=\"top\" bgcolor=\"#415ca5\"><span style=\"color: #ffffff;\"><strong>13. Nume formular\/document:<\/strong> <\/span><br \/>\n<span style=\"color: #ffffff;\"> a. Lista operatorilor economici autoriza\u0163i pentru modific\u0103ri constructive<\/span><\/td>\n<td align=\"left\" valign=\"middle\" bgcolor=\"#415ca5\">\n<p align=\"center\"><span style=\"color: #ffffff;\">a. <a style=\"color: #ffffff;\" href=\"https:\/\/www.rarom.ro\/?page_id=895\">Descarc\u0103<\/a><\/span><\/p>\n<\/td>\n<\/tr>\n<tr>\n<td colspan=\"2\" valign=\"top\" bgcolor=\"#FFFFFF\">\n<p style=\"padding-left: 10px;\"><strong>Scop formular\/document: <\/strong><br \/>\nDocument informativ postat conform legisla\u0163iei de autorizare pentru informarea clien\u0163ilor.<\/p>\n<p style=\"padding-left: 10px;\"><strong>Preciz\u0103ri de completare:<\/strong> N\/A<\/p>\n<p style=\"padding-left: 10px;\"><strong>Modalit\u0103\u0163i de trimitere:<\/strong> N\/A<\/p>\n<p style=\"padding-left: 10px;\"><strong>Necesit\u0103 \u00eenregistrare:<\/strong> N\/A<\/p>\n<\/td>\n<\/tr>\n<tr>\n<td style=\"padding-left: 10px;\" valign=\"top\" bgcolor=\"#415ca5\"><span style=\"color: #ffffff;\"><strong>14. Nume formular\/document:<\/strong> <\/span><br \/>\n<span style=\"color: #ffffff;\"> a. Ghidul de cerin\u0163e tehnice pentru montajul foliilor pe geamurile de securitate<\/span><\/td>\n<td align=\"left\" valign=\"middle\" bgcolor=\"#415ca5\">\n<p align=\"center\"><span style=\"color: #ffffff;\">a. <a style=\"color: #ffffff;\" href=\"\/cs-uploads\/instructiuni_folii.pdf\" target=\"_blank\" rel=\"noopener noreferrer\">Descarc\u0103 <\/a><\/span><\/p>\n<\/td>\n<\/tr>\n<tr>\n<td colspan=\"2\" valign=\"top\" bgcolor=\"#FFFFFF\">\n<p style=\"padding-left: 10px;\"><strong>Scop formular\/document: <\/strong><br \/>\nDocument informativ ce reprezint\u0103 un extras din legisla\u0163ia \u00een vigoare referitor la cerin\u0163ele tehnice pentru montajul foliilor pe geamurile de securitate ale vehiculelor.<\/p>\n<p style=\"padding-left: 10px;\"><strong>Preciz\u0103ri de completare:<\/strong> N\/A<\/p>\n<p style=\"padding-left: 10px;\"><strong>Modalit\u0103\u0163i de trimitere:<\/strong> N\/A<\/p>\n<p style=\"padding-left: 10px;\"><strong>Necesit\u0103 \u00eenregistrare:<\/strong> N\/A<\/p>\n<\/td>\n<\/tr>\n<\/tbody>\n<\/table>\n<hr align=\"left\" size=\"1\" width=\"35%\" \/>\n<p style=\"text-align: justify;\"><span style=\"color: #ff0000;\">Formularele se tip\u0103resc la imprimant\u0103, se completeaz\u0103 \u015fi apoi se transmit <strong>prin e-mail<\/strong> la adresa <a href=\"mailto:ocs@rarom.ro\">ocs@rarom.ro<\/a>.<br \/>\nDe asemenea, formularele completate <strong>se pot aduce \u015fi personal<\/strong> la sediul OCS din Bucure\u015fti, Bulevardul Expozi\u021biei nr. 1K, sector 1.<\/span><\/p>\n","protected":false},"excerpt":{"rendered":"<p>Pentru demararea procesului, solicitantul descarc\u0103, analizeaz\u0103 \u015fi completeaz\u0103 cererea tip \u015fi chestionarul de autoevaluare. Cele dou\u0103 documente \u00een format electronic \u00eempreun\u0103 cu anexele cerute \u00een chestionarul de autoevaluare se expediaz\u0103 pe adresa de mail:\u00a0ocs@rarom.ro. \u00cen urma transmiterii cererii, persoana \u00eemputernicit\u0103 va fi contactat\u0103 de coordonatorul de autorizare RAR pentru continuarea procedurii. 1. Nume formular\/document: a. [&hellip;]<\/p>\n","protected":false},"author":1,"featured_media":0,"parent":733,"menu_order":7,"comment_status":"closed","ping_status":"closed","template":"","meta":{"_acf_changed":false,"footnotes":""},"class_list":["post-742","page","type-page","status-publish","hentry"],"acf":[],"_links":{"self":[{"href":"https:\/\/www.rarom.ro\/index.php?rest_route=\/wp\/v2\/pages\/742","targetHints":{"allow":["GET"]}}],"collection":[{"href":"https:\/\/www.rarom.ro\/index.php?rest_route=\/wp\/v2\/pages"}],"about":[{"href":"https:\/\/www.rarom.ro\/index.php?rest_route=\/wp\/v2\/types\/page"}],"author":[{"embeddable":true,"href":"https:\/\/www.rarom.ro\/index.php?rest_route=\/wp\/v2\/users\/1"}],"replies":[{"embeddable":true,"href":"https:\/\/www.rarom.ro\/index.php?rest_route=%2Fwp%2Fv2%2Fcomments&post=742"}],"version-history":[{"count":10,"href":"https:\/\/www.rarom.ro\/index.php?rest_route=\/wp\/v2\/pages\/742\/revisions"}],"predecessor-version":[{"id":296507,"href":"https:\/\/www.rarom.ro\/index.php?rest_route=\/wp\/v2\/pages\/742\/revisions\/296507"}],"up":[{"embeddable":true,"href":"https:\/\/www.rarom.ro\/index.php?rest_route=\/wp\/v2\/pages\/733"}],"wp:attachment":[{"href":"https:\/\/www.rarom.ro\/index.php?rest_route=%2Fwp%2Fv2%2Fmedia&parent=742"}],"curies":[{"name":"wp","href":"https:\/\/api.w.org\/{rel}","templated":true}]}}