{"id":7406,"date":"2019-03-11T14:57:25","date_gmt":"2019-03-11T12:57:25","guid":{"rendered":"https:\/\/www.rarom.ro\/?page_id=7406"},"modified":"2019-03-11T15:07:49","modified_gmt":"2019-03-11T13:07:49","slug":"magazin","status":"publish","type":"page","link":"https:\/\/www.rarom.ro\/?page_id=7406","title":{"rendered":"Magazin"},"content":{"rendered":"<p><strong>Ma\u015fini de Poli\u0163ie<\/strong><\/p>\n<p><a href=\"https:\/\/www.rarom.ro\/wp-content\/uploads\/2019\/03\/Magazin_mare-243.jpeg\"><img loading=\"lazy\" decoding=\"async\" class=\"size-full wp-image-7407 aligncenter\" src=\"https:\/\/www.rarom.ro\/wp-content\/uploads\/2019\/03\/Magazin_mare-243.jpeg\" alt=\"\" width=\"730\" height=\"450\" srcset=\"https:\/\/www.rarom.ro\/wp-content\/uploads\/2019\/03\/Magazin_mare-243.jpeg 730w, https:\/\/www.rarom.ro\/wp-content\/uploads\/2019\/03\/Magazin_mare-243-300x185.jpeg 300w\" sizes=\"auto, (max-width: 730px) 100vw, 730px\" \/><\/a><\/p>\n<p style=\"text-align: justify;\"><a href=\"https:\/\/www.rarom.ro\/wp-content\/uploads\/2019\/03\/Magazin_pagini-243.jpg\"><img loading=\"lazy\" decoding=\"async\" class=\"alignleft size-full wp-image-7409\" src=\"https:\/\/www.rarom.ro\/wp-content\/uploads\/2019\/03\/Magazin_pagini-243.jpg\" alt=\"\" width=\"250\" height=\"167\" \/><\/a>Imagina\u0163i-v\u0103 c\u00e2t de captivant ar fi ca atunci c\u00e2nd v\u0103 urm\u0103re\u015fte poli\u0163ia \u00een mare vitez\u0103 s\u0103 o fac\u0103 cu un Spyker, Lamborghini sau Tesla Model S! Ori s\u0103 trebuiasc\u0103 s\u0103 reduce\u0163i viteza ma\u015finii dvs., pentru a-i permite s\u0103 se apropie, \u00eentruc\u00e2t ma\u015fina oamenilor legii este, s\u0103 zicem, un pic cam lent\u0103. [&#8230;]<\/p>\n","protected":false},"excerpt":{"rendered":"<p>Ma\u015fini de Poli\u0163ie Imagina\u0163i-v\u0103 c\u00e2t de captivant ar fi ca atunci c\u00e2nd v\u0103 urm\u0103re\u015fte poli\u0163ia \u00een mare vitez\u0103 s\u0103 o fac\u0103 cu un Spyker, Lamborghini sau Tesla Model S! Ori s\u0103 trebuiasc\u0103 s\u0103 reduce\u0163i viteza ma\u015finii dvs., pentru a-i permite s\u0103 se apropie, \u00eentruc\u00e2t ma\u015fina oamenilor legii este, s\u0103 zicem, un pic cam lent\u0103. [&#8230;]<\/p>\n","protected":false},"author":3,"featured_media":0,"parent":7360,"menu_order":4,"comment_status":"closed","ping_status":"closed","template":"","meta":{"_acf_changed":false,"footnotes":""},"class_list":["post-7406","page","type-page","status-publish","hentry"],"acf":[],"_links":{"self":[{"href":"https:\/\/www.rarom.ro\/index.php?rest_route=\/wp\/v2\/pages\/7406","targetHints":{"allow":["GET"]}}],"collection":[{"href":"https:\/\/www.rarom.ro\/index.php?rest_route=\/wp\/v2\/pages"}],"about":[{"href":"https:\/\/www.rarom.ro\/index.php?rest_route=\/wp\/v2\/types\/page"}],"author":[{"embeddable":true,"href":"https:\/\/www.rarom.ro\/index.php?rest_route=\/wp\/v2\/users\/3"}],"replies":[{"embeddable":true,"href":"https:\/\/www.rarom.ro\/index.php?rest_route=%2Fwp%2Fv2%2Fcomments&post=7406"}],"version-history":[{"count":1,"href":"https:\/\/www.rarom.ro\/index.php?rest_route=\/wp\/v2\/pages\/7406\/revisions"}],"predecessor-version":[{"id":7411,"href":"https:\/\/www.rarom.ro\/index.php?rest_route=\/wp\/v2\/pages\/7406\/revisions\/7411"}],"up":[{"embeddable":true,"href":"https:\/\/www.rarom.ro\/index.php?rest_route=\/wp\/v2\/pages\/7360"}],"wp:attachment":[{"href":"https:\/\/www.rarom.ro\/index.php?rest_route=%2Fwp%2Fv2%2Fmedia&parent=7406"}],"curies":[{"name":"wp","href":"https:\/\/api.w.org\/{rel}","templated":true}]}}