{"id":740,"date":"2015-10-20T10:59:16","date_gmt":"2015-10-20T10:59:16","guid":{"rendered":"https:\/\/www.rarom.ro\/?page_id=740"},"modified":"2024-02-15T11:39:19","modified_gmt":"2024-02-15T09:39:19","slug":"autorizare-ateliere-service-auto","status":"publish","type":"page","link":"https:\/\/www.rarom.ro\/?page_id=740","title":{"rendered":"Autorizare ateliere service auto"},"content":{"rendered":"<p class=\"p1\" style=\"text-align: justify;\"><span class=\"s1\"><a href=\"\/cs-uploads\/FA_1list.pdf\" target=\"_blank\" rel=\"noopener noreferrer\">Lista documentelor necesare pentru autorizarea Operatorilor Economici care desf\u0103\u015foar\u0103 activit\u0103\u0163i de reparare, \u00eentre\u0163inere, reglare precum \u015fi de dezmembrare a vehiculelor scoase din uz<\/a><\/span><\/p>\n<p class=\"p1\"><span class=\"s1\"><a href=\"https:\/\/www.rarom.ro\/?page_id=883\">Informa\u0163ii utile privind autorizarea atelierelor service auto<\/a><\/span><\/p>\n<table border=\"1\" width=\"100%\" cellpadding=\"10\" align=\"center\">\n<tbody>\n<tr>\n<td style=\"padding-left: 10px;\" valign=\"top\" bgcolor=\"#415ca5\" width=\"609\"><span style=\"color: #ffffff;\"><strong>1. Nume formular\/document:<\/strong> <\/span><br \/>\n<span style=\"color: #ffffff;\"> a. Cerere tip pentru autorizare<\/span><\/td>\n<td align=\"left\" valign=\"middle\" bgcolor=\"#415ca5\">\n<p align=\"center\"><span style=\"color: #ffffff;\">a. <a style=\"color: #ffffff;\" href=\"\/cs-uploads\/Cerere_RNTR9.pdf\" target=\"_blank\" rel=\"noopener noreferrer\">Descarc\u0103 <\/a><\/span><\/p>\n<\/td>\n<\/tr>\n<tr>\n<td colspan=\"2\" valign=\"top\" bgcolor=\"#FFFFFF\">\n<p style=\"padding-left: 10px;\"><strong>Scop formular\/document:<\/strong><br \/>\nSe notific\u0103 oficial c\u0103tre RAR inten\u0163ia autoriz\u0103rii Operatorului Economic;<br \/>\n<span style=\"color: #ff0000;\">Documentul este obligatoriu<\/span> pentru deschiderea dosarului de autorizare.<\/p>\n<p style=\"padding-left: 10px;\"><strong>Preciz\u0103ri de completare:<\/strong><br \/>\nSunt men\u0163ionate \u00een formular<\/p>\n<p style=\"padding-left: 10px;\"><strong>Necesit\u0103 \u00eenregistrare:<\/strong><br \/>\nNU (formularul preia codul dosarului \u00eenscris \u00een Contractul de Autorizarea \u015fi Supravegherea Operatorilor Economici)<\/p>\n<\/td>\n<\/tr>\n<tr>\n<td style=\"padding-left: 10px;\" valign=\"top\" bgcolor=\"#415ca5\"><span style=\"color: #ffffff;\"><strong>2. Nume formular\/document:<\/strong> <\/span><br \/>\n<span style=\"color: #ffffff;\"> a. Chestionarul de autoevaluare<\/span><\/td>\n<td align=\"left\" valign=\"middle\" bgcolor=\"#415ca5\">\n<p align=\"center\"><span style=\"color: #ffffff;\">a. <a style=\"color: #ffffff;\" href=\"\/cs-uploads\/FA_3CHA.pdf\" target=\"_blank\" rel=\"noopener noreferrer\">Descarc\u0103 <\/a><\/span><\/p>\n<\/td>\n<\/tr>\n<tr>\n<td colspan=\"2\" valign=\"top\" bgcolor=\"#FFFFFF\">\n<p style=\"padding-left: 10px;\"><strong>Scop formular\/document:<\/strong><br \/>\nAutoevaluarea capabilit\u0103\u0163ii tehnice \u00een vederea autoriz\u0103rii; <span style=\"color: #ff0000;\"><br \/>\nDocumentul face parte <\/span>din componen\u0163a dosarului de autorizare.<\/p>\n<p style=\"padding-left: 10px;\"><strong>Preciz\u0103ri de completare:<\/strong><br \/>\nSunt men\u0163ionate \u00een formular<\/p>\n<p style=\"padding-left: 10px;\"><strong>Necesit\u0103 \u00eenregistrare:<\/strong><br \/>\nNU (formularul preia codul dosarului \u00eenscris \u00een Contractul de Autorizarea \u015fi Supravegherea Operatorilor Economici)<\/p>\n<\/td>\n<\/tr>\n<\/tbody>\n<tbody>\n<tr>\n<td style=\"padding-left: 10px;\" valign=\"top\" bgcolor=\"#415ca5\"><span style=\"color: #ffffff;\"><strong>3. Nume formular\/document:<\/strong> <\/span><br \/>\n<span style=\"color: #ffffff;\"> a. Contractul pentru autorizarea \u015fi supravegherea operatorilor economici<\/span><span style=\"color: #ffffff;\"><br \/>\n<\/span><\/td>\n<td align=\"left\" valign=\"middle\" bgcolor=\"#415ca5\" width=\"290\">\n<p align=\"center\"><span style=\"color: #ffffff;\">a. <a style=\"color: #ffffff;\" href=\"\/cs-uploads\/contract_service.pdf\" target=\"_blank\" rel=\"noopener noreferrer\">Descarc\u0103<\/a><br \/>\n<\/span><\/p>\n<\/td>\n<\/tr>\n<tr>\n<td colspan=\"2\" valign=\"top\" bgcolor=\"#FFFFFF\">\n<p style=\"padding-left: 10px;\"><strong>Scop formular\/document: <\/strong><br \/>\nStabilirea rela\u0163iilor juridice \u00eentre cele dou\u0103 p\u0103r\u0163i ce desf\u0103\u015foar\u0103 procesul de autorizare: RAR \u015fi Operatorul Economic;<br \/>\n<span style=\"color: #ff0000;\">Documentul este obligatoriu<\/span> pentru deschiderea dosarului de autorizare.<\/p>\n<p style=\"padding-left: 10px;\"><strong>Preciz\u0103ri de completare:<\/strong><br \/>\n&#8211; Se analizeaz\u0103 con\u0163inutul, se completeaz\u0103 datele specifice, se semneaz\u0103 \u015fi stampileaz\u0103 de c\u0103tre reprezentantul legal al operatorului economic (\u00een dou\u0103 exemplare);<\/p>\n<p style=\"padding-left: 10px;\"><strong>Modalit\u0103\u0163i de trimitere:<\/strong><br \/>\nPo\u015fta\/E-mail sau delegat, \u00eempreun\u0103 cu Cererea tip \u015fi Chestionarul de Autoevaluare<\/p>\n<p style=\"padding-left: 10px;\"><strong>Necesit\u0103 \u00eenregistrare:<\/strong><br \/>\nDA (se atribuie num\u0103r de identificare dosar)<\/p>\n<\/td>\n<\/tr>\n<\/tbody>\n<\/table>\n<hr align=\"left\" size=\"1\" width=\"35%\" \/>\n<p style=\"text-align: justify;\"><span class=\"p1\"><span class=\"s1\" style=\"color: #ff0000;\">Formularele se tip\u0103resc la imprimant\u0103, se completeaz\u0103 \u015fi apoi se transmit <b>prin e-mail<\/b> la adresa <\/span><span class=\"s1\"><a href=\"mailto:ocs@rarom.ro\"><span class=\"s2\">ocs@rarom.ro<\/span><\/a><\/span><span class=\"s1\" style=\"color: #ff0000;\">.<br \/>\nDe asemenea, formularele completate <b>se pot aduce \u015fi personal<\/b> la sediile reprezentan\u0163elor jude\u0163ene ale R.A.R., iar \u00een Bucure\u015fti la sediul OCS din Bulevardul Expozi\u021biei nr. 1K, sector 1.<br \/>\nAdresele reprezentan\u0163elor se g\u0103sesc ap\u0103s\u00e2nd butonul &#8222;<span class=\"s2\"><a href=\"https:\/\/www.rarom.ro\/?page_id=16\">Contact<\/a><\/span>&#8221; din partea de sus a paginii.<\/span><\/span><\/p>\n","protected":false},"excerpt":{"rendered":"<p>Lista documentelor necesare pentru autorizarea Operatorilor Economici care desf\u0103\u015foar\u0103 activit\u0103\u0163i de reparare, \u00eentre\u0163inere, reglare precum \u015fi de dezmembrare a vehiculelor scoase din uz Informa\u0163ii utile privind autorizarea atelierelor service auto 1. Nume formular\/document: a. Cerere tip pentru autorizare a. Descarc\u0103 Scop formular\/document: Se notific\u0103 oficial c\u0103tre RAR inten\u0163ia autoriz\u0103rii Operatorului Economic; Documentul este obligatoriu pentru [&hellip;]<\/p>\n","protected":false},"author":1,"featured_media":0,"parent":733,"menu_order":2,"comment_status":"closed","ping_status":"closed","template":"","meta":{"_acf_changed":false,"footnotes":""},"class_list":["post-740","page","type-page","status-publish","hentry"],"acf":[],"_links":{"self":[{"href":"https:\/\/www.rarom.ro\/index.php?rest_route=\/wp\/v2\/pages\/740","targetHints":{"allow":["GET"]}}],"collection":[{"href":"https:\/\/www.rarom.ro\/index.php?rest_route=\/wp\/v2\/pages"}],"about":[{"href":"https:\/\/www.rarom.ro\/index.php?rest_route=\/wp\/v2\/types\/page"}],"author":[{"embeddable":true,"href":"https:\/\/www.rarom.ro\/index.php?rest_route=\/wp\/v2\/users\/1"}],"replies":[{"embeddable":true,"href":"https:\/\/www.rarom.ro\/index.php?rest_route=%2Fwp%2Fv2%2Fcomments&post=740"}],"version-history":[{"count":15,"href":"https:\/\/www.rarom.ro\/index.php?rest_route=\/wp\/v2\/pages\/740\/revisions"}],"predecessor-version":[{"id":296502,"href":"https:\/\/www.rarom.ro\/index.php?rest_route=\/wp\/v2\/pages\/740\/revisions\/296502"}],"up":[{"embeddable":true,"href":"https:\/\/www.rarom.ro\/index.php?rest_route=\/wp\/v2\/pages\/733"}],"wp:attachment":[{"href":"https:\/\/www.rarom.ro\/index.php?rest_route=%2Fwp%2Fv2%2Fmedia&parent=740"}],"curies":[{"name":"wp","href":"https:\/\/api.w.org\/{rel}","templated":true}]}}