{"id":7388,"date":"2019-03-11T14:49:32","date_gmt":"2019-03-11T12:49:32","guid":{"rendered":"https:\/\/www.rarom.ro\/?page_id=7388"},"modified":"2019-03-11T15:06:34","modified_gmt":"2019-03-11T13:06:34","slug":"bmw-530d-xdrive-touring","status":"publish","type":"page","link":"https:\/\/www.rarom.ro\/?page_id=7388","title":{"rendered":"BMW 530d xDrive Touring"},"content":{"rendered":"<p><strong>Test: BMW 530d xDrive Touring<\/strong><\/p>\n<p><a href=\"https:\/\/www.rarom.ro\/wp-content\/uploads\/2019\/03\/Test_530_mare-243.jpg\"><img loading=\"lazy\" decoding=\"async\" class=\"size-full wp-image-7389 aligncenter\" src=\"https:\/\/www.rarom.ro\/wp-content\/uploads\/2019\/03\/Test_530_mare-243.jpg\" alt=\"\" width=\"730\" height=\"450\" srcset=\"https:\/\/www.rarom.ro\/wp-content\/uploads\/2019\/03\/Test_530_mare-243.jpg 730w, https:\/\/www.rarom.ro\/wp-content\/uploads\/2019\/03\/Test_530_mare-243-300x185.jpg 300w\" sizes=\"auto, (max-width: 730px) 100vw, 730px\" \/><\/a><\/p>\n<p style=\"text-align: justify;\"><a href=\"https:\/\/www.rarom.ro\/wp-content\/uploads\/2019\/03\/Test_530_pagini-243.jpg\"><img loading=\"lazy\" decoding=\"async\" class=\"alignleft size-full wp-image-7391\" src=\"https:\/\/www.rarom.ro\/wp-content\/uploads\/2019\/03\/Test_530_pagini-243.jpg\" alt=\"\" width=\"250\" height=\"167\" \/><\/a>Ma\u015fina pe care o ai a devenit ne\u00eenc\u0103p\u0103toare pentru familie sau prieteni? Ai gusturi sofisticate \u015fi o poft\u0103 mocnit\u0103 pentru pilotat, nu pentru \u015fofat? Cu siguran\u0163\u0103 exist\u0103 alternative care s\u0103 le \u00eempace pe toate. \u015etiu asta pentru c\u0103 am avut ocazia s\u0103 m\u0103 \u00eent\u00e2lnesc cu BMW 530d xDrive Touring. [&#8230;]<\/p>\n","protected":false},"excerpt":{"rendered":"<p>Test: BMW 530d xDrive Touring Ma\u015fina pe care o ai a devenit ne\u00eenc\u0103p\u0103toare pentru familie sau prieteni? Ai gusturi sofisticate \u015fi o poft\u0103 mocnit\u0103 pentru pilotat, nu pentru \u015fofat? Cu siguran\u0163\u0103 exist\u0103 alternative care s\u0103 le \u00eempace pe toate. \u015etiu asta pentru c\u0103 am avut ocazia s\u0103 m\u0103 \u00eent\u00e2lnesc cu BMW 530d xDrive Touring. [&#8230;]<\/p>\n","protected":false},"author":3,"featured_media":0,"parent":7365,"menu_order":4,"comment_status":"closed","ping_status":"closed","template":"","meta":{"_acf_changed":false,"footnotes":""},"class_list":["post-7388","page","type-page","status-publish","hentry"],"acf":[],"_links":{"self":[{"href":"https:\/\/www.rarom.ro\/index.php?rest_route=\/wp\/v2\/pages\/7388","targetHints":{"allow":["GET"]}}],"collection":[{"href":"https:\/\/www.rarom.ro\/index.php?rest_route=\/wp\/v2\/pages"}],"about":[{"href":"https:\/\/www.rarom.ro\/index.php?rest_route=\/wp\/v2\/types\/page"}],"author":[{"embeddable":true,"href":"https:\/\/www.rarom.ro\/index.php?rest_route=\/wp\/v2\/users\/3"}],"replies":[{"embeddable":true,"href":"https:\/\/www.rarom.ro\/index.php?rest_route=%2Fwp%2Fv2%2Fcomments&post=7388"}],"version-history":[{"count":1,"href":"https:\/\/www.rarom.ro\/index.php?rest_route=\/wp\/v2\/pages\/7388\/revisions"}],"predecessor-version":[{"id":7393,"href":"https:\/\/www.rarom.ro\/index.php?rest_route=\/wp\/v2\/pages\/7388\/revisions\/7393"}],"up":[{"embeddable":true,"href":"https:\/\/www.rarom.ro\/index.php?rest_route=\/wp\/v2\/pages\/7365"}],"wp:attachment":[{"href":"https:\/\/www.rarom.ro\/index.php?rest_route=%2Fwp%2Fv2%2Fmedia&parent=7388"}],"curies":[{"name":"wp","href":"https:\/\/api.w.org\/{rel}","templated":true}]}}