{"id":7382,"date":"2019-03-11T14:47:55","date_gmt":"2019-03-11T12:47:55","guid":{"rendered":"https:\/\/www.rarom.ro\/?page_id=7382"},"modified":"2019-04-24T09:15:09","modified_gmt":"2019-04-24T06:15:09","slug":"dacia-duster","status":"publish","type":"page","link":"https:\/\/www.rarom.ro\/?page_id=7382","title":{"rendered":"Dacia Duster"},"content":{"rendered":"<p class=\"page-title\"><strong>Test comparativ: dou\u0103 genera\u0163ii de Dacia Duster<\/strong><\/p>\n<p><a href=\"https:\/\/www.rarom.ro\/wp-content\/uploads\/2019\/03\/Test_Dacia_mare-243.jpg\"><img loading=\"lazy\" decoding=\"async\" class=\"size-full wp-image-7383 aligncenter\" src=\"https:\/\/www.rarom.ro\/wp-content\/uploads\/2019\/03\/Test_Dacia_mare-243.jpg\" alt=\"\" width=\"730\" height=\"450\" srcset=\"https:\/\/www.rarom.ro\/wp-content\/uploads\/2019\/03\/Test_Dacia_mare-243.jpg 730w, https:\/\/www.rarom.ro\/wp-content\/uploads\/2019\/03\/Test_Dacia_mare-243-300x185.jpg 300w\" sizes=\"auto, (max-width: 730px) 100vw, 730px\" \/><\/a><\/p>\n<p style=\"text-align: justify;\"><a href=\"https:\/\/www.rarom.ro\/wp-content\/uploads\/2019\/03\/Test_Dacia_pagini-243.jpg\"><img loading=\"lazy\" decoding=\"async\" class=\"alignleft size-full wp-image-7385\" src=\"https:\/\/www.rarom.ro\/wp-content\/uploads\/2019\/03\/Test_Dacia_pagini-243.jpg\" alt=\"\" width=\"250\" height=\"167\" \/><\/a>Nu de multe ori \u00een via\u0163\u0103 ai ocazia s\u0103 testezi un model al unei ma\u015fini, \u00een acela\u015fi timp cu evolu\u0163ia lui. Iat\u0103 c\u0103 norocul ne-a sur\u00e2s \u015fi avem ultima \u015fi penultima evolu\u0163ie a modelului Dacia Duster la test. Modelele \u00eencercate nu sunt v\u00e2rful de gam\u0103 al constructorului, dar au acela\u015fi nivel de echipare \u015fi model comercial. [&#8230;]<\/p>\n","protected":false},"excerpt":{"rendered":"<p>Test comparativ: dou\u0103 genera\u0163ii de Dacia Duster Nu de multe ori \u00een via\u0163\u0103 ai ocazia s\u0103 testezi un model al unei ma\u015fini, \u00een acela\u015fi timp cu evolu\u0163ia lui. Iat\u0103 c\u0103 norocul ne-a sur\u00e2s \u015fi avem ultima \u015fi penultima evolu\u0163ie a modelului Dacia Duster la test. Modelele \u00eencercate nu sunt v\u00e2rful de gam\u0103 al constructorului, dar [&hellip;]<\/p>\n","protected":false},"author":3,"featured_media":0,"parent":7365,"menu_order":3,"comment_status":"closed","ping_status":"closed","template":"","meta":{"_acf_changed":false,"footnotes":""},"class_list":["post-7382","page","type-page","status-publish","hentry"],"acf":[],"_links":{"self":[{"href":"https:\/\/www.rarom.ro\/index.php?rest_route=\/wp\/v2\/pages\/7382","targetHints":{"allow":["GET"]}}],"collection":[{"href":"https:\/\/www.rarom.ro\/index.php?rest_route=\/wp\/v2\/pages"}],"about":[{"href":"https:\/\/www.rarom.ro\/index.php?rest_route=\/wp\/v2\/types\/page"}],"author":[{"embeddable":true,"href":"https:\/\/www.rarom.ro\/index.php?rest_route=\/wp\/v2\/users\/3"}],"replies":[{"embeddable":true,"href":"https:\/\/www.rarom.ro\/index.php?rest_route=%2Fwp%2Fv2%2Fcomments&post=7382"}],"version-history":[{"count":2,"href":"https:\/\/www.rarom.ro\/index.php?rest_route=\/wp\/v2\/pages\/7382\/revisions"}],"predecessor-version":[{"id":7616,"href":"https:\/\/www.rarom.ro\/index.php?rest_route=\/wp\/v2\/pages\/7382\/revisions\/7616"}],"up":[{"embeddable":true,"href":"https:\/\/www.rarom.ro\/index.php?rest_route=\/wp\/v2\/pages\/7365"}],"wp:attachment":[{"href":"https:\/\/www.rarom.ro\/index.php?rest_route=%2Fwp%2Fv2%2Fmedia&parent=7382"}],"curies":[{"name":"wp","href":"https:\/\/api.w.org\/{rel}","templated":true}]}}