{"id":7350,"date":"2019-03-07T14:23:00","date_gmt":"2019-03-07T12:23:00","guid":{"rendered":"https:\/\/www.rarom.ro\/?page_id=7350"},"modified":"2023-07-18T14:53:02","modified_gmt":"2023-07-18T11:53:02","slug":"termeni-si-conditii","status":"publish","type":"page","link":"https:\/\/www.rarom.ro\/?page_id=7350","title":{"rendered":"Termeni \u015fi condi\u0163ii"},"content":{"rendered":"<p style=\"text-align: justify;\">Designul \u015fi con\u0163inutul website-ului <strong>www.rarom.ro<\/strong> apartin \u00een exclusivitate <strong>Registrului Auto Rom\u00e2n R.A. (R.A.R. &#8211; R.A.)<\/strong> \u015fi sunt protejate de legisla\u0163ia privind proprietatea intelectual\u0103.<\/p>\n<p style=\"text-align: justify;\">Designul \u015fi con\u0163inutul website-urilor<strong>&nbsp;Program\u0103ri Online (pro.rarom.ro), AutoTest (www.autotestmagazin.ro),<\/strong>&nbsp;ale celorlalte site-uri WEB care deriv\u0103 din&nbsp;<strong>www.rarom.ro,<\/strong>&nbsp;prin accesarea unui link, precum \u0219i ale aplica\u021biilor mobile puse la dispozi\u021bia clien\u021bilor de c\u0103tre R.A.R. \u2013 R.A. (ex.&nbsp;<strong>WoopsRAR<\/strong>&nbsp;\u0219.a.) care apar\u0163in R.A.R. \u2013 R.A. \u015fi au con\u0163inut pe tematica specific\u0103 R.A.R. \u2013 R.A, apartin \u00een exclusivitate Registrului Auto Rom\u00e2n R.A. (R.A.R. \u2013 R.A.) \u015fi sunt protejate de legisla\u0163ia privind proprietatea intelectual\u0103.<\/p>\n<p style=\"text-align: justify;\"><strong>Registrul Auto Rom\u00e2n R.A. (R.A.R. R.A.)<\/strong> cu sediul social \u00een <strong>Calea Grivi\u0163ei nr. 391A, sector 1, Bucure\u015fti,<\/strong> \u00eenregistrat\u0103 la Oficiul Registrului Comer\u0163ului de pe l\u00e2ng\u0103 Tribunalul Bucure\u015fti sub num\u0103rul <strong>J40\/5191\/04 martie 1992,<\/strong> av\u00e2nd CUI <strong>RO 1590236,<\/strong> atribut fiscal RO, este \u00eenregistrat\u0103 \u00een <strong>Registrul de Eviden\u0163\u0103 a Prelucr\u0103rilor de Date cu Caracter Personal<\/strong> ca Operator de date cu caracter personal sub nr. <strong>1253.<\/strong><\/p>\n<p style=\"text-align: justify;\"><strong>DEFINI\u0162II<\/strong><\/p>\n<p style=\"text-align: justify;\">Termenii &#8222;site&#8221;, &#8222;acest site&#8221; \u015fi &#8222;site-ul&#8221; folosi\u0163i \u00een acest document se refer\u0103 la website-ul<br \/>\n<strong>www.rarom.ro,<\/strong> la cele enumerate mai sus, precum \u015fi la cele care deriv\u0103 din website-ul <strong>www.rarom.ro<\/strong> prin accesarea unui link, care apar\u0163in <strong>R.A.R. R.A.<\/strong> \u015fi au con\u0163inut pe tematica specific\u0103 <strong>R.A.R. R.A.<\/strong><\/p>\n<p style=\"text-align: justify;\"><strong>Vizitator<\/strong> \u2013 orice persoan\u0103 care acceseaz\u0103 website-urile men\u0163ionate anterior, indiferent de motiv.<br \/>\nPrin <strong>&#8222;con\u0163inut&#8221;<\/strong> \u00eentelegem:<\/p>\n<ul>\n<li style=\"text-align: justify;\">toate informa\u0163iile de pe website-urile enumerate anterior sau din aplica\u0163iile puse la dispozi\u0163ie care pot fi vizitate, vizualizate sau altfel accesate prin utilizarea unui echipament informatic;<\/li>\n<li style=\"text-align: justify;\">con\u0163inutul oric\u0103rui e-mail trimis utilizatorilor sau clien\u0163ilor s\u0103i de c\u0103tre <strong>Registrul Auto Rom\u00e2n R.A.<\/strong> prin mijloace electronice \u015fi\/sau orice alt mijloc de comunicare disponibil;<\/li>\n<li style=\"text-align: justify;\">informatii legate de produsele, evenimentele, nout\u0103\u0163ile, ofertele speciale, serviciile \u015fi\/sau tarifele practicate de c\u0103tre Registrul Auto Rom\u00e2n R.A. \u00eentr-o anumit\u0103 perioad\u0103.<\/li>\n<\/ul>\n<p><strong>Utilizator<\/strong> \u2013 acea persoan\u0103 fizic\u0103 av\u00e2nd sau care ob\u0163ine acces la con\u0163inut, prin mijloacele de comunicare (spre exemplu formulare standardizate) puse la dispozi\u0163ie de c\u0103tre <strong>Registrul Auto Rom\u00e2n R.A.<\/strong> (electronic).<\/p>\n<p style=\"text-align: justify;\"><strong>Formular de comunicare &#8211; solicitare \u2013<\/strong> un document electronic ce intervine ca form\u0103 de comunicare \u00eentre <strong>Registrul Auto Rom\u00e2n R.A.<\/strong> \u015fi client, prin care acesta transmite <strong>R.A.R. R.A.<\/strong> inten\u0163ia sa de a achizi\u0163iona servicii sau de a primi inform\u0103ri prin intermediul website-urilor anterior precizate.<\/p>\n<p style=\"text-align: justify;\"><strong>Date personale \u2013<\/strong> informa\u0163iile pe care le colect\u0103m de la dumneavoastr\u0103, pe baza c\u0103rora pute\u0163i fi identificat. Pentru mai multe informa\u0163ii v\u0103 rug\u0103m s\u0103 accesa\u0163i link-ul <strong>Prelucrarea datelor cu caracter personal,<\/strong> disponibil pe website-ul<strong> www.rarom.ro<\/strong> \u00een sec\u0163iunea <strong>Despre noi.<\/strong><\/p>\n<p style=\"text-align: justify;\"><strong>ACCEPTAREA &#8222;TERMENILOR \u015eI CONDI\u0162IILOR&#8221;<\/strong><\/p>\n<p style=\"text-align: justify;\">\u00cenainte de a naviga \u00een website-urile anterior men\u0163ionate, v\u0103 rug\u0103m s\u0103 citi\u0163i cu aten\u0163ie preciz\u0103rile urm\u0103toare. Ele stabilesc termenii \u015fi condi\u0163iile utiliz\u0103rii de c\u0103tre dumneavoastr\u0103 a tuturor materialelor care alc\u0103tuiesc website-urile specificate anterior. Accesarea acestora presupune acceptarea explicit\u0103 sau implicit\u0103 a tuturor <strong>Termenilor \u015fi Condi\u0163iilor<\/strong> publicate, acestea av\u00e2nd valoare contractual\u0103 deplin\u0103.<\/p>\n<p style=\"text-align: justify;\"><strong>Registrul Auto Rom\u00e2n R.A.<\/strong> \u00ee\u015fi rezerv\u0103 dreptul de a modifica \u00een orice moment con\u0163inutul&nbsp;website-urilor sau al aplica\u0163iilor mobile enumerate anterior. \u00cen aceast\u0103 situa\u0163ie, <strong>Registrul Auto Rom\u00e2n<\/strong> <strong>R.A.<\/strong> va \u00een\u015ftiin\u0163a utilizatorii prin intermediul inform\u0103rilor \u015fi\/sau comunicatelor de pres\u0103 postate pe website<strong>&nbsp;www.rarom.ro<\/strong><strong>.<\/strong><\/p>\n<p style=\"text-align: justify;\">Folosirea \u00een continuare a website-urilor specificate anterior de c\u0103tre utilizatori\/vizitatori constituie un r\u0103spuns afirmativ de acceptare a modific\u0103rilor aduse prezentului document.<\/p>\n<p style=\"text-align: justify;\"><strong>CON\u0162INUTUL SITE-URILOR \u015eI\/SAU AL APLICA\u0162IILOR MOBILE<\/strong><\/p>\n<p style=\"text-align: justify;\">Con\u0163inutul, astfel cum este definit, \u00eencluz\u00e2nd, dar nelimit\u00e2ndu-se la logo-uri, reprezent\u0103ri stilizate, simboluri comerciale, imagini statice, imagini dinamice, text \u015fi\/sau con\u0163inut multimedia prezentate pe website-urile men\u0163ionate anterior \u015fi\/sau \u00een aplica\u0163iile mobile sunt proprietatea exclusiv\u0103 a<strong> Registrului Auto Rom\u00e2n R.A.,<\/strong> acestuia fiindu-i rezervate toate drepturile ob\u0163inute \u00een acest sens, \u00een mod direct sau indirect (prin licen\u0163e de utilizare \u015fi\/sau publicare).<\/p>\n<p style=\"text-align: justify;\">Utilizatorilor nu le este permis\u0103 copierea, distribuirea, publicarea, transferul c\u0103tre ter\u0163e p\u0103r\u0163i, modificarea \u015fi\/sau alterarea \u00een alt mod, utilizarea, expunerea, includerea oric\u0103rui con\u0163inut \u00een orice alt context fa\u0163\u0103 de cel original.<\/p>\n<p style=\"text-align: justify;\">Informa\u0163iile publicate pe website-urile anterior specificate sunt informa\u0163ii de interes general despre <strong>Registrul Auto Rom\u00e2n R.A.,<\/strong> despre serviciile oferite de <strong>RAR RA,<\/strong> despre produsele comercializate de c\u0103tre partenerii s\u0103i cu privire la opiniile utilizatorilor despre produse \u015fi servicii, c\u00e2t \u015fi alte informa\u0163ii considerate de <strong>R.A.R.- R.A.<\/strong> ca fiind de interes pentru utilizatori \u015fi\/sau vizitatori.<\/p>\n<p style=\"text-align: justify;\"><strong>Registrul Auto Rom\u00e2n R.A.<\/strong> \u00ee\u015fi rezerv\u0103 dreptul s\u0103 completeze \u015fi s\u0103 modifice orice informa\u0163ie de pe website-urile men\u0163ionate anterior.<\/p>\n<p style=\"text-align: justify;\"><strong>Registrul Auto Rom\u00e2n R.A.<\/strong> \u00ee\u015fi rezerv\u0103 dreptul de a corecta eventuale omisiuni sau erori \u00een afi\u015fare care pot surveni \u00een urma unor gre\u015feli de dactilografiere, lips\u0103 de acurate\u0163e sau erori ale produselor software, f\u0103r\u0103 a anun\u0163a \u00een mod prealabil utilizatorii site-urilor.<\/p>\n<p><strong>COPYRIGHT<\/strong><\/p>\n<p style=\"text-align: justify;\">Cu excep\u0163ia opiniilor postate de c\u0103tre utilizatori, con\u0163inutul website-urilor specificate anterior \u2013 imagini, texte, grafice, simboluri, elemente de grafic\u0103 WEB, scripturi, programe \u015fi alte date \u2013 este proprietatea <strong>Registrul Auto Rom\u00e2n R.A.<\/strong> \u015fi a furnizorilor s\u0103i \u015fi este ap\u0103rat de legea pentru protec\u0163ia drepturilor de autor.<br \/>\nAsadar, folosirea \u00een scopuri comerciale, f\u0103r\u0103 acordul <strong>Registrul Auto Rom\u00e2n R.A.<\/strong> a oric\u0103ruia dintre elementele enumerate mai sus, se pedepse\u015fte conform legisla\u0163iei \u00een vigoare.<\/p>\n<p style=\"text-align: justify;\"><strong>ACCES<\/strong><\/p>\n<p style=\"text-align: justify;\">a) Accesul \u00een website-urile precizate anterior <strong>este liber \u015fi nu necesit\u0103 configurarea unui&nbsp;Utilizator.<\/strong><br \/>\nb) Utilizarea formularului de contact \u2013 necesit\u0103 furnizarea de date cu caracter personal; a se consulta \u00een acest sens link-ul <strong>Prelucrarea datelor cu caracter personal<\/strong> disponibil pe website-ul <strong>www.rarom.ro,<\/strong> \u00een sec\u0163iunea <strong>Despre noi.<\/strong><\/p>\n<p style=\"text-align: justify;\">Dac\u0103 ve\u0163i furniza date incomplete, r\u0103spunderea este strict a dumneavoastr\u0103, conform legii, iar <strong>Registrul Auto Rom\u00e2n R.A.<\/strong> are dreptul de a \u015fterge informa\u0163ia furnizat\u0103 astfel, imediat ce va afla de situa\u0163ie.<\/p>\n<p style=\"text-align: justify;\"><strong>Registrul Auto Rom\u00e2n R.A.<\/strong> poate, f\u0103r\u0103 orice alt\u0103 notificare sau formalitate \u015fi f\u0103r\u0103 ca acest lucru s\u0103 necesite justificarea atitudinii sale, s\u0103 suspende sau s\u0103 interzic\u0103 accesul dumneavoastr\u0103 la con\u0163inutul website-urilor anterior specificate sau doar la o parte din con\u0163inutul acestora.<\/p>\n<p style=\"text-align: justify;\">\u00cen cazul \u00een care administratorii website-urilor v\u0103 vor interzice accesul, nu ve\u0163i fi \u00eendrept\u0103\u0163it la primirea niciunei desp\u0103gubiri.<\/p>\n<p style=\"text-align: justify;\"><strong>LEG\u0102TURI<\/strong><\/p>\n<p style=\"text-align: justify;\">Website-ul <strong>www.rarom.ro<\/strong> precum \u015fi cele anterior precizate pot g\u0103zdui leg\u0103turi (link-uri) c\u0103tre alte site-uri World Wide Web sau alte resurse. R\u0103spunderea pentru aceste website-uri o poart\u0103 \u00een \u00eentregime proprietarii acestora.<br \/>\n<strong>Registrul Auto Rom\u00e2n R.A.<\/strong> nu \u00ee\u015fi asum\u0103 responsabilitatea pentru nicio pagub\u0103 sau pierdere cauzat\u0103 sau presupus\u0103 a fi cauzat\u0103 de informa\u0163iile furnizate de c\u0103tre website-urile R.A.R. R.A. sau resursele spre care trimit link-urile con\u0163inute de aceste site-uri.<\/p>\n<p style=\"text-align: justify;\"><strong>PARTENERI<\/strong><\/p>\n<p style=\"text-align: justify;\">Despre calitatea produselor, despre autenticitatea m\u0103rcii \u015fi despre orice alte nel\u0103muriri referitoare la o anumit\u0103 marc\u0103 sau la un anumit produs, clientul se poate adresa reprezentantului m\u0103rcii respective sau importatorului din Rom\u00e2nia.<\/p>\n<p style=\"text-align: justify;\"><strong>DECLINAREA RESPONSABILIT\u0102\u0162II<\/strong><\/p>\n<p style=\"text-align: justify;\">Imaginile prezentate pe website-urile specificate anterior au rol exemplificative, iar produsele \u015fi\/sau serviciile efectiv livrate pot fi diferite comparativ cu imaginile existente pe site, \u00een orice mod (configurare, culoare, accesorii, aspect, ambient etc.)<br \/>\n<strong>Registrul Auto Rom\u00e2n R.A.<\/strong> nu \u00ee\u015fi asum\u0103 responsabilitatea cu privire la con\u0163inutul comentariilor postate de c\u0103tre utilizatori referitor la serviciile promovate, \u00een schimb, \u00ee\u015fi asum\u0103 dreptul de a \u015fterge (\u00eendep\u0103rta) orice con\u0163inut care \u00eencalc\u0103 <strong>Termenii \u015fi condi\u0163iile<\/strong> website-urilor men\u0163ionate anterior sau care este \u00een alt mod incompatibil cu scopul acestora. Cu toate acestea, <strong>Registrul Auto Rom\u00e2n R.A.<\/strong> nu \u00ee\u015fi asum\u0103 responsabilitatea pentru monitorizarea permanent\u0103 a \u00eentregului con\u0163inut g\u0103zduit pe website \u015fi postat de c\u0103tre utilizatori.<\/p>\n<p style=\"text-align: justify;\"><strong>Registrul Auto Rom\u00e2n R.A.<\/strong> nu garanteaz\u0103 disponibilitatea permanent\u0103 a tuturor serviciilor afi\u015fate prin intermediul website-urilor specificate anterior.<\/p>\n<p style=\"text-align: justify;\"><strong>Registrul Auto Rom\u00e2n R.A.<\/strong> nu este responsabil pentru gre\u015felile de tip\u0103rire \u015fi\/sau afi\u015fare a pre\u0163urilor, caracteristicilor, imaginilor aferente serviciilor afi\u015fate pe website-urile enumerate anterior.<\/p>\n<p style=\"text-align: justify;\"><strong>Registrul Auto Rom\u00e2n R.A.<\/strong> nu r\u0103spunde pentru pagubele, costurile, procesele, preten\u0163iile sau cheltuielile ap\u0103rute ca urmare a nerespect\u0103rii de c\u0103tre utilizatori a &#8222;Termenilor \u015fi condi\u0163iilor&#8221;.<\/p>\n<p style=\"text-align: justify;\"><strong>Registrul Auto Rom\u00e2n R.A.<\/strong> nu r\u0103spunde pentru prejudiciile create ca urmare a nefunc\u0163ion\u0103rii website-urilor enumerate anterior, precum \u015fi pentru cele rezult\u00e2nd din imposibilitatea de accesare a anumitor link-uri afi\u015fate pe acestea.<\/p>\n<p style=\"text-align: justify;\"><strong>FRAUDA<\/strong><\/p>\n<p style=\"text-align: justify;\">ORICE INCERCARE DE A ACCESA DATELE PERSONALE ALE ALTUI UTILIZATOR, DE A MODIFICA CON\u0162INUTUL WEBSITE-URILE ANTERIOR ENUMERATE SAU DE A AFECTA FUNC\u0162IONAREA ORIC\u0102ROR SERVERE CARE G\u0102ZDUIESC WEBSITE-URILE SPECIFICATE ANTERIOR VA FI CONSIDERAT\u0102 O TENTATIV\u0102 DE FRAUDARE A ACESTORA \u015eI VA PUTEA AVEA DREPT CONSECIN\u0162\u0102 ATRAGEREA R\u0102SPUNDERII AUTORULUI SAU AUTORILOR ACESTOR FAPTE.<br \/>\n\u00ceN CAZUL \u00ceN CARE NU AGREA\u0162I <strong>CONDI\u0162IILE \u015eI TERMENII<\/strong> MAI SUS AR\u0102TATE, V\u0102 RUG\u0102M S\u0102 NU ACCESA\u0162I WEBSITE-URILE ENUMERATE ANTERIOR \u015eI S\u0102 \u00ceNCHIDE\u0162I DE \u00ceNDAT\u0102 PAGINILE DE WEB AFERENTE ACESTORA.<\/p>\n","protected":false},"excerpt":{"rendered":"<p>Designul \u015fi con\u0163inutul website-ului www.rarom.ro apartin \u00een exclusivitate Registrului Auto Rom\u00e2n R.A. (R.A.R. &#8211; R.A.) \u015fi sunt protejate de legisla\u0163ia privind proprietatea intelectual\u0103. Designul \u015fi con\u0163inutul website-urilor&nbsp;Program\u0103ri Online (pro.rarom.ro), AutoTest (www.autotestmagazin.ro),&nbsp;ale celorlalte site-uri WEB care deriv\u0103 din&nbsp;www.rarom.ro,&nbsp;prin accesarea unui link, precum \u0219i ale aplica\u021biilor mobile puse la dispozi\u021bia clien\u021bilor de c\u0103tre R.A.R. \u2013 R.A. (ex.&nbsp;WoopsRAR&nbsp;\u0219.a.) [&hellip;]<\/p>\n","protected":false},"author":3,"featured_media":0,"parent":6,"menu_order":9,"comment_status":"closed","ping_status":"closed","template":"","meta":{"_acf_changed":false,"footnotes":""},"class_list":["post-7350","page","type-page","status-publish","hentry"],"acf":[],"_links":{"self":[{"href":"https:\/\/www.rarom.ro\/index.php?rest_route=\/wp\/v2\/pages\/7350","targetHints":{"allow":["GET"]}}],"collection":[{"href":"https:\/\/www.rarom.ro\/index.php?rest_route=\/wp\/v2\/pages"}],"about":[{"href":"https:\/\/www.rarom.ro\/index.php?rest_route=\/wp\/v2\/types\/page"}],"author":[{"embeddable":true,"href":"https:\/\/www.rarom.ro\/index.php?rest_route=\/wp\/v2\/users\/3"}],"replies":[{"embeddable":true,"href":"https:\/\/www.rarom.ro\/index.php?rest_route=%2Fwp%2Fv2%2Fcomments&post=7350"}],"version-history":[{"count":5,"href":"https:\/\/www.rarom.ro\/index.php?rest_route=\/wp\/v2\/pages\/7350\/revisions"}],"predecessor-version":[{"id":294639,"href":"https:\/\/www.rarom.ro\/index.php?rest_route=\/wp\/v2\/pages\/7350\/revisions\/294639"}],"up":[{"embeddable":true,"href":"https:\/\/www.rarom.ro\/index.php?rest_route=\/wp\/v2\/pages\/6"}],"wp:attachment":[{"href":"https:\/\/www.rarom.ro\/index.php?rest_route=%2Fwp%2Fv2%2Fmedia&parent=7350"}],"curies":[{"name":"wp","href":"https:\/\/api.w.org\/{rel}","templated":true}]}}