{"id":7247,"date":"2019-02-06T14:14:53","date_gmt":"2019-02-06T12:14:53","guid":{"rendered":"https:\/\/www.rarom.ro\/?page_id=7247"},"modified":"2025-04-01T10:57:38","modified_gmt":"2025-04-01T07:57:38","slug":"managementul-calitatii","status":"publish","type":"page","link":"https:\/\/www.rarom.ro\/?page_id=7247","title":{"rendered":"Managementul Calit\u0103\u0163ii"},"content":{"rendered":"<p class=\"p1\" style=\"text-align: justify;\"><span class=\"s1\">\u00cen condi\u0163iile \u00een care \u00ee\u015fi desf\u0103\u015foar\u0103 activitatea \u00eentr-un domeniu reglementat at\u00e2t de directivele UE c\u00e2t \u015fi de Reglement\u0103rile CEE-ONU, pentru a-\u015fi \u00eembun\u0103t\u0103\u0163i performan\u0163ele \u015fi a-\u015fi evalua \u00een mod real poten\u0163ialul, RAR a proiectat \u015fi implementat Sistemul de Management al Calit\u0103\u0163ii conform SR ISO 9001.<\/span><\/p>\n<p class=\"p1\" style=\"text-align: justify;\"><span class=\"s1\">Astfel a fost \u00eenfiin\u0163at Compartimentul Managementul Calit\u0103\u0163ii care are urm\u0103toarele atribu\u0163ii:<\/span><\/p>\n<ul class=\"ul1\">\n<li class=\"li1\" style=\"text-align: justify;\"><span class=\"s1\">Particip\u0103 la definirea politicii \u00een domeniul calit\u0103\u0163ii.<\/span><\/li>\n<li class=\"li1\" style=\"text-align: justify;\"><span class=\"s1\">Define\u015fte responsabilitatea, autoritatea \u015fi interdependen\u0163a personalului care conduce, execut\u0103 \u015fi verific\u0103 activit\u0103\u0163ile procedurate care afecteaz\u0103 calitatea.<\/span><\/li>\n<li class=\"li1\" style=\"text-align: justify;\"><span class=\"s1\">Elaboreaz\u0103 manualul \u015fi procedurile Sistemului de Management al Calit\u0103\u0163ii, conform standardului SR ISO 9001.<\/span><\/li>\n<li class=\"li1\" style=\"text-align: justify;\"><span class=\"s1\">Implementeaz\u0103 \u015fi men\u0163ine Sistemul de Management al Calit\u0103\u0163ii \u00een RAR.<\/span><\/li>\n<li class=\"li1\" style=\"text-align: justify;\"><span class=\"s1\">Efectueaz\u0103 audituri interne ale calit\u0103\u0163ii \u00een scopul de a verifica dac\u0103 activit\u0103\u0163ile legate de calitate \u015fi rezultatele ob\u0163inute sunt conforme cu reglement\u0103rile stabilite \u015fi de a determina eficacitatea Sistemului de Management al Calit\u0103\u0163ii.<\/span><\/li>\n<li class=\"li1\" style=\"text-align: justify;\"><span class=\"s1\">Raporteaz\u0103 directorului general asupra func\u0163ion\u0103rii sistemului \u00een vederea analiz\u0103rii \u015fi pentru luarea m\u0103surilor \u00een vederea \u00eembun\u0103t\u0103\u0163irii Sistemului de Management al Calit\u0103\u0163ii.<\/span><\/li>\n<li class=\"li1\" style=\"text-align: justify;\"><span class=\"s1\">Identific\u0103 necesit\u0103\u0163ile de instruire \u015fi asigur\u0103 instruirea personalului \u00een domeniul calit\u0103\u0163ii.<\/span><\/li>\n<\/ul>\n\n\n<div style=\"height:20px\" aria-hidden=\"true\" class=\"wp-block-spacer\"><\/div>\n\n\n\n<p><\/p>\n\n\n\n<div style=\"height:20px\" aria-hidden=\"true\" class=\"wp-block-spacer\"><\/div>\n\n\n\n<p><\/p>\n","protected":false},"excerpt":{"rendered":"<p>\u00cen condi\u0163iile \u00een care \u00ee\u015fi desf\u0103\u015foar\u0103 activitatea \u00eentr-un domeniu reglementat at\u00e2t de directivele UE c\u00e2t \u015fi de Reglement\u0103rile CEE-ONU, pentru a-\u015fi \u00eembun\u0103t\u0103\u0163i performan\u0163ele \u015fi a-\u015fi evalua \u00een mod real poten\u0163ialul, RAR a proiectat \u015fi implementat Sistemul de Management al Calit\u0103\u0163ii conform SR ISO 9001. Astfel a fost \u00eenfiin\u0163at Compartimentul Managementul Calit\u0103\u0163ii care are urm\u0103toarele atribu\u0163ii: [&hellip;]<\/p>\n","protected":false},"author":3,"featured_media":0,"parent":720,"menu_order":0,"comment_status":"closed","ping_status":"closed","template":"","meta":{"_acf_changed":false,"footnotes":""},"class_list":["post-7247","page","type-page","status-publish","hentry"],"acf":[],"_links":{"self":[{"href":"https:\/\/www.rarom.ro\/index.php?rest_route=\/wp\/v2\/pages\/7247","targetHints":{"allow":["GET"]}}],"collection":[{"href":"https:\/\/www.rarom.ro\/index.php?rest_route=\/wp\/v2\/pages"}],"about":[{"href":"https:\/\/www.rarom.ro\/index.php?rest_route=\/wp\/v2\/types\/page"}],"author":[{"embeddable":true,"href":"https:\/\/www.rarom.ro\/index.php?rest_route=\/wp\/v2\/users\/3"}],"replies":[{"embeddable":true,"href":"https:\/\/www.rarom.ro\/index.php?rest_route=%2Fwp%2Fv2%2Fcomments&post=7247"}],"version-history":[{"count":6,"href":"https:\/\/www.rarom.ro\/index.php?rest_route=\/wp\/v2\/pages\/7247\/revisions"}],"predecessor-version":[{"id":299357,"href":"https:\/\/www.rarom.ro\/index.php?rest_route=\/wp\/v2\/pages\/7247\/revisions\/299357"}],"up":[{"embeddable":true,"href":"https:\/\/www.rarom.ro\/index.php?rest_route=\/wp\/v2\/pages\/720"}],"wp:attachment":[{"href":"https:\/\/www.rarom.ro\/index.php?rest_route=%2Fwp%2Fv2%2Fmedia&parent=7247"}],"curies":[{"name":"wp","href":"https:\/\/api.w.org\/{rel}","templated":true}]}}