{"id":7216,"date":"2019-02-05T13:14:28","date_gmt":"2019-02-05T11:14:28","guid":{"rendered":"https:\/\/www.rarom.ro\/?page_id=7216"},"modified":"2019-02-07T12:52:43","modified_gmt":"2019-02-07T10:52:43","slug":"tehno","status":"publish","type":"page","link":"https:\/\/www.rarom.ro\/?page_id=7216","title":{"rendered":"Tehno"},"content":{"rendered":"<p><strong>Nissan I2V<\/strong><\/p>\n<p><a href=\"https:\/\/www.rarom.ro\/wp-content\/uploads\/2019\/02\/Tehno_mare_242.jpg\"><img loading=\"lazy\" decoding=\"async\" class=\"size-full wp-image-7217 aligncenter\" src=\"https:\/\/www.rarom.ro\/wp-content\/uploads\/2019\/02\/Tehno_mare_242.jpg\" alt=\"\" width=\"730\" height=\"450\" srcset=\"https:\/\/www.rarom.ro\/wp-content\/uploads\/2019\/02\/Tehno_mare_242.jpg 730w, https:\/\/www.rarom.ro\/wp-content\/uploads\/2019\/02\/Tehno_mare_242-300x185.jpg 300w\" sizes=\"auto, (max-width: 730px) 100vw, 730px\" \/><\/a><\/p>\n<p style=\"text-align: justify;\"><a href=\"https:\/\/www.rarom.ro\/wp-content\/uploads\/2019\/02\/Tehno_pagini_242.jpg\"><img loading=\"lazy\" decoding=\"async\" class=\"alignleft size-full wp-image-7219\" src=\"https:\/\/www.rarom.ro\/wp-content\/uploads\/2019\/02\/Tehno_pagini_242.jpg\" alt=\"\" width=\"250\" height=\"165\" \/><\/a>Cum ar fi ca \u00eentr-o intersec\u0163ie supraaglomerat\u0103 dintr-un ora\u015f s\u0103 ave\u0163i o imagine general\u0103 de ansamblu, chiar \u015fi dup\u0103 cl\u0103dirile din jurul acesteia. Nu de alta, dar a\u015fa poate g\u0103si\u0163i un &#8222;traseu de fug\u0103&#8221; \u015fi s\u0103 evita\u0163i aglomera\u0163ia sau vreo surpriz\u0103 nepl\u0103cut\u0103 de dup\u0103 col\u0163, de exemplu. [&#8230;]<\/p>\n<p style=\"clear: both;\">\n","protected":false},"excerpt":{"rendered":"<p>Nissan I2V Cum ar fi ca \u00eentr-o intersec\u0163ie supraaglomerat\u0103 dintr-un ora\u015f s\u0103 ave\u0163i o imagine general\u0103 de ansamblu, chiar \u015fi dup\u0103 cl\u0103dirile din jurul acesteia. Nu de alta, dar a\u015fa poate g\u0103si\u0163i un &#8222;traseu de fug\u0103&#8221; \u015fi s\u0103 evita\u0163i aglomera\u0163ia sau vreo surpriz\u0103 nepl\u0103cut\u0103 de dup\u0103 col\u0163, de exemplu. [&#8230;]<\/p>\n","protected":false},"author":3,"featured_media":0,"parent":7163,"menu_order":5,"comment_status":"closed","ping_status":"closed","template":"","meta":{"_acf_changed":false,"footnotes":""},"class_list":["post-7216","page","type-page","status-publish","hentry"],"acf":[],"_links":{"self":[{"href":"https:\/\/www.rarom.ro\/index.php?rest_route=\/wp\/v2\/pages\/7216","targetHints":{"allow":["GET"]}}],"collection":[{"href":"https:\/\/www.rarom.ro\/index.php?rest_route=\/wp\/v2\/pages"}],"about":[{"href":"https:\/\/www.rarom.ro\/index.php?rest_route=\/wp\/v2\/types\/page"}],"author":[{"embeddable":true,"href":"https:\/\/www.rarom.ro\/index.php?rest_route=\/wp\/v2\/users\/3"}],"replies":[{"embeddable":true,"href":"https:\/\/www.rarom.ro\/index.php?rest_route=%2Fwp%2Fv2%2Fcomments&post=7216"}],"version-history":[{"count":4,"href":"https:\/\/www.rarom.ro\/index.php?rest_route=\/wp\/v2\/pages\/7216\/revisions"}],"predecessor-version":[{"id":7268,"href":"https:\/\/www.rarom.ro\/index.php?rest_route=\/wp\/v2\/pages\/7216\/revisions\/7268"}],"up":[{"embeddable":true,"href":"https:\/\/www.rarom.ro\/index.php?rest_route=\/wp\/v2\/pages\/7163"}],"wp:attachment":[{"href":"https:\/\/www.rarom.ro\/index.php?rest_route=%2Fwp%2Fv2%2Fmedia&parent=7216"}],"curies":[{"name":"wp","href":"https:\/\/api.w.org\/{rel}","templated":true}]}}