{"id":7209,"date":"2019-02-05T13:12:31","date_gmt":"2019-02-05T11:12:31","guid":{"rendered":"https:\/\/www.rarom.ro\/?page_id=7209"},"modified":"2019-02-07T12:49:14","modified_gmt":"2019-02-07T10:49:14","slug":"concept","status":"publish","type":"page","link":"https:\/\/www.rarom.ro\/?page_id=7209","title":{"rendered":"Concept"},"content":{"rendered":"<p><strong>Infiniti QX Inspiration<\/strong><\/p>\n<p><a href=\"https:\/\/www.rarom.ro\/wp-content\/uploads\/2019\/02\/Concept_mare_242.jpg\"><img loading=\"lazy\" decoding=\"async\" class=\"size-full wp-image-7210 aligncenter\" src=\"https:\/\/www.rarom.ro\/wp-content\/uploads\/2019\/02\/Concept_mare_242.jpg\" alt=\"\" width=\"730\" height=\"450\" srcset=\"https:\/\/www.rarom.ro\/wp-content\/uploads\/2019\/02\/Concept_mare_242.jpg 730w, https:\/\/www.rarom.ro\/wp-content\/uploads\/2019\/02\/Concept_mare_242-300x185.jpg 300w\" sizes=\"auto, (max-width: 730px) 100vw, 730px\" \/><\/a><\/p>\n<p style=\"text-align: justify;\"><a href=\"https:\/\/www.rarom.ro\/wp-content\/uploads\/2019\/02\/Concept_pagini_242.jpg\"><img loading=\"lazy\" decoding=\"async\" class=\"alignleft size-full wp-image-7212\" src=\"https:\/\/www.rarom.ro\/wp-content\/uploads\/2019\/02\/Concept_pagini_242.jpg\" alt=\"\" width=\"250\" height=\"165\" \/><\/a>\u00cen materie de concepte pare s\u0103 fie o competi\u0163ie intern\u0103 \u00een interiorul alian\u0163ei Renault-Nissan. Abia ne-am lini\u015ftit dup\u0103 ofensiva francezilor, pentru ca japonezii s\u0103 ne &#8222;loveasc\u0103&#8221; \u015fi ei cu un alt concept foarte inspirat, prezentat la \u00eenceputul acestui an la NAIAS (North American International Auto Show). [&#8230;]<\/p>\n<p style=\"clear: both;\">\n","protected":false},"excerpt":{"rendered":"<p>Infiniti QX Inspiration \u00cen materie de concepte pare s\u0103 fie o competi\u0163ie intern\u0103 \u00een interiorul alian\u0163ei Renault-Nissan. Abia ne-am lini\u015ftit dup\u0103 ofensiva francezilor, pentru ca japonezii s\u0103 ne &#8222;loveasc\u0103&#8221; \u015fi ei cu un alt concept foarte inspirat, prezentat la \u00eenceputul acestui an la NAIAS (North American International Auto Show). [&#8230;]<\/p>\n","protected":false},"author":3,"featured_media":0,"parent":7163,"menu_order":4,"comment_status":"closed","ping_status":"closed","template":"","meta":{"_acf_changed":false,"footnotes":""},"class_list":["post-7209","page","type-page","status-publish","hentry"],"acf":[],"_links":{"self":[{"href":"https:\/\/www.rarom.ro\/index.php?rest_route=\/wp\/v2\/pages\/7209","targetHints":{"allow":["GET"]}}],"collection":[{"href":"https:\/\/www.rarom.ro\/index.php?rest_route=\/wp\/v2\/pages"}],"about":[{"href":"https:\/\/www.rarom.ro\/index.php?rest_route=\/wp\/v2\/types\/page"}],"author":[{"embeddable":true,"href":"https:\/\/www.rarom.ro\/index.php?rest_route=\/wp\/v2\/users\/3"}],"replies":[{"embeddable":true,"href":"https:\/\/www.rarom.ro\/index.php?rest_route=%2Fwp%2Fv2%2Fcomments&post=7209"}],"version-history":[{"count":4,"href":"https:\/\/www.rarom.ro\/index.php?rest_route=\/wp\/v2\/pages\/7209\/revisions"}],"predecessor-version":[{"id":7265,"href":"https:\/\/www.rarom.ro\/index.php?rest_route=\/wp\/v2\/pages\/7209\/revisions\/7265"}],"up":[{"embeddable":true,"href":"https:\/\/www.rarom.ro\/index.php?rest_route=\/wp\/v2\/pages\/7163"}],"wp:attachment":[{"href":"https:\/\/www.rarom.ro\/index.php?rest_route=%2Fwp%2Fv2%2Fmedia&parent=7209"}],"curies":[{"name":"wp","href":"https:\/\/api.w.org\/{rel}","templated":true}]}}