{"id":7202,"date":"2019-02-05T13:11:10","date_gmt":"2019-02-05T11:11:10","guid":{"rendered":"https:\/\/www.rarom.ro\/?page_id=7202"},"modified":"2019-02-07T12:46:18","modified_gmt":"2019-02-07T10:46:18","slug":"interviu","status":"publish","type":"page","link":"https:\/\/www.rarom.ro\/?page_id=7202","title":{"rendered":"Interviu"},"content":{"rendered":"<p><strong>Mihai Sturzu<\/strong><\/p>\n<p><a href=\"https:\/\/www.rarom.ro\/wp-content\/uploads\/2019\/02\/Interviu_mare_242.jpg\"><img loading=\"lazy\" decoding=\"async\" class=\"size-full wp-image-7203 aligncenter\" src=\"https:\/\/www.rarom.ro\/wp-content\/uploads\/2019\/02\/Interviu_mare_242.jpg\" alt=\"\" width=\"730\" height=\"450\" srcset=\"https:\/\/www.rarom.ro\/wp-content\/uploads\/2019\/02\/Interviu_mare_242.jpg 730w, https:\/\/www.rarom.ro\/wp-content\/uploads\/2019\/02\/Interviu_mare_242-300x185.jpg 300w\" sizes=\"auto, (max-width: 730px) 100vw, 730px\" \/><\/a><\/p>\n<p style=\"text-align: justify;\"><a href=\"https:\/\/www.rarom.ro\/wp-content\/uploads\/2019\/02\/Interviu_pagini_242.jpg\"><img loading=\"lazy\" decoding=\"async\" class=\"alignleft size-full wp-image-7205\" src=\"https:\/\/www.rarom.ro\/wp-content\/uploads\/2019\/02\/Interviu_pagini_242.jpg\" alt=\"\" width=\"250\" height=\"165\" \/><\/a>Pare o poveste dintr-un film de Oscar. A fost mai \u00eent\u00e2i c\u00e2nt\u0103re\u0163, apoi l-am v\u0103zut cum a comb\u0103tut pe scena politic\u0103, \u00een cei patru ani \u00een care a fost deputat \u00een Parlamentul Rom\u00e2niei, iar acum este&#8230; pilot de avion comercial. Ai zice c\u0103 nu-\u0163i ajunge o via\u0163\u0103 de om s\u0103 treci prin toate acestea domenii, aflate \u00een zone at\u00e2t de diferite. \u015ei totu\u015fi, Mihai Sturzu a reu\u015fit \u00een aceast\u0103 aventur\u0103 \u015fi \u015fi-a urmat calea cu entuziasm \u015fi voio\u015fie. [&#8230;]<\/p>\n<p style=\"clear: both;\">\n","protected":false},"excerpt":{"rendered":"<p>Mihai Sturzu Pare o poveste dintr-un film de Oscar. A fost mai \u00eent\u00e2i c\u00e2nt\u0103re\u0163, apoi l-am v\u0103zut cum a comb\u0103tut pe scena politic\u0103, \u00een cei patru ani \u00een care a fost deputat \u00een Parlamentul Rom\u00e2niei, iar acum este&#8230; pilot de avion comercial. Ai zice c\u0103 nu-\u0163i ajunge o via\u0163\u0103 de om s\u0103 treci prin toate [&hellip;]<\/p>\n","protected":false},"author":3,"featured_media":0,"parent":7163,"menu_order":3,"comment_status":"closed","ping_status":"closed","template":"","meta":{"_acf_changed":false,"footnotes":""},"class_list":["post-7202","page","type-page","status-publish","hentry"],"acf":[],"_links":{"self":[{"href":"https:\/\/www.rarom.ro\/index.php?rest_route=\/wp\/v2\/pages\/7202","targetHints":{"allow":["GET"]}}],"collection":[{"href":"https:\/\/www.rarom.ro\/index.php?rest_route=\/wp\/v2\/pages"}],"about":[{"href":"https:\/\/www.rarom.ro\/index.php?rest_route=\/wp\/v2\/types\/page"}],"author":[{"embeddable":true,"href":"https:\/\/www.rarom.ro\/index.php?rest_route=\/wp\/v2\/users\/3"}],"replies":[{"embeddable":true,"href":"https:\/\/www.rarom.ro\/index.php?rest_route=%2Fwp%2Fv2%2Fcomments&post=7202"}],"version-history":[{"count":3,"href":"https:\/\/www.rarom.ro\/index.php?rest_route=\/wp\/v2\/pages\/7202\/revisions"}],"predecessor-version":[{"id":7263,"href":"https:\/\/www.rarom.ro\/index.php?rest_route=\/wp\/v2\/pages\/7202\/revisions\/7263"}],"up":[{"embeddable":true,"href":"https:\/\/www.rarom.ro\/index.php?rest_route=\/wp\/v2\/pages\/7163"}],"wp:attachment":[{"href":"https:\/\/www.rarom.ro\/index.php?rest_route=%2Fwp%2Fv2%2Fmedia&parent=7202"}],"curies":[{"name":"wp","href":"https:\/\/api.w.org\/{rel}","templated":true}]}}