{"id":720,"date":"2015-10-20T07:41:19","date_gmt":"2015-10-20T07:41:19","guid":{"rendered":"https:\/\/www.rarom.ro\/?page_id=720"},"modified":"2025-12-11T16:23:53","modified_gmt":"2025-12-11T14:23:53","slug":"d-j-o-r-u","status":"publish","type":"page","link":"https:\/\/www.rarom.ro\/?page_id=720","title":{"rendered":"DORUMC"},"content":{"rendered":"<ul>\n<li>Compartiment Organizare<\/li>\n<li>Compartiment Resurse Umane<\/li>\n<li><a href=\"https:\/\/www.rarom.ro\/?page_id=7247\">Compartiment Managementul Calit\u0103\u0163ii<\/a><\/li>\n<\/ul>\n<p style=\"text-align: justify;\">Atribu\u0163ii principale ale departamentului:<\/p>\n<ul>\n<li style=\"text-align: justify;\">Execut\u0103 sarcinile trasate de conducerea regiei \u00een domeniul organiz\u0103rii;<\/li>\n<li style=\"text-align: justify;\">Elaboreaz\u0103 proiectele de programe de activitate, anuale \u015fi de perspectiv\u0103, pe ansamblul activit\u0103\u0163ii RAR;<\/li>\n<li style=\"text-align: justify;\">Elaboreaz\u0103 \u015fi perfec\u0163ioneaz\u0103 structura organizatoric\u0103 \u015fi regulamentele de organizare \u015fi func\u0163ionare a RAR;<\/li>\n<li style=\"text-align: justify;\">Urm\u0103re\u015fte realizarea presta\u0163iilor \u015fi veniturilor regiei pe baza raport\u0103rilor venite de la reprezentan\u0163e;<\/li>\n<li style=\"text-align: justify;\">Stabile\u015fte necesarul de personal pe baza solicit\u0103rilor departamentelor, serviciilor, compartimentelor, reprezentan\u0163elor din cadrul structurii organizatorice;<\/li>\n<li style=\"text-align: justify;\">Coordoneaz\u0103 procesul de recrutare \u015fi selec\u0163ie a resurselor umane, \u00eentocmire a fi\u015felor de post;<\/li>\n<li style=\"text-align: justify;\">Stabile\u015fte elementele de salarizare la \u00eencadrarea, numirea \u015fi avansarea \u00een func\u0163ie a personalului RAR;<\/li>\n<li style=\"text-align: justify;\">Gestioneaz\u0103 angajamentele personalului RAR care particip\u0103 la programele de formare profesional\u0103 conform legisla\u0163iei \u00een vigoare;<\/li>\n<li style=\"text-align: justify;\">Asigur\u0103 \u00eendeplinirea obiectivelor trasate de c\u0103tre Directorul General prin Declara\u0163ia privind politica \u00een domeniul calit\u0103\u0163ii;<\/li>\n<li style=\"text-align: justify;\">Elaboreaz\u0103 \u015fi revizuie\u015fte periodic Manualul Calit\u0103\u0163ii \u015fi procedurile de sistem;<\/li>\n<li style=\"text-align: justify;\">Asigur\u0103 difuzarea documentelor sistemului de management al calit\u0103\u0163ii elaborate de c\u0103tre departament;<\/li>\n<li style=\"text-align: justify;\">Asigur\u0103 retragerea documentelor perimate elaborate de c\u0103tre departament, \u00een vederea elimin\u0103rii utiliz\u0103rii neinten\u0163ionate;<\/li>\n<li style=\"text-align: justify;\">Elaboreaz\u0103 programe privind propuneri de \u00eembun\u0103t\u0103\u0163ire a calit\u0103\u0163ii activit\u0103\u0163ilor RAR;<\/li>\n<li style=\"text-align: justify;\">Analizeaz\u0103 \u015fi avizeaz\u0103 procedurile specifice \u015fi instruc\u0163iunile de lucru elaborate de c\u0103tre entit\u0103\u0163ile func\u0163ionale RAR;<\/li>\n<li style=\"text-align: justify;\">Elaboreaz\u0103 programarea auditurilor interne la nivel de RAR \u015fi efectueaz\u0103 audituri interne, programate \u015fi neprogramate;<\/li>\n<li style=\"text-align: justify;\">Analizeaz\u0103 rezultatele auditurilor interne \u015fi informeaz\u0103 periodic conducerea RAR \u00een leg\u0103tur\u0103 cu neconformit\u0103\u0163ile constatate cu ocazia ac\u0163iunilor \u00eentreprinse, \u00een vederea elimin\u0103rii acestora;<\/li>\n<li style=\"text-align: justify;\">Verific\u0103 aplicarea ac\u0163iunilor colective \u015fi preventive;<\/li>\n<li style=\"text-align: justify;\">Monitorizeaz\u0103 eficacitatea ac\u0163iunilor corective\/preventive \u00eentreprinse de c\u0103tre entit\u0103\u0163ile func\u0163ionale ale RAR;<\/li>\n<li style=\"text-align: justify;\">Analizeaz\u0103 modul de solu\u0163ionare a reclama\u0163iilor \u00een vederea \u00eentocmirii raportului anual al analizei de management;<\/li>\n<li style=\"text-align: justify;\">Asigur\u0103 consultan\u0163\u0103 pe linie de management al calit\u0103\u0163ii entit\u0103\u0163ilor RAR;<\/li>\n<li style=\"text-align: justify;\">Centralizeaz\u0103 necesarul de instruire \u015fi planific\u0103 activit\u0103\u0163ile de instruire \u00een RAR \u00een domeniul calit\u0103\u0163ii;<\/li>\n<li style=\"text-align: justify;\">Particip\u0103 la selectarea lectorilor interni \u015fi externi;<\/li>\n<li style=\"text-align: justify;\">\u00centocme\u015fte documentele aferente particip\u0103rii personalului RAR la cursurile \u00een domeniul calit\u0103\u0163ii;<\/li>\n<li style=\"text-align: justify;\">Particip\u0103 la activit\u0103\u0163ile privind alinierea legisla\u0163iei na\u0163ionale din domeniul vehiculelor rutiere la cea interna\u0163ional\u0103;<\/li>\n<li style=\"text-align: justify;\">Elaboreaz\u0103 rapoarte pentru analiza de management de la cel mai \u00eenalt nivel privind realizarea obiectivelor, a politicii \u00een domeniul calit\u0103\u0163ii, precum \u015fi a eficacit\u0103\u0163ii sistemului de management al calit\u0103\u0163ii;<\/li>\n<li style=\"text-align: justify;\">Particip\u0103 \u00een cadrul grupelor de lucru ASRO, la preluarea la nivel na\u0163ional a unor standarde interna\u0163ionale pe linie de management al calit\u0103\u0163ii;<\/li>\n<li style=\"text-align: justify;\">\u00cendepline\u015fte orice alte atribu\u0163ii din domeniul s\u0103u de activitate, cu caracter specific, care decurg din actele normative \u00een vigoare sau sunt dispuse de conducerea regiei.<\/li>\n<\/ul>\n\n\n<div style=\"height:20px\" aria-hidden=\"true\" class=\"wp-block-spacer\"><\/div>\n\n\n\n<hr>\n\n\n\n<p><strong>Departament Organizare, Resurse Umane \u015fi Managementul Calit\u0103\u0163ii (DORUMC)<\/strong><\/p>\n\n\n\n<hr>\n\n\n\n<div style=\"height:20px\" aria-hidden=\"true\" class=\"wp-block-spacer\"><\/div>\n\n\n\n<div class=\"wp-block-group\"><div class=\"wp-block-group__inner-container is-layout-constrained wp-block-group-is-layout-constrained\">\n<div class=\"wp-block-columns is-layout-flex wp-container-core-columns-is-layout-9d6595d7 wp-block-columns-is-layout-flex\">\n<div class=\"wp-block-column is-layout-flow wp-block-column-is-layout-flow\" style=\"flex-basis:33.33%\"><div class=\"wp-block-image is-style-rounded\">\n<figure class=\"aligncenter size-full\"><a href=\"https:\/\/www.rarom.ro\/wp-content\/uploads\/2023\/09\/DORUMC-Netty-Brandusa-MILEA.jpg\"><img loading=\"lazy\" decoding=\"async\" width=\"170\" height=\"170\" src=\"https:\/\/www.rarom.ro\/wp-content\/uploads\/2023\/09\/DORUMC-Netty-Brandusa-MILEA.jpg\" alt=\"\" class=\"wp-image-295512\" srcset=\"https:\/\/www.rarom.ro\/wp-content\/uploads\/2023\/09\/DORUMC-Netty-Brandusa-MILEA.jpg 170w, https:\/\/www.rarom.ro\/wp-content\/uploads\/2023\/09\/DORUMC-Netty-Brandusa-MILEA-150x150.jpg 150w, https:\/\/www.rarom.ro\/wp-content\/uploads\/2023\/09\/DORUMC-Netty-Brandusa-MILEA-85x85.jpg 85w, https:\/\/www.rarom.ro\/wp-content\/uploads\/2023\/09\/DORUMC-Netty-Brandusa-MILEA-60x60.jpg 60w, https:\/\/www.rarom.ro\/wp-content\/uploads\/2023\/09\/DORUMC-Netty-Brandusa-MILEA-16x16.jpg 16w\" sizes=\"auto, (max-width: 170px) 100vw, 170px\" \/><\/a><\/figure><\/div>\n\n\n<div style=\"height:20px\" aria-hidden=\"true\" class=\"wp-block-spacer\"><\/div>\n\n\n\n<p class=\"has-text-align-center\"><strong>Netty Br\u00e2ndu\u0219a BARBU<\/strong><br><em>\u015eef Departament<\/em><\/p>\n<\/div>\n\n\n\n<div class=\"wp-block-column is-layout-flow wp-block-column-is-layout-flow\" style=\"flex-basis:66.66%\">\n<p><strong>Adresa:<\/strong> Calea Grivi\u0163ei nr. 391A, cod 010719<br>Bucure\u015fti, sector 1<\/p>\n\n\n\n<p><strong><em>Coordonate GPS: <\/em><\/strong>44.468488, 26.051998<\/p>\n\n\n\n<hr>\n\n\n\n<p>Tel.: 021 202.70.00, interior 8140<\/p>\n\n\n\n<hr>\n\n\n\n<p><strong>Formular de contact<\/strong><\/p>\n\n\n<p>[contact-form-7 id=&#8221;292691&#8243; title=&#8221;Formular de contact &#8211; Departamente&#8221;]<\/p>\n<\/div>\n<\/div>\n<\/div><\/div>\n","protected":false},"excerpt":{"rendered":"<p>Compartiment Organizare Compartiment Resurse Umane Compartiment Managementul Calit\u0103\u0163ii Atribu\u0163ii principale ale departamentului: Execut\u0103 sarcinile trasate de conducerea regiei \u00een domeniul organiz\u0103rii; Elaboreaz\u0103 proiectele de programe de activitate, anuale \u015fi de perspectiv\u0103, pe ansamblul activit\u0103\u0163ii RAR; Elaboreaz\u0103 \u015fi perfec\u0163ioneaz\u0103 structura organizatoric\u0103 \u015fi regulamentele de organizare \u015fi func\u0163ionare a RAR; Urm\u0103re\u015fte realizarea presta\u0163iilor \u015fi veniturilor regiei pe [&hellip;]<\/p>\n","protected":false},"author":1,"featured_media":0,"parent":35,"menu_order":7,"comment_status":"closed","ping_status":"closed","template":"page-departament-details.php","meta":{"_acf_changed":false,"footnotes":""},"class_list":["post-720","page","type-page","status-publish","hentry"],"acf":[],"_links":{"self":[{"href":"https:\/\/www.rarom.ro\/index.php?rest_route=\/wp\/v2\/pages\/720","targetHints":{"allow":["GET"]}}],"collection":[{"href":"https:\/\/www.rarom.ro\/index.php?rest_route=\/wp\/v2\/pages"}],"about":[{"href":"https:\/\/www.rarom.ro\/index.php?rest_route=\/wp\/v2\/types\/page"}],"author":[{"embeddable":true,"href":"https:\/\/www.rarom.ro\/index.php?rest_route=\/wp\/v2\/users\/1"}],"replies":[{"embeddable":true,"href":"https:\/\/www.rarom.ro\/index.php?rest_route=%2Fwp%2Fv2%2Fcomments&post=720"}],"version-history":[{"count":20,"href":"https:\/\/www.rarom.ro\/index.php?rest_route=\/wp\/v2\/pages\/720\/revisions"}],"predecessor-version":[{"id":301857,"href":"https:\/\/www.rarom.ro\/index.php?rest_route=\/wp\/v2\/pages\/720\/revisions\/301857"}],"up":[{"embeddable":true,"href":"https:\/\/www.rarom.ro\/index.php?rest_route=\/wp\/v2\/pages\/35"}],"wp:attachment":[{"href":"https:\/\/www.rarom.ro\/index.php?rest_route=%2Fwp%2Fv2%2Fmedia&parent=720"}],"curies":[{"name":"wp","href":"https:\/\/api.w.org\/{rel}","templated":true}]}}