{"id":7186,"date":"2019-02-05T13:07:16","date_gmt":"2019-02-05T11:07:16","guid":{"rendered":"https:\/\/www.rarom.ro\/?page_id=7186"},"modified":"2019-02-07T12:41:18","modified_gmt":"2019-02-07T10:41:18","slug":"citroen-c4-cactus","status":"publish","type":"page","link":"https:\/\/www.rarom.ro\/?page_id=7186","title":{"rendered":"Citroen C4 Cactus"},"content":{"rendered":"<p><strong>Test: Citroen C4 Cactus<\/strong><\/p>\n<p><a href=\"https:\/\/www.rarom.ro\/wp-content\/uploads\/2019\/02\/Test_Citroen_mare_242.jpg\"><img loading=\"lazy\" decoding=\"async\" class=\"size-full wp-image-7187 aligncenter\" src=\"https:\/\/www.rarom.ro\/wp-content\/uploads\/2019\/02\/Test_Citroen_mare_242.jpg\" alt=\"\" width=\"730\" height=\"450\" srcset=\"https:\/\/www.rarom.ro\/wp-content\/uploads\/2019\/02\/Test_Citroen_mare_242.jpg 730w, https:\/\/www.rarom.ro\/wp-content\/uploads\/2019\/02\/Test_Citroen_mare_242-300x185.jpg 300w\" sizes=\"auto, (max-width: 730px) 100vw, 730px\" \/><\/a><\/p>\n<p style=\"text-align: justify;\"><a href=\"https:\/\/www.rarom.ro\/wp-content\/uploads\/2019\/02\/Test_Citroen_pagini_242.jpg\"><img loading=\"lazy\" decoding=\"async\" class=\"alignleft size-full wp-image-7189\" src=\"https:\/\/www.rarom.ro\/wp-content\/uploads\/2019\/02\/Test_Citroen_pagini_242.jpg\" alt=\"\" width=\"250\" height=\"165\" \/><\/a>Citroen r\u0103m\u00e2ne constructorul cu unele dintre cele mai originale abord\u0103ri din lumea auto. \u015ei ca s\u0103 nu se abat\u0103 de la regul\u0103, cu C4 Cactus francezii introduc un aer foarte \u015fic \u00een lumea hatchbackurilor. [&#8230;]<\/p>\n<p style=\"clear: both; text-align: justify;\">\n","protected":false},"excerpt":{"rendered":"<p>Test: Citroen C4 Cactus Citroen r\u0103m\u00e2ne constructorul cu unele dintre cele mai originale abord\u0103ri din lumea auto. \u015ei ca s\u0103 nu se abat\u0103 de la regul\u0103, cu C4 Cactus francezii introduc un aer foarte \u015fic \u00een lumea hatchbackurilor. [&#8230;]<\/p>\n","protected":false},"author":3,"featured_media":0,"parent":7168,"menu_order":3,"comment_status":"closed","ping_status":"closed","template":"","meta":{"_acf_changed":false,"footnotes":""},"class_list":["post-7186","page","type-page","status-publish","hentry"],"acf":[],"_links":{"self":[{"href":"https:\/\/www.rarom.ro\/index.php?rest_route=\/wp\/v2\/pages\/7186","targetHints":{"allow":["GET"]}}],"collection":[{"href":"https:\/\/www.rarom.ro\/index.php?rest_route=\/wp\/v2\/pages"}],"about":[{"href":"https:\/\/www.rarom.ro\/index.php?rest_route=\/wp\/v2\/types\/page"}],"author":[{"embeddable":true,"href":"https:\/\/www.rarom.ro\/index.php?rest_route=\/wp\/v2\/users\/3"}],"replies":[{"embeddable":true,"href":"https:\/\/www.rarom.ro\/index.php?rest_route=%2Fwp%2Fv2%2Fcomments&post=7186"}],"version-history":[{"count":6,"href":"https:\/\/www.rarom.ro\/index.php?rest_route=\/wp\/v2\/pages\/7186\/revisions"}],"predecessor-version":[{"id":7260,"href":"https:\/\/www.rarom.ro\/index.php?rest_route=\/wp\/v2\/pages\/7186\/revisions\/7260"}],"up":[{"embeddable":true,"href":"https:\/\/www.rarom.ro\/index.php?rest_route=\/wp\/v2\/pages\/7168"}],"wp:attachment":[{"href":"https:\/\/www.rarom.ro\/index.php?rest_route=%2Fwp%2Fv2%2Fmedia&parent=7186"}],"curies":[{"name":"wp","href":"https:\/\/api.w.org\/{rel}","templated":true}]}}