{"id":7021,"date":"2018-12-11T10:28:30","date_gmt":"2018-12-11T08:28:30","guid":{"rendered":"https:\/\/www.rarom.ro\/?page_id=7021"},"modified":"2018-12-11T10:53:15","modified_gmt":"2018-12-11T08:53:15","slug":"eveniment","status":"publish","type":"page","link":"https:\/\/www.rarom.ro\/?page_id=7021","title":{"rendered":"Eveniment"},"content":{"rendered":"<p><strong>Porsche 911<\/strong><\/p>\n<p><a href=\"https:\/\/www.rarom.ro\/wp-content\/uploads\/2018\/12\/Eveniment_mare241.jpg\"><img loading=\"lazy\" decoding=\"async\" class=\"size-full wp-image-7022 aligncenter\" src=\"https:\/\/www.rarom.ro\/wp-content\/uploads\/2018\/12\/Eveniment_mare241.jpg\" alt=\"\" width=\"730\" height=\"450\" srcset=\"https:\/\/www.rarom.ro\/wp-content\/uploads\/2018\/12\/Eveniment_mare241.jpg 730w, https:\/\/www.rarom.ro\/wp-content\/uploads\/2018\/12\/Eveniment_mare241-300x185.jpg 300w\" sizes=\"auto, (max-width: 730px) 100vw, 730px\" \/><\/a><\/p>\n<p style=\"text-align: justify;\"><a href=\"https:\/\/www.rarom.ro\/wp-content\/uploads\/2018\/12\/Eveniment_pagini241.jpg\"><img loading=\"lazy\" decoding=\"async\" class=\"alignleft size-full wp-image-7024\" src=\"https:\/\/www.rarom.ro\/wp-content\/uploads\/2018\/12\/Eveniment_pagini241.jpg\" alt=\"\" width=\"250\" height=\"167\" \/><\/a>\u00cen cadrul unui eveniment spectaculos g\u0103zduit de Porsche Experience Center Los Angeles, produc\u0103torul german a dezv\u0103luit lumii cel mai importat model din gam\u0103: a opta genera\u0163ie a legendarului 911. [&#8230;]<\/p>\n","protected":false},"excerpt":{"rendered":"<p>Porsche 911 \u00cen cadrul unui eveniment spectaculos g\u0103zduit de Porsche Experience Center Los Angeles, produc\u0103torul german a dezv\u0103luit lumii cel mai importat model din gam\u0103: a opta genera\u0163ie a legendarului 911. [&#8230;]<\/p>\n","protected":false},"author":3,"featured_media":0,"parent":6983,"menu_order":2,"comment_status":"closed","ping_status":"closed","template":"","meta":{"_acf_changed":false,"footnotes":""},"class_list":["post-7021","page","type-page","status-publish","hentry"],"acf":[],"_links":{"self":[{"href":"https:\/\/www.rarom.ro\/index.php?rest_route=\/wp\/v2\/pages\/7021","targetHints":{"allow":["GET"]}}],"collection":[{"href":"https:\/\/www.rarom.ro\/index.php?rest_route=\/wp\/v2\/pages"}],"about":[{"href":"https:\/\/www.rarom.ro\/index.php?rest_route=\/wp\/v2\/types\/page"}],"author":[{"embeddable":true,"href":"https:\/\/www.rarom.ro\/index.php?rest_route=\/wp\/v2\/users\/3"}],"replies":[{"embeddable":true,"href":"https:\/\/www.rarom.ro\/index.php?rest_route=%2Fwp%2Fv2%2Fcomments&post=7021"}],"version-history":[{"count":1,"href":"https:\/\/www.rarom.ro\/index.php?rest_route=\/wp\/v2\/pages\/7021\/revisions"}],"predecessor-version":[{"id":7026,"href":"https:\/\/www.rarom.ro\/index.php?rest_route=\/wp\/v2\/pages\/7021\/revisions\/7026"}],"up":[{"embeddable":true,"href":"https:\/\/www.rarom.ro\/index.php?rest_route=\/wp\/v2\/pages\/6983"}],"wp:attachment":[{"href":"https:\/\/www.rarom.ro\/index.php?rest_route=%2Fwp%2Fv2%2Fmedia&parent=7021"}],"curies":[{"name":"wp","href":"https:\/\/api.w.org\/{rel}","templated":true}]}}