{"id":698,"date":"2015-10-20T07:18:20","date_gmt":"2015-10-20T07:18:20","guid":{"rendered":"https:\/\/www.rarom.ro\/?page_id=698"},"modified":"2025-05-07T15:36:37","modified_gmt":"2025-05-07T12:36:37","slug":"cercetare","status":"publish","type":"page","link":"https:\/\/www.rarom.ro\/?page_id=698","title":{"rendered":"CERCETARE"},"content":{"rendered":"<p><img loading=\"lazy\" decoding=\"async\" class=\"size-full wp-image-699 aligncenter\" src=\"https:\/\/www.rarom.ro\/wp-content\/uploads\/2015\/10\/64_cercetare.png\" alt=\"64_cercetare\" width=\"554\" height=\"330\" srcset=\"https:\/\/www.rarom.ro\/wp-content\/uploads\/2015\/10\/64_cercetare.png 554w, https:\/\/www.rarom.ro\/wp-content\/uploads\/2015\/10\/64_cercetare-300x179.png 300w\" sizes=\"auto, (max-width: 554px) 100vw, 554px\" \/><\/p>\n<p class=\"p1\"><span class=\"s1\">Misiunea Departamentului Cercetare const\u0103 \u00een realizarea de studii teoretice \u015fi experimentale privind impacturile traficului rutier asupra factorilor ambientali \u015fi umani, \u00een domeniile polu\u0103rii atmosferice, polu\u0103rii acustice \u015fi siguran\u0163ei rutiere (accidentologie, siguran\u0163\u0103 activ\u0103 \u015fi pasiv\u0103).<\/span><\/p>\n<p class=\"p1\"><span class=\"s1\"><b>Direc\u0163ii de cercetare:<\/b><\/span><\/p>\n<p class=\"p1\"><span class=\"s1\">&#8211; Inventarierea emisiilor poluante generate de traficul rutier;<\/span><\/p>\n<p class=\"p1\"><span class=\"s1\">&#8211; Monitorizarea indicativ\u0103 \u00een timp real a caracteristicilor traficului rutier, calit\u0103\u0163ii aerului \u015fi zgomotului ambiental \u00een proximitatea arterelor de circula\u0163ie, prin folosirea unui autolaborator special instrumentat;<\/span><\/p>\n<p class=\"p1\"><span class=\"s1\">&#8211; Modelarea operativ\u0103 \u015fi simularea numeric\u0103 avansat\u0103 \u00een domeniul calit\u0103\u0163ii aerului \u015fi al climatului de zgomot (ambian\u0163a sonor\u0103);<\/span><\/p>\n<p class=\"p1\"><span class=\"s1\">&#8211; Studii de planificare, modernizare \u015fi dezvoltare a infrastructurii, evalu\u0103ri de risc ambiental \u015fi proiec\u0163ii scenarizate;<\/span><\/p>\n<p class=\"p1\"><span class=\"s1\">&#8211; Analize statistice complexe privind structura \u015fi starea tehnic\u0103 a parcului auto, precum \u015fi asupra indicatorilor de performan\u0163\u0103 ai siguran\u0163ei rutiere.<\/span><\/p>\n<p class=\"p1\"><span class=\"s1\">Valorificarea rezultatelor cercet\u0103rilor se realizeaz\u0103 \u00een cadrul unor contracte comerciale cu diverse firme beneficiare (societ\u0103\u0163i comerciale, regii autonome) sau protocoale\/adrese de colaborare cu institu\u0163ii guvernamentale (ministere, autorit\u0103\u0163i na\u0163ionale), precum \u015fi prin participarea, \u00een calitate de exper\u0163i recunoscu\u0163i la nivel na\u0163ional \u00een domeniul traficului rutier \u015fi al emisiilor autovehiculelor, la activit\u0103\u0163ile unor grupuri de lucru interministeriale \u015fi comisii tehnice pentru protec\u0163ia mediului sau siguran\u0163\u0103 rutier\u0103, ca reprezentan\u0163i ai autorit\u0103\u0163ii publice centrale \u00een domeniul transporturilor.<\/span><\/p>\n<p class=\"p3\"><span class=\"s2\"><a href=\"https:\/\/www.rarom.ro\/cs-uploads\/Cercetare.pdf\">Detalii suplimentare (format .pdf)<\/a><\/span><\/p>\n\n\n<div style=\"height:20px\" aria-hidden=\"true\" class=\"wp-block-spacer\"><\/div>\n\n\n\n<hr>\n\n\n\n<p><strong>Departament Cercetare<\/strong><\/p>\n\n\n\n<hr>\n\n\n\n<div style=\"height:20px\" aria-hidden=\"true\" class=\"wp-block-spacer\"><\/div>\n\n\n\n<div class=\"wp-block-group\"><div class=\"wp-block-group__inner-container is-layout-constrained wp-block-group-is-layout-constrained\">\n<div class=\"wp-block-columns is-layout-flex wp-container-core-columns-is-layout-9d6595d7 wp-block-columns-is-layout-flex\">\n<div class=\"wp-block-column is-layout-flow wp-block-column-is-layout-flow\" style=\"flex-basis:33.33%\"><div class=\"wp-block-image is-style-rounded\">\n<figure class=\"aligncenter size-full is-resized\"><a href=\"https:\/\/www.rarom.ro\/wp-content\/uploads\/2023\/09\/sigla-RAR-2.png\"><img loading=\"lazy\" decoding=\"async\" width=\"170\" height=\"170\" src=\"https:\/\/www.rarom.ro\/wp-content\/uploads\/2023\/09\/sigla-RAR-2.png\" alt=\"\" class=\"wp-image-295460\" style=\"width:150px;height:150px\" srcset=\"https:\/\/www.rarom.ro\/wp-content\/uploads\/2023\/09\/sigla-RAR-2.png 170w, https:\/\/www.rarom.ro\/wp-content\/uploads\/2023\/09\/sigla-RAR-2-150x150.png 150w, https:\/\/www.rarom.ro\/wp-content\/uploads\/2023\/09\/sigla-RAR-2-85x85.png 85w, https:\/\/www.rarom.ro\/wp-content\/uploads\/2023\/09\/sigla-RAR-2-60x60.png 60w, https:\/\/www.rarom.ro\/wp-content\/uploads\/2023\/09\/sigla-RAR-2-16x16.png 16w\" sizes=\"auto, (max-width: 170px) 100vw, 170px\" \/><\/a><\/figure><\/div>\n\n\n<div style=\"height:20px\" aria-hidden=\"true\" class=\"wp-block-spacer\"><\/div>\n\n\n\n<p class=\"has-text-align-center\"><strong>Ing. Costin Bogdan ALBU<\/strong><br><em>\u015eef Departament<\/em><\/p>\n<\/div>\n\n\n\n<div class=\"wp-block-column is-layout-flow wp-block-column-is-layout-flow\" style=\"flex-basis:66.66%\">\n<p><strong>Adresa:<\/strong> Bulevardul Expozi\u021biei nr. 1K, Bucure\u0219ti \u2013 012101, sector 1<\/p>\n\n\n\n<hr>\n\n\n\n<p><strong>Ing. Octavian DATCULESCU<\/strong><br><em>Coordonator <\/em><em>Compartiment Cercetare pentru Protec\u0163ia Mediului<\/em><\/p>\n\n\n\n<hr>\n\n\n\n<p><strong>Ing. C\u0103t\u0103lin COSMULESCU<\/strong><br><em>Coordonator Compartiment Cercetare pentru Securitate Rutier\u0103<\/em><\/p>\n\n\n\n<hr>\n\n\n\n<p><strong>Ing. Liviu ERBARU<\/strong><br><em>Coordonator Compartiment Expertiz\u0103 Tehnic\u0103 \u0219i Statistic\u0103<\/em><\/p>\n\n\n\n<hr>\n\n\n\n<div style=\"height:21px\" aria-hidden=\"true\" class=\"wp-block-spacer\"><\/div>\n\n\n\n<p><strong>Formular de contact<\/strong><\/p>\n\n\n<p>[contact-form-7 id=&#8221;292691&#8243; title=&#8221;Formular de contact &#8211; Departamente&#8221;]<\/p>\n<\/div>\n<\/div>\n<\/div><\/div>\n","protected":false},"excerpt":{"rendered":"<p>Misiunea Departamentului Cercetare const\u0103 \u00een realizarea de studii teoretice \u015fi experimentale privind impacturile traficului rutier asupra factorilor ambientali \u015fi umani, \u00een domeniile polu\u0103rii atmosferice, polu\u0103rii acustice \u015fi siguran\u0163ei rutiere (accidentologie, siguran\u0163\u0103 activ\u0103 \u015fi pasiv\u0103). Direc\u0163ii de cercetare: &#8211; Inventarierea emisiilor poluante generate de traficul rutier; &#8211; Monitorizarea indicativ\u0103 \u00een timp real a caracteristicilor traficului rutier, [&hellip;]<\/p>\n","protected":false},"author":1,"featured_media":0,"parent":35,"menu_order":6,"comment_status":"closed","ping_status":"closed","template":"page-departament-details.php","meta":{"_acf_changed":false,"footnotes":""},"class_list":["post-698","page","type-page","status-publish","hentry"],"acf":[],"_links":{"self":[{"href":"https:\/\/www.rarom.ro\/index.php?rest_route=\/wp\/v2\/pages\/698","targetHints":{"allow":["GET"]}}],"collection":[{"href":"https:\/\/www.rarom.ro\/index.php?rest_route=\/wp\/v2\/pages"}],"about":[{"href":"https:\/\/www.rarom.ro\/index.php?rest_route=\/wp\/v2\/types\/page"}],"author":[{"embeddable":true,"href":"https:\/\/www.rarom.ro\/index.php?rest_route=\/wp\/v2\/users\/1"}],"replies":[{"embeddable":true,"href":"https:\/\/www.rarom.ro\/index.php?rest_route=%2Fwp%2Fv2%2Fcomments&post=698"}],"version-history":[{"count":22,"href":"https:\/\/www.rarom.ro\/index.php?rest_route=\/wp\/v2\/pages\/698\/revisions"}],"predecessor-version":[{"id":299370,"href":"https:\/\/www.rarom.ro\/index.php?rest_route=\/wp\/v2\/pages\/698\/revisions\/299370"}],"up":[{"embeddable":true,"href":"https:\/\/www.rarom.ro\/index.php?rest_route=\/wp\/v2\/pages\/35"}],"wp:attachment":[{"href":"https:\/\/www.rarom.ro\/index.php?rest_route=%2Fwp%2Fv2%2Fmedia&parent=698"}],"curies":[{"name":"wp","href":"https:\/\/api.w.org\/{rel}","templated":true}]}}