{"id":6898,"date":"2018-11-02T11:27:15","date_gmt":"2018-11-02T09:27:15","guid":{"rendered":"https:\/\/www.rarom.ro\/?page_id=6898"},"modified":"2018-11-02T15:15:42","modified_gmt":"2018-11-02T13:15:42","slug":"mercedes-benz-63-amg","status":"publish","type":"page","link":"https:\/\/www.rarom.ro\/?page_id=6898","title":{"rendered":"Mercedes-Benz 63 AMG"},"content":{"rendered":"<p><strong>Test: Mercedes-Benz 63 AMG<\/strong><\/p>\n<p><a href=\"https:\/\/www.rarom.ro\/wp-content\/uploads\/2018\/11\/TestMercedes_mare_240.jpg\"><img loading=\"lazy\" decoding=\"async\" class=\"size-full wp-image-6899 aligncenter\" src=\"https:\/\/www.rarom.ro\/wp-content\/uploads\/2018\/11\/TestMercedes_mare_240.jpg\" alt=\"\" width=\"730\" height=\"450\" srcset=\"https:\/\/www.rarom.ro\/wp-content\/uploads\/2018\/11\/TestMercedes_mare_240.jpg 730w, https:\/\/www.rarom.ro\/wp-content\/uploads\/2018\/11\/TestMercedes_mare_240-300x185.jpg 300w\" sizes=\"auto, (max-width: 730px) 100vw, 730px\" \/><\/a><\/p>\n<p style=\"text-align: justify;\"><a href=\"https:\/\/www.rarom.ro\/wp-content\/uploads\/2018\/11\/TestMercedes_pagini240.jpg\"><img loading=\"lazy\" decoding=\"async\" class=\"alignleft size-full wp-image-6901\" src=\"https:\/\/www.rarom.ro\/wp-content\/uploads\/2018\/11\/TestMercedes_pagini240.jpg\" alt=\"\" width=\"250\" height=\"165\" \/><\/a>Nu de multe ori \u00een via\u0163\u0103 ai ocazia s\u0103 conduci o ma\u015fin\u0103 care s\u0103 acopere perfect semnifica\u0163ia siglei constructorului. \u00cen acest caz dictonul &#8222;Domina\u0163ie \u00een aer, pe apa \u015fi pe uscat&#8221; care define\u015fte sigla Mercedes-Benz este pe deplin acoperit\u0103. [&#8230;]<\/p>\n<p>&nbsp;<br \/>\n&nbsp;<br \/>\n&nbsp;<\/p>\n","protected":false},"excerpt":{"rendered":"<p>Test: Mercedes-Benz 63 AMG Nu de multe ori \u00een via\u0163\u0103 ai ocazia s\u0103 conduci o ma\u015fin\u0103 care s\u0103 acopere perfect semnifica\u0163ia siglei constructorului. \u00cen acest caz dictonul &#8222;Domina\u0163ie \u00een aer, pe apa \u015fi pe uscat&#8221; care define\u015fte sigla Mercedes-Benz este pe deplin acoperit\u0103. [&#8230;] &nbsp; &nbsp; &nbsp;<\/p>\n","protected":false},"author":3,"featured_media":0,"parent":6869,"menu_order":5,"comment_status":"closed","ping_status":"closed","template":"","meta":{"_acf_changed":false,"footnotes":""},"class_list":["post-6898","page","type-page","status-publish","hentry"],"acf":[],"_links":{"self":[{"href":"https:\/\/www.rarom.ro\/index.php?rest_route=\/wp\/v2\/pages\/6898","targetHints":{"allow":["GET"]}}],"collection":[{"href":"https:\/\/www.rarom.ro\/index.php?rest_route=\/wp\/v2\/pages"}],"about":[{"href":"https:\/\/www.rarom.ro\/index.php?rest_route=\/wp\/v2\/types\/page"}],"author":[{"embeddable":true,"href":"https:\/\/www.rarom.ro\/index.php?rest_route=\/wp\/v2\/users\/3"}],"replies":[{"embeddable":true,"href":"https:\/\/www.rarom.ro\/index.php?rest_route=%2Fwp%2Fv2%2Fcomments&post=6898"}],"version-history":[{"count":2,"href":"https:\/\/www.rarom.ro\/index.php?rest_route=\/wp\/v2\/pages\/6898\/revisions"}],"predecessor-version":[{"id":6953,"href":"https:\/\/www.rarom.ro\/index.php?rest_route=\/wp\/v2\/pages\/6898\/revisions\/6953"}],"up":[{"embeddable":true,"href":"https:\/\/www.rarom.ro\/index.php?rest_route=\/wp\/v2\/pages\/6869"}],"wp:attachment":[{"href":"https:\/\/www.rarom.ro\/index.php?rest_route=%2Fwp%2Fv2%2Fmedia&parent=6898"}],"curies":[{"name":"wp","href":"https:\/\/api.w.org\/{rel}","templated":true}]}}