{"id":6879,"date":"2018-11-02T10:23:22","date_gmt":"2018-11-02T08:23:22","guid":{"rendered":"https:\/\/www.rarom.ro\/?page_id=6879"},"modified":"2018-11-02T14:34:44","modified_gmt":"2018-11-02T12:34:44","slug":"ford-mustang","status":"publish","type":"page","link":"https:\/\/www.rarom.ro\/?page_id=6879","title":{"rendered":"Ford Mustang"},"content":{"rendered":"<p><strong>Test: Ford Mustang<\/strong><\/p>\n<p><a href=\"https:\/\/www.rarom.ro\/wp-content\/uploads\/2018\/11\/TestFord_mare240.jpg\"><img loading=\"lazy\" decoding=\"async\" class=\"size-full wp-image-6880 aligncenter\" src=\"https:\/\/www.rarom.ro\/wp-content\/uploads\/2018\/11\/TestFord_mare240.jpg\" alt=\"\" width=\"730\" height=\"450\" srcset=\"https:\/\/www.rarom.ro\/wp-content\/uploads\/2018\/11\/TestFord_mare240.jpg 730w, https:\/\/www.rarom.ro\/wp-content\/uploads\/2018\/11\/TestFord_mare240-300x185.jpg 300w\" sizes=\"auto, (max-width: 730px) 100vw, 730px\" \/><\/a><\/p>\n<p style=\"text-align: justify;\"><a href=\"https:\/\/www.rarom.ro\/wp-content\/uploads\/2018\/11\/TestFord_pagini240.jpg\"><img loading=\"lazy\" decoding=\"async\" class=\"alignleft size-full wp-image-6882\" src=\"https:\/\/www.rarom.ro\/wp-content\/uploads\/2018\/11\/TestFord_pagini240.jpg\" alt=\"\" width=\"250\" height=\"165\" \/><\/a>\u00cei trec cu vederea arogan\u0163a cu care m\u0103 \u00eent\u00e2mpin\u0103. Culoarea Orange Fury \u00eel scoate at\u00e2t de mult \u00een eviden\u0163\u0103 \u00eenc\u00e2t m\u0103 irit\u0103, parc\u0103 te avertizeaz\u0103 deja cine va fi vedeta. Jantele negru t\u0103ciune, la fel ca plafonul textil, adaug\u0103 exact doza de contrast de care este nevoie pentru a-\u015fi atinge scopul r\u0103ut\u0103cios \u2013 acela de a te intimida. [&#8230;]<\/p>\n","protected":false},"excerpt":{"rendered":"<p>Test: Ford Mustang \u00cei trec cu vederea arogan\u0163a cu care m\u0103 \u00eent\u00e2mpin\u0103. Culoarea Orange Fury \u00eel scoate at\u00e2t de mult \u00een eviden\u0163\u0103 \u00eenc\u00e2t m\u0103 irit\u0103, parc\u0103 te avertizeaz\u0103 deja cine va fi vedeta. Jantele negru t\u0103ciune, la fel ca plafonul textil, adaug\u0103 exact doza de contrast de care este nevoie pentru a-\u015fi atinge scopul r\u0103ut\u0103cios [&hellip;]<\/p>\n","protected":false},"author":3,"featured_media":0,"parent":6869,"menu_order":2,"comment_status":"closed","ping_status":"closed","template":"","meta":{"_acf_changed":false,"footnotes":""},"class_list":["post-6879","page","type-page","status-publish","hentry"],"acf":[],"_links":{"self":[{"href":"https:\/\/www.rarom.ro\/index.php?rest_route=\/wp\/v2\/pages\/6879","targetHints":{"allow":["GET"]}}],"collection":[{"href":"https:\/\/www.rarom.ro\/index.php?rest_route=\/wp\/v2\/pages"}],"about":[{"href":"https:\/\/www.rarom.ro\/index.php?rest_route=\/wp\/v2\/types\/page"}],"author":[{"embeddable":true,"href":"https:\/\/www.rarom.ro\/index.php?rest_route=\/wp\/v2\/users\/3"}],"replies":[{"embeddable":true,"href":"https:\/\/www.rarom.ro\/index.php?rest_route=%2Fwp%2Fv2%2Fcomments&post=6879"}],"version-history":[{"count":1,"href":"https:\/\/www.rarom.ro\/index.php?rest_route=\/wp\/v2\/pages\/6879\/revisions"}],"predecessor-version":[{"id":6884,"href":"https:\/\/www.rarom.ro\/index.php?rest_route=\/wp\/v2\/pages\/6879\/revisions\/6884"}],"up":[{"embeddable":true,"href":"https:\/\/www.rarom.ro\/index.php?rest_route=\/wp\/v2\/pages\/6869"}],"wp:attachment":[{"href":"https:\/\/www.rarom.ro\/index.php?rest_route=%2Fwp%2Fv2%2Fmedia&parent=6879"}],"curies":[{"name":"wp","href":"https:\/\/api.w.org\/{rel}","templated":true}]}}