{"id":6873,"date":"2018-11-02T10:15:59","date_gmt":"2018-11-02T08:15:59","guid":{"rendered":"https:\/\/www.rarom.ro\/?page_id=6873"},"modified":"2018-11-02T15:09:54","modified_gmt":"2018-11-02T13:09:54","slug":"renault-zoe","status":"publish","type":"page","link":"https:\/\/www.rarom.ro\/?page_id=6873","title":{"rendered":"Renault Zoe"},"content":{"rendered":"<p><strong>Test: Renault Zoe<\/strong><\/p>\n<p><a href=\"https:\/\/www.rarom.ro\/wp-content\/uploads\/2018\/11\/TestRenault_mare240.jpg\"><img loading=\"lazy\" decoding=\"async\" class=\"size-full wp-image-6874 aligncenter\" src=\"https:\/\/www.rarom.ro\/wp-content\/uploads\/2018\/11\/TestRenault_mare240.jpg\" alt=\"\" width=\"730\" height=\"450\" srcset=\"https:\/\/www.rarom.ro\/wp-content\/uploads\/2018\/11\/TestRenault_mare240.jpg 730w, https:\/\/www.rarom.ro\/wp-content\/uploads\/2018\/11\/TestRenault_mare240-300x185.jpg 300w\" sizes=\"auto, (max-width: 730px) 100vw, 730px\" \/><\/a><\/p>\n<p style=\"text-align: justify;\"><a href=\"https:\/\/www.rarom.ro\/wp-content\/uploads\/2018\/11\/TestRenault_pagini240.jpg\"><img loading=\"lazy\" decoding=\"async\" class=\"alignleft size-full wp-image-6876\" src=\"https:\/\/www.rarom.ro\/wp-content\/uploads\/2018\/11\/TestRenault_pagini240.jpg\" alt=\"\" width=\"250\" height=\"165\" \/><\/a>Chiar dac\u0103 sunt un fan al motoarelor cu ardere intern\u0103 trebuie s\u0103 recunosc c\u0103 cele electrice pot fi la fel de dinamice. Dar \u015fi cu o doz\u0103 considerabil\u0103 de &#8222;fun&#8221;. M-am l\u0103murit de asta dup\u0103 ceva timp petrecut cu Renault ZOE. [&#8230;]<\/p>\n<p>&nbsp;<br \/>\n&nbsp;<br \/>\n&nbsp;<\/p>\n","protected":false},"excerpt":{"rendered":"<p>Test: Renault Zoe Chiar dac\u0103 sunt un fan al motoarelor cu ardere intern\u0103 trebuie s\u0103 recunosc c\u0103 cele electrice pot fi la fel de dinamice. Dar \u015fi cu o doz\u0103 considerabil\u0103 de &#8222;fun&#8221;. M-am l\u0103murit de asta dup\u0103 ceva timp petrecut cu Renault ZOE. [&#8230;] &nbsp; &nbsp; &nbsp;<\/p>\n","protected":false},"author":3,"featured_media":0,"parent":6869,"menu_order":1,"comment_status":"closed","ping_status":"closed","template":"","meta":{"_acf_changed":false,"footnotes":""},"class_list":["post-6873","page","type-page","status-publish","hentry"],"acf":[],"_links":{"self":[{"href":"https:\/\/www.rarom.ro\/index.php?rest_route=\/wp\/v2\/pages\/6873","targetHints":{"allow":["GET"]}}],"collection":[{"href":"https:\/\/www.rarom.ro\/index.php?rest_route=\/wp\/v2\/pages"}],"about":[{"href":"https:\/\/www.rarom.ro\/index.php?rest_route=\/wp\/v2\/types\/page"}],"author":[{"embeddable":true,"href":"https:\/\/www.rarom.ro\/index.php?rest_route=\/wp\/v2\/users\/3"}],"replies":[{"embeddable":true,"href":"https:\/\/www.rarom.ro\/index.php?rest_route=%2Fwp%2Fv2%2Fcomments&post=6873"}],"version-history":[{"count":2,"href":"https:\/\/www.rarom.ro\/index.php?rest_route=\/wp\/v2\/pages\/6873\/revisions"}],"predecessor-version":[{"id":6951,"href":"https:\/\/www.rarom.ro\/index.php?rest_route=\/wp\/v2\/pages\/6873\/revisions\/6951"}],"up":[{"embeddable":true,"href":"https:\/\/www.rarom.ro\/index.php?rest_route=\/wp\/v2\/pages\/6869"}],"wp:attachment":[{"href":"https:\/\/www.rarom.ro\/index.php?rest_route=%2Fwp%2Fv2%2Fmedia&parent=6873"}],"curies":[{"name":"wp","href":"https:\/\/api.w.org\/{rel}","templated":true}]}}