{"id":6869,"date":"2018-11-02T10:12:51","date_gmt":"2018-11-02T08:12:51","guid":{"rendered":"https:\/\/www.rarom.ro\/?page_id=6869"},"modified":"2018-11-02T14:46:31","modified_gmt":"2018-11-02T12:46:31","slug":"teste","status":"publish","type":"page","link":"https:\/\/www.rarom.ro\/?page_id=6869","title":{"rendered":"Teste"},"content":{"rendered":"<p><a href=\"https:\/\/www.rarom.ro\/wp-content\/uploads\/2018\/11\/TesteNoiembrie2018.jpg\"><img loading=\"lazy\" decoding=\"async\" class=\"size-full wp-image-6870 aligncenter\" src=\"https:\/\/www.rarom.ro\/wp-content\/uploads\/2018\/11\/TesteNoiembrie2018.jpg\" alt=\"\" width=\"730\" height=\"450\" srcset=\"https:\/\/www.rarom.ro\/wp-content\/uploads\/2018\/11\/TesteNoiembrie2018.jpg 730w, https:\/\/www.rarom.ro\/wp-content\/uploads\/2018\/11\/TesteNoiembrie2018-300x185.jpg 300w\" sizes=\"auto, (max-width: 730px) 100vw, 730px\" \/><\/a><\/p>\n<p>&nbsp;<\/p>\n<p><strong>EXPERIEN\u0162A ELECTRIC\u0102<\/strong><br \/>\n<strong>Test:<\/strong> <a href=\"https:\/\/www.rarom.ro\/?page_id=6873\">Renault Zoe<\/a><\/p>\n<p><strong>TEMPERAMENT N\u0102R\u0102VA\u015e<\/strong><br \/>\n<strong>Test:<\/strong> <a href=\"https:\/\/www.rarom.ro\/?page_id=6879\">Ford Mustang<\/a><\/p>\n<p><strong>UPGRADE DISCRET<\/strong><br \/>\n<strong>Test:<\/strong> <a href=\"https:\/\/www.rarom.ro\/?page_id=6885\">Mazda CX-3<\/a><\/p>\n<p><strong>TONIC PENTRU ORICE \u015eOFER<\/strong><br \/>\n<strong>Test:<\/strong> <a href=\"https:\/\/www.rarom.ro\/?page_id=6892\">Renault Megane R.S.<\/a><\/p>\n<p><strong>RECREATIO ET REGNUM<\/strong><br \/>\n<strong>Test:<\/strong> <a href=\"https:\/\/www.rarom.ro\/?page_id=6898\">Mercedes-Benz 63 AMG<\/a><\/p>\n<p>&nbsp;<\/p>\n","protected":false},"excerpt":{"rendered":"<p>&nbsp; EXPERIEN\u0162A ELECTRIC\u0102 Test: Renault Zoe TEMPERAMENT N\u0102R\u0102VA\u015e Test: Ford Mustang UPGRADE DISCRET Test: Mazda CX-3 TONIC PENTRU ORICE \u015eOFER Test: Renault Megane R.S. RECREATIO ET REGNUM Test: Mercedes-Benz 63 AMG &nbsp;<\/p>\n","protected":false},"author":3,"featured_media":0,"parent":6865,"menu_order":1,"comment_status":"closed","ping_status":"closed","template":"","meta":{"_acf_changed":false,"footnotes":""},"class_list":["post-6869","page","type-page","status-publish","hentry"],"acf":[],"_links":{"self":[{"href":"https:\/\/www.rarom.ro\/index.php?rest_route=\/wp\/v2\/pages\/6869","targetHints":{"allow":["GET"]}}],"collection":[{"href":"https:\/\/www.rarom.ro\/index.php?rest_route=\/wp\/v2\/pages"}],"about":[{"href":"https:\/\/www.rarom.ro\/index.php?rest_route=\/wp\/v2\/types\/page"}],"author":[{"embeddable":true,"href":"https:\/\/www.rarom.ro\/index.php?rest_route=\/wp\/v2\/users\/3"}],"replies":[{"embeddable":true,"href":"https:\/\/www.rarom.ro\/index.php?rest_route=%2Fwp%2Fv2%2Fcomments&post=6869"}],"version-history":[{"count":3,"href":"https:\/\/www.rarom.ro\/index.php?rest_route=\/wp\/v2\/pages\/6869\/revisions"}],"predecessor-version":[{"id":6934,"href":"https:\/\/www.rarom.ro\/index.php?rest_route=\/wp\/v2\/pages\/6869\/revisions\/6934"}],"up":[{"embeddable":true,"href":"https:\/\/www.rarom.ro\/index.php?rest_route=\/wp\/v2\/pages\/6865"}],"wp:attachment":[{"href":"https:\/\/www.rarom.ro\/index.php?rest_route=%2Fwp%2Fv2%2Fmedia&parent=6869"}],"curies":[{"name":"wp","href":"https:\/\/api.w.org\/{rel}","templated":true}]}}