{"id":68,"date":"2015-10-14T15:21:30","date_gmt":"2015-10-14T15:21:30","guid":{"rendered":"https:\/\/www.rarom.ro\/?page_id=68"},"modified":"2025-06-30T12:12:40","modified_gmt":"2025-06-30T09:12:40","slug":"revista-auto-test","status":"publish","type":"page","link":"https:\/\/www.rarom.ro\/?page_id=68","title":{"rendered":"Auto Test Magazin"},"content":{"rendered":"<div class=\"wp-block-image\">\n<figure class=\"aligncenter size-full\"><a href=\"https:\/\/autotestmagazin.ro\/\"><img loading=\"lazy\" decoding=\"async\" width=\"730\" height=\"492\" src=\"https:\/\/www.rarom.ro\/wp-content\/uploads\/2024\/09\/AutoTest-Magazin.jpg\" alt=\"\" class=\"wp-image-298094\" srcset=\"https:\/\/www.rarom.ro\/wp-content\/uploads\/2024\/09\/AutoTest-Magazin.jpg 730w, https:\/\/www.rarom.ro\/wp-content\/uploads\/2024\/09\/AutoTest-Magazin-300x202.jpg 300w\" sizes=\"auto, (max-width: 730px) 100vw, 730px\" \/><\/a><\/figure><\/div>\n\n\n<p><\/p>\n\n\n\n<p>\u00cen trend cu vremurile, adaptat\u0103 editorialistic \u015fi din punct de vedere al designului, cu mult\u0103 experien\u0163\u0103 acumulat\u0103 \u015fi idei smart, echipa Auto Test Magazin se prezint\u0103 \u00een fa\u0163a dumneavoastr\u0103 \u00een formula online, pe un site modern \u015fi complex.<\/p>\n\n\n\n<p>Suntem prezen\u0163i zi de zi, la un click distan\u0163\u0103 de pe orice device. Pentru ca publicul nostru s\u0103 \u015ftie mai mult, s\u0103 aib\u0103 parte de informa\u0163ii de calitate, documentate, probate \u015fi cu garan\u0163ia RAR.<\/p>\n\n\n\n<p>Site-ul Auto Test Magazin are zilnic \u015ftiri despre nout\u0103\u021bile din pia\u0163a auto, informa\u0163ii despre siguran\u021ba \u00een trafic, \u00een str\u00e2ns\u0103 leg\u0103tur\u0103 cu activit\u0103\u0163ile Registrului Auto Rom\u00e2n, teste auto realizate de cei mai versa\u0163i jurnali\u015fti din domeniu, statistici \u015fi reportaje, toate menite s\u0103 v\u0103 fie de folos atunci c\u00e2nd v\u0103 urca\u0163i la volan.<\/p>\n\n\n\n<p>Auto Test Magazin este o prelungire a activit\u0103\u0163ilor RAR \u00een toate sferele de interes auto, iar ceea ce accesa\u021bi zilnic va purta garan\u0163ia Registrului Auto Rom\u00e2n.<\/p>\n\n\n\n<p>Echipa noastr\u0103 nu doar c\u0103 este o enciclopedie de experien\u021b\u0103, dar pune la b\u0103taie \u015fi o scriitur\u0103 de excep\u0163ie care va face lectura c\u00e2t mai facil\u0103 \u015fi pl\u0103cut\u0103.<\/p>\n\n\n\n<p>Revista print Auto Test Magazin, care ne-a cuprins timp de peste 30 de ani g\u00e2ndurile \u015fi informa\u0163iile \u015fi care a poposit \u00een casele dumneavoastr\u0103 este acum o platform\u0103 online, elaborat\u0103 cu plus valoare.<\/p>\n\n\n\n<div style=\"height:30px\" aria-hidden=\"true\" class=\"wp-block-spacer\"><\/div>\n\n\n\n<div style=\"background-color: #415ca5; width: 100%; text-align: left; padding: 5px; float: left;\"><span style=\"color: #ffffff;\"><strong>Auto Test Magazin<\/strong><\/span><\/div>\n\n\n\n<div style=\"width: 400px; float: left;\">\n<p><strong>Bucure\u015fti<\/strong>&nbsp;&#8211;&nbsp;010719, sector 1,<br>Calea Grivi\u0163ei nr. 391A<\/p>\n<p><strong>Coordonate GPS:<\/strong><br>44.468488, 26.051998<\/p>\n<p><a href=\"http:\/\/www.autotestmagazin.ro\">www.autotestmagazin.ro<\/a><\/p>\n<p style=\"display: block; line-height: 10px;\"><strong>Urm\u0103ri\u021bi-ne \u0219i pe<\/strong><br><a href=\"https:\/\/www.facebook.com\/autotestmagazin\/\"><br><img decoding=\"async\" src=\"https:\/\/www.rarom.ro\/wp-content\/uploads\/2015\/10\/logo_facebook.svg\" alt=\"Facebook Auto Test Magazin\"><\/a><\/p>\n<\/div>\n\n\n\n<div style=\"width: 300px; float: left;\">\n<p><strong>Redac\u0163ie Auto Test<\/strong><\/p>\n<p><img loading=\"lazy\" decoding=\"async\" src=\"\/cs-photos\/telefon.png\" alt=\"\" width=\"17\" height=\"16\" align=\"bottom\" border=\"0\" hspace=\"0\">&nbsp;<a href=\"tel:021 202.70.00\" target=\"_blank\" rel=\"noopener noreferrer\">021&nbsp;202.70.00<\/a>&nbsp;int. 147<br><img loading=\"lazy\" decoding=\"async\" src=\"\/cs-photos\/e-mail.png\" alt=\"\" width=\"17\" height=\"13\" align=\"bottom\" border=\"0\" hspace=\"0\">&nbsp;<a href=\"mailto:autotest@rarom.ro\">autotest@rarom.ro<\/a><\/p>\n<p><strong>Redactori:<\/strong><br>Radu Buh\u0103ni\u0163\u0103<br>Emilia Petre<br>Florin Necula<br>George Drugescu<br>Drago\u015f B\u0103lt\u0103\u0163eanu<br>Sorin Barbu<br>Gabriel Manole<br>Alexandru Costea<\/p>\n<p><strong>Departament difuzare:<\/strong><br>Sorin T\u0103b\u00e2rc\u0103<\/p>\n<\/div>\n\n\n\n<p>&nbsp;<\/p>\n","protected":false},"excerpt":{"rendered":"<p>\u00cen trend cu vremurile, adaptat\u0103 editorialistic \u015fi din punct de vedere al designului, cu mult\u0103 experien\u0163\u0103 acumulat\u0103 \u015fi idei smart, echipa Auto Test Magazin se prezint\u0103 \u00een fa\u0163a dumneavoastr\u0103 \u00een formula online, pe un site modern \u015fi complex. Suntem prezen\u0163i zi de zi, la un click distan\u0163\u0103 de pe orice device. Pentru ca publicul nostru [&hellip;]<\/p>\n","protected":false},"author":1,"featured_media":0,"parent":6,"menu_order":12,"comment_status":"closed","ping_status":"closed","template":"","meta":{"_acf_changed":false,"footnotes":""},"class_list":["post-68","page","type-page","status-publish","hentry"],"acf":[],"_links":{"self":[{"href":"https:\/\/www.rarom.ro\/index.php?rest_route=\/wp\/v2\/pages\/68","targetHints":{"allow":["GET"]}}],"collection":[{"href":"https:\/\/www.rarom.ro\/index.php?rest_route=\/wp\/v2\/pages"}],"about":[{"href":"https:\/\/www.rarom.ro\/index.php?rest_route=\/wp\/v2\/types\/page"}],"author":[{"embeddable":true,"href":"https:\/\/www.rarom.ro\/index.php?rest_route=\/wp\/v2\/users\/1"}],"replies":[{"embeddable":true,"href":"https:\/\/www.rarom.ro\/index.php?rest_route=%2Fwp%2Fv2%2Fcomments&post=68"}],"version-history":[{"count":233,"href":"https:\/\/www.rarom.ro\/index.php?rest_route=\/wp\/v2\/pages\/68\/revisions"}],"predecessor-version":[{"id":300661,"href":"https:\/\/www.rarom.ro\/index.php?rest_route=\/wp\/v2\/pages\/68\/revisions\/300661"}],"up":[{"embeddable":true,"href":"https:\/\/www.rarom.ro\/index.php?rest_route=\/wp\/v2\/pages\/6"}],"wp:attachment":[{"href":"https:\/\/www.rarom.ro\/index.php?rest_route=%2Fwp%2Fv2%2Fmedia&parent=68"}],"curies":[{"name":"wp","href":"https:\/\/api.w.org\/{rel}","templated":true}]}}