{"id":676,"date":"2015-10-20T07:02:38","date_gmt":"2015-10-20T07:02:38","guid":{"rendered":"https:\/\/www.rarom.ro\/?page_id=676"},"modified":"2025-12-16T15:11:46","modified_gmt":"2025-12-16T13:11:46","slug":"d-o-t-2","status":"publish","type":"page","link":"https:\/\/www.rarom.ro\/?page_id=676","title":{"rendered":"Omologare de Tip"},"content":{"rendered":"<div class=\"wp-block-image\">\n<figure class=\"aligncenter size-full\"><a href=\"https:\/\/www.rarom.ro\/wp-content\/uploads\/2024\/02\/DOT.jpg\"><img loading=\"lazy\" decoding=\"async\" width=\"730\" height=\"450\" src=\"https:\/\/www.rarom.ro\/wp-content\/uploads\/2024\/02\/DOT.jpg\" alt=\"\" class=\"wp-image-296622\" srcset=\"https:\/\/www.rarom.ro\/wp-content\/uploads\/2024\/02\/DOT.jpg 730w, https:\/\/www.rarom.ro\/wp-content\/uploads\/2024\/02\/DOT-300x185.jpg 300w\" sizes=\"auto, (max-width: 730px) 100vw, 730px\" \/><\/a><\/figure><\/div>\n\n\n<p><strong>Registrul Auto Rom\u00e2n (RAR),<\/strong>&nbsp;prin intermediul Direc\u0163iei Omologare de Tip, este notificat de Guvernul Rom\u00e2niei la Comisia Economic\u0103 pentru Europa a Organiza\u021biei Na\u021biunilor Unite (ONU) \u0219i la Comisia European\u0103 \u00een calitate de autoritate de omologare de tip pentru omologarea autovehiculelor \u0219i remorcilor acestora, precum \u0219i ale sistemelor, componentelor \u0219i unit\u0103\u021bilor tehnice separate destinate vehiculelor respective \u00een conformitate cu Acordul ONU din 1958 privind adoptarea regulamentelor tehnice armonizate pentru vehiculele rutiere, componentelor acestora \u0219i condi\u021biilor pentru recunoa\u0219terea reciproc\u0103 a omolog\u0103rilor acordate \u00een baza acestora \u0219i Regulamentul (UE) 2018\/858.<\/p>\n\n\n\n<p><strong>Direc\u0163ia Omologare de Tip<\/strong>, este entitatea din cadrul Direc\u0163iei Generale Omologare de Tip \u015fi Certificare Produse care are \u00een atribu\u0163ii urm\u0103toarele activit\u0103\u0163i:<\/p>\n\n\n\n<p>\u2b9a <strong><a href=\"https:\/\/www.rarom.ro\/?page_id=296595\">Omologarea de tip<\/a><\/strong><\/p>\n\n\n\n<p>\u2b9a<strong> <a href=\"https:\/\/www.rarom.ro\/?page_id=296599\">Acordarea num\u0103rului na\u0163ional de registru<\/a><\/strong><\/p>\n\n\n\n<p>\u2b9a <strong><a href=\"https:\/\/www.rarom.ro\/?page_id=296604\">Emiterea C\u0103r\u021bii de Identitate a Vehiculului (CIV) prin procedura de \u00eenregistrare na\u0163ional\u0103 de tip <\/a><\/strong><\/p>\n\n\n\n<p>\u2b9a <strong><a href=\"https:\/\/www.rarom.ro\/?page_id=296609\">Acordarea codului de identificare a produc\u0103torului unui vehicul &#8211; cod WMI (World Manufacturer Identifier)<\/a><\/strong><\/p>\n\n\n\n<p>\u2b9a <strong><a href=\"https:\/\/www.rarom.ro\/?page_id=296611\">Evaluarea ini\u021bial\u0103 a produc\u0103torilor \u015fi m\u0103suri privind conformitatea produselor<\/a><\/strong><\/p>\n\n\n\n<p>\u2b9a <a href=\"https:\/\/www.rarom.ro\/?page_id=296614\"><strong>Evaluarea, desemnarea \u015fi monitorizarea serviciilor tehnice<\/strong>.<\/a><\/p>\n\n\n\n<hr>\n\n\n\n<p><strong>Cadrul legislativ <\/strong>este definit de:<\/p>\n\n\n\n<hr>\n\n\n\n<p><strong>Regulamentul (UE) 2018\/858<\/strong> privind omologarea \u0219i supravegherea pie\u021bei autovehiculelor \u0219i remorcilor acestora, precum \u0219i ale sistemelor, componentelor \u0219i unit\u0103\u021bilor tehnice separate destinate vehiculelor respective, cu modific\u0103rile \u015fi complet\u0103rile ulterioare.<\/p>\n\n\n\n<p><strong>Regulamentul<\/strong><strong> (UE) 2019\/2144<\/strong> privind cerin\u021bele pentru omologarea de tip a autovehiculelor \u0219i remorcilor acestora, precum \u0219i a sistemelor, componentelor \u0219i unit\u0103\u021bilor tehnice separate destinate unor astfel de vehicule, \u00een ceea ce prive\u0219te siguran\u021ba general\u0103 a acestora \u0219i protec\u021bia ocupan\u021bilor vehiculului \u0219i a utilizatorilor vulnerabili ai drumurilor, de modificare a Regulamentului (UE) 2018\/858.<\/p>\n\n\n\n<p><strong>Regulamentul<\/strong><strong> (UE) 2020\/683<\/strong> pentru punerea \u00een aplicare a Regulamentului (UE) 2018\/858 \u00een ceea ce prive\u0219te cerin\u021bele administrative pentru omologarea \u0219i supravegherea pie\u021bei autovehiculelor \u0219i remorcilor acestora, precum \u0219i ale sistemelor, componentelor \u0219i unit\u0103\u021bilor tehnice separate destinate vehiculelor respective.<\/p>\n\n\n\n<p><strong>Ordinul MTIC nr. 2224\/2020<\/strong> Ministerului Transporturilor, Infrastructurii \u015fi Comunica\u0163iilor pentru aprobarea Reglement\u0103rilor privind omologarea de tip \u015fi eliberarea c\u0103r\u0163ii de identitate a vehiculelor rutiere, precum \u015fi omologarea de tip a produselor utilizate la acestea &#8211; RNTR 2, cu modific\u0103rile \u015fi complet\u0103rile ulterioare.<\/p>\n\n\n\n<p><strong>O<\/strong><strong>rdinul<\/strong><strong> nr. 1224\/M.219\/2021<\/strong> al ministrului transporturilor \u0219i infrastructurii, interimar, \u0219i al ministrului ap\u0103r\u0103rii na\u021bionale pentru aprobarea Reglement\u0103rilor privind omologarea na\u021bional\u0103 a vehiculelor rutiere concepute \u0219i fabricate sau modificate pentru a fi utilizate exclusiv de for\u021bele armate, cu modific\u0103rile \u015fi complet\u0103rile ulterioare.<\/p>\n\n\n\n<p><strong>Regulament (UE) 168\/2013<\/strong> privind omologarea \u015fi supravegherea pie\u0163ei pentru vehiculele cu dou\u0103 sau trei ro\u0163i \u015fi pentru cvadricicluri,cu modific\u0103rile \u015fi complet\u0103rile ulterioare.<\/p>\n\n\n\n<p><strong>Regulament (UE) 167\/2013<\/strong> privind omologarea \u015fi supravegherea pie\u0163ei pentru vehiculele agricole \u015fi forestiere, cu modific\u0103rile \u015fi complet\u0103rile ulterioare.<\/p>\n\n\n\n<p><strong>Acordul ONU din 1958<\/strong> privind adoptarea de prescrip\u0163ii tehnice uniforme aplicabile vehiculelor cu ro\u0163i, echipamentelor \u015fi componentelor ce pot fi montate sau utilizate pe vehicule cu ro\u0163i \u015fi condi\u0163iile de recunoa\u015ftere reciproc\u0103 a omolog\u0103rilor eliberate pe baza acestor prescrip\u0163ii.<\/p>\n\n\n\n<p><strong>TRANS\/WP29\/343<\/strong>, revizia \u00een vigoare &#8211; Situa\u0163ia \u00een ceea ce prive\u015fte Acordul ONU din 1958, Regulamentele anexate \u015fi amendamentele acestora.<\/p>\n\n\n\n<div style=\"height:20px\" aria-hidden=\"true\" class=\"wp-block-spacer\"><\/div>\n\n\n\n<hr>\n\n\n\n<p><strong>Direc\u0163ia General\u0103 Omologare de Tip \u0219i Certificare Produse&nbsp;(DGOTCP)<\/strong><\/p>\n\n\n\n<hr>\n\n\n\n<div style=\"height:20px\" aria-hidden=\"true\" class=\"wp-block-spacer\"><\/div>\n\n\n\n<div class=\"wp-block-group\"><div class=\"wp-block-group__inner-container is-layout-constrained wp-block-group-is-layout-constrained\">\n<div class=\"wp-block-columns is-layout-flex wp-container-core-columns-is-layout-9d6595d7 wp-block-columns-is-layout-flex\">\n<div class=\"wp-block-column is-layout-flow wp-block-column-is-layout-flow\" style=\"flex-basis:33.33%\"><div class=\"wp-block-image is-style-rounded\">\n<figure class=\"aligncenter size-large is-resized\"><a href=\"https:\/\/www.rarom.ro\/wp-content\/uploads\/2015\/10\/Marius_Damachi_1.png\"><img decoding=\"async\" src=\"https:\/\/www.rarom.ro\/wp-content\/uploads\/2015\/10\/Marius_Damachi_1.png\" alt=\"\" style=\"width:150px;height:150px\"\/><\/a><\/figure><\/div>\n\n\n<div style=\"height:20px\" aria-hidden=\"true\" class=\"wp-block-spacer\"><\/div>\n\n\n\n<p class=\"has-text-align-center\"><strong>Ing. Marius DAMACHI<\/strong><br><em><em>Director DGOTCP<\/em><\/em><\/p>\n<\/div>\n\n\n\n<div class=\"wp-block-column is-layout-flow wp-block-column-is-layout-flow\" style=\"flex-basis:66.66%\">\n<p><strong>Adresa:<\/strong> Calea Grivi\u0163ei nr. 391A, cod 010719<br>Bucure\u015fti, sector 1<\/p>\n\n\n\n<p>Date de contact pentru informa\u021bii generale \u0219i pentru activit\u0103\u021bile \u0219i presta\u021biile efectuate \u00een regim individual<\/p>\n\n\n\n<div class=\"wp-block-columns are-vertically-aligned-top is-layout-flex wp-container-core-columns-is-layout-9d6595d7 wp-block-columns-is-layout-flex\">\n<div class=\"wp-block-column is-vertically-aligned-top is-layout-flow wp-block-column-is-layout-flow\" style=\"flex-basis:10%\">\n<p>Tel.: <\/p>\n\n\n\n<p>E-mail:<\/p>\n<\/div>\n\n\n\n<div class=\"wp-block-column is-vertically-aligned-top is-layout-flow wp-block-column-is-layout-flow\" style=\"flex-basis:90%\">\n<p>021 202.70.01<\/p>\n\n\n\n<p><a href=\"mailto:office@rarom.ro\">office@rarom.ro<\/a><\/p>\n<\/div>\n<\/div>\n\n\n\n<p>Date de contact pentru informa\u021bii privind omologarea de tip a vehiculelor noi produse \u00een serie sau pentru \u00eenregistrarea de tip a vehiculelor noi ce de\u021bin omologare de tip UE, persoane juridice<\/p>\n\n\n\n<div class=\"wp-block-columns are-vertically-aligned-top is-layout-flex wp-container-core-columns-is-layout-9d6595d7 wp-block-columns-is-layout-flex\">\n<div class=\"wp-block-column is-vertically-aligned-top is-layout-flow wp-block-column-is-layout-flow\" style=\"flex-basis:10%\">\n<p>Tel.: <\/p>\n<\/div>\n\n\n\n<div class=\"wp-block-column is-vertically-aligned-top is-layout-flow wp-block-column-is-layout-flow\" style=\"flex-basis:90%\">\n<p>021 318.17.43<br>021 202.70.07<\/p>\n<\/div>\n<\/div>\n\n\n\n<div class=\"wp-block-columns are-vertically-aligned-top is-layout-flex wp-container-core-columns-is-layout-9d6595d7 wp-block-columns-is-layout-flex\">\n<div class=\"wp-block-column is-vertically-aligned-top is-layout-flow wp-block-column-is-layout-flow\" style=\"flex-basis:10%\">\n<p>E-mail: <\/p>\n<\/div>\n\n\n\n<div class=\"wp-block-column is-vertically-aligned-top is-layout-flow wp-block-column-is-layout-flow\" style=\"flex-basis:90%\">\n<p><a href=\"mailto:office@rarom.ro\" target=\"_blank\" rel=\"noreferrer noopener\">office@rarom.ro<\/a><\/p>\n<\/div>\n<\/div>\n\n\n\n<hr>\n\n\n\n<p><strong>Direc\u0163ia Omologare de Tip<\/strong><\/p>\n\n\n\n<p><strong>Adresa: Bucure\u015fti,<\/strong>&nbsp;B-dul. Expozi\u0163iei nr. 1K, sector 1<\/p>\n\n\n\n<p><strong>ing. Alin RO\u015eCA<\/strong><br><em>Director Direc\u0163ia Omologare de Tip<\/em><\/p>\n\n\n\n<p>Tel.: 031 425.72.64<br>E-mail:\u00a0<a href=\"mailto:office@rarom.ro\" target=\"_blank\" rel=\"noreferrer noopener\">office@rarom.ro<\/a><\/p>\n\n\n\n<hr>\n\n\n\n<p><strong>Cristian-Roland MUSCELEANU<\/strong><br><em><em><em>\u0218ef Departament Omolog\u0103ri de Tip<\/em><\/em><\/em><\/p>\n\n\n\n<p>Tel.: 0248 615 396<\/p>\n\n\n\n<hr>\n\n\n\n<p><strong>Gabriel LUPULE\u0162 <\/strong><br><em><em><em>\u0218ef Departament Numere Na\u0163ionale de Registru<\/em><\/em><\/em><\/p>\n\n\n\n<p>Tel.: 031 425.73.26<\/p>\n\n\n\n<p><\/p>\n<\/div>\n<\/div>\n<\/div><\/div>\n","protected":false},"excerpt":{"rendered":"<p>Registrul Auto Rom\u00e2n (RAR),&nbsp;prin intermediul Direc\u0163iei Omologare de Tip, este notificat de Guvernul Rom\u00e2niei la Comisia Economic\u0103 pentru Europa a Organiza\u021biei Na\u021biunilor Unite (ONU) \u0219i la Comisia European\u0103 \u00een calitate de autoritate de omologare de tip pentru omologarea autovehiculelor \u0219i remorcilor acestora, precum \u0219i ale sistemelor, componentelor \u0219i unit\u0103\u021bilor tehnice separate destinate vehiculelor respective \u00een [&hellip;]<\/p>\n","protected":false},"author":1,"featured_media":0,"parent":0,"menu_order":1,"comment_status":"closed","ping_status":"closed","template":"page-departament-details.php","meta":{"_acf_changed":false,"footnotes":""},"class_list":["post-676","page","type-page","status-publish","hentry"],"acf":[],"_links":{"self":[{"href":"https:\/\/www.rarom.ro\/index.php?rest_route=\/wp\/v2\/pages\/676","targetHints":{"allow":["GET"]}}],"collection":[{"href":"https:\/\/www.rarom.ro\/index.php?rest_route=\/wp\/v2\/pages"}],"about":[{"href":"https:\/\/www.rarom.ro\/index.php?rest_route=\/wp\/v2\/types\/page"}],"author":[{"embeddable":true,"href":"https:\/\/www.rarom.ro\/index.php?rest_route=\/wp\/v2\/users\/1"}],"replies":[{"embeddable":true,"href":"https:\/\/www.rarom.ro\/index.php?rest_route=%2Fwp%2Fv2%2Fcomments&post=676"}],"version-history":[{"count":32,"href":"https:\/\/www.rarom.ro\/index.php?rest_route=\/wp\/v2\/pages\/676\/revisions"}],"predecessor-version":[{"id":301888,"href":"https:\/\/www.rarom.ro\/index.php?rest_route=\/wp\/v2\/pages\/676\/revisions\/301888"}],"wp:attachment":[{"href":"https:\/\/www.rarom.ro\/index.php?rest_route=%2Fwp%2Fv2%2Fmedia&parent=676"}],"curies":[{"name":"wp","href":"https:\/\/api.w.org\/{rel}","templated":true}]}}