{"id":6624,"date":"2018-09-10T10:59:56","date_gmt":"2018-09-10T07:59:56","guid":{"rendered":"https:\/\/www.rarom.ro\/?page_id=6624"},"modified":"2018-09-10T11:13:38","modified_gmt":"2018-09-10T08:13:38","slug":"peugeot-expert-van","status":"publish","type":"page","link":"https:\/\/www.rarom.ro\/?page_id=6624","title":{"rendered":"Peugeot Expert Van"},"content":{"rendered":"<p><strong>Test: Peugeot Expert Van<\/strong><\/p>\n<p><a href=\"https:\/\/www.rarom.ro\/wp-content\/uploads\/2018\/09\/TestVan_mare238.jpg\"><img loading=\"lazy\" decoding=\"async\" class=\"size-full wp-image-6625 aligncenter\" src=\"https:\/\/www.rarom.ro\/wp-content\/uploads\/2018\/09\/TestVan_mare238.jpg\" alt=\"\" width=\"730\" height=\"450\" srcset=\"https:\/\/www.rarom.ro\/wp-content\/uploads\/2018\/09\/TestVan_mare238.jpg 730w, https:\/\/www.rarom.ro\/wp-content\/uploads\/2018\/09\/TestVan_mare238-300x185.jpg 300w\" sizes=\"auto, (max-width: 730px) 100vw, 730px\" \/><\/a><\/p>\n<p><a href=\"https:\/\/www.rarom.ro\/wp-content\/uploads\/2018\/09\/TestVan_pagini238.jpg\"><img loading=\"lazy\" decoding=\"async\" class=\"alignleft size-full wp-image-6627\" src=\"https:\/\/www.rarom.ro\/wp-content\/uploads\/2018\/09\/TestVan_pagini238.jpg\" alt=\"\" width=\"250\" height=\"165\" \/><\/a>Se pare c\u0103 au trecut vremurile c\u00e2nd trebuia s\u0103 \u00eembraci o salopet\u0103 ca s\u0103 urci la volanul unui vehicul utilitar. Noul Peugeot Expert impune, prin aspectul modern \u015fi culoarea pastelat\u0103, cel pu\u0163in o \u0163inut\u0103 &#8222;smart casual&#8221;. S\u0103 \u00eensemne asta c\u0103 este mai pu\u0163in preg\u0103tit pentru munc\u0103? [&#8230;]<\/p>\n","protected":false},"excerpt":{"rendered":"<p>Test: Peugeot Expert Van Se pare c\u0103 au trecut vremurile c\u00e2nd trebuia s\u0103 \u00eembraci o salopet\u0103 ca s\u0103 urci la volanul unui vehicul utilitar. Noul Peugeot Expert impune, prin aspectul modern \u015fi culoarea pastelat\u0103, cel pu\u0163in o \u0163inut\u0103 &#8222;smart casual&#8221;. S\u0103 \u00eensemne asta c\u0103 este mai pu\u0163in preg\u0103tit pentru munc\u0103? [&#8230;]<\/p>\n","protected":false},"author":3,"featured_media":0,"parent":6602,"menu_order":4,"comment_status":"closed","ping_status":"closed","template":"","meta":{"_acf_changed":false,"footnotes":""},"class_list":["post-6624","page","type-page","status-publish","hentry"],"acf":[],"_links":{"self":[{"href":"https:\/\/www.rarom.ro\/index.php?rest_route=\/wp\/v2\/pages\/6624","targetHints":{"allow":["GET"]}}],"collection":[{"href":"https:\/\/www.rarom.ro\/index.php?rest_route=\/wp\/v2\/pages"}],"about":[{"href":"https:\/\/www.rarom.ro\/index.php?rest_route=\/wp\/v2\/types\/page"}],"author":[{"embeddable":true,"href":"https:\/\/www.rarom.ro\/index.php?rest_route=\/wp\/v2\/users\/3"}],"replies":[{"embeddable":true,"href":"https:\/\/www.rarom.ro\/index.php?rest_route=%2Fwp%2Fv2%2Fcomments&post=6624"}],"version-history":[{"count":1,"href":"https:\/\/www.rarom.ro\/index.php?rest_route=\/wp\/v2\/pages\/6624\/revisions"}],"predecessor-version":[{"id":6629,"href":"https:\/\/www.rarom.ro\/index.php?rest_route=\/wp\/v2\/pages\/6624\/revisions\/6629"}],"up":[{"embeddable":true,"href":"https:\/\/www.rarom.ro\/index.php?rest_route=\/wp\/v2\/pages\/6602"}],"wp:attachment":[{"href":"https:\/\/www.rarom.ro\/index.php?rest_route=%2Fwp%2Fv2%2Fmedia&parent=6624"}],"curies":[{"name":"wp","href":"https:\/\/api.w.org\/{rel}","templated":true}]}}