{"id":6618,"date":"2018-09-10T10:54:20","date_gmt":"2018-09-10T07:54:20","guid":{"rendered":"https:\/\/www.rarom.ro\/?page_id=6618"},"modified":"2018-09-10T11:13:17","modified_gmt":"2018-09-10T08:13:17","slug":"renault-megane-gt","status":"publish","type":"page","link":"https:\/\/www.rarom.ro\/?page_id=6618","title":{"rendered":"Renault Megane GT"},"content":{"rendered":"<p><strong>Test: Renault Megane GT<\/strong><\/p>\n<p><a href=\"https:\/\/www.rarom.ro\/wp-content\/uploads\/2018\/09\/TestRenault_mare238.jpg\"><img loading=\"lazy\" decoding=\"async\" class=\"size-full wp-image-6619 aligncenter\" src=\"https:\/\/www.rarom.ro\/wp-content\/uploads\/2018\/09\/TestRenault_mare238.jpg\" alt=\"\" width=\"730\" height=\"450\" srcset=\"https:\/\/www.rarom.ro\/wp-content\/uploads\/2018\/09\/TestRenault_mare238.jpg 730w, https:\/\/www.rarom.ro\/wp-content\/uploads\/2018\/09\/TestRenault_mare238-300x185.jpg 300w\" sizes=\"auto, (max-width: 730px) 100vw, 730px\" \/><\/a><\/p>\n<p><a href=\"https:\/\/www.rarom.ro\/wp-content\/uploads\/2018\/09\/TestRenault_pagini238.jpg\"><img loading=\"lazy\" decoding=\"async\" class=\"alignleft size-full wp-image-6621\" src=\"https:\/\/www.rarom.ro\/wp-content\/uploads\/2018\/09\/TestRenault_pagini238.jpg\" alt=\"\" width=\"250\" height=\"165\" \/><\/a>Ce avem noi aici?&#8230; \u00cen primul r\u00e2nd, al doilea cel mai performant motor din gama Renault Megane. Apoi avem o transmisie automat\u0103 cu dublu ambreiaj \u2013 EDC, cu o treapt\u0103 \u00een plus. Observ \u015fi o caroserie pe nedrept marginalizat\u0103 \u00een Rom\u00e2nia \u2013 wagon \u2013, dar \u015fi un buton pe care descifrez scris m\u0103runt &#8222;R.S. Drive&#8221;. [&#8230;]<\/p>\n","protected":false},"excerpt":{"rendered":"<p>Test: Renault Megane GT Ce avem noi aici?&#8230; \u00cen primul r\u00e2nd, al doilea cel mai performant motor din gama Renault Megane. Apoi avem o transmisie automat\u0103 cu dublu ambreiaj \u2013 EDC, cu o treapt\u0103 \u00een plus. Observ \u015fi o caroserie pe nedrept marginalizat\u0103 \u00een Rom\u00e2nia \u2013 wagon \u2013, dar \u015fi un buton pe care descifrez [&hellip;]<\/p>\n","protected":false},"author":3,"featured_media":0,"parent":6602,"menu_order":3,"comment_status":"closed","ping_status":"closed","template":"","meta":{"_acf_changed":false,"footnotes":""},"class_list":["post-6618","page","type-page","status-publish","hentry"],"acf":[],"_links":{"self":[{"href":"https:\/\/www.rarom.ro\/index.php?rest_route=\/wp\/v2\/pages\/6618","targetHints":{"allow":["GET"]}}],"collection":[{"href":"https:\/\/www.rarom.ro\/index.php?rest_route=\/wp\/v2\/pages"}],"about":[{"href":"https:\/\/www.rarom.ro\/index.php?rest_route=\/wp\/v2\/types\/page"}],"author":[{"embeddable":true,"href":"https:\/\/www.rarom.ro\/index.php?rest_route=\/wp\/v2\/users\/3"}],"replies":[{"embeddable":true,"href":"https:\/\/www.rarom.ro\/index.php?rest_route=%2Fwp%2Fv2%2Fcomments&post=6618"}],"version-history":[{"count":1,"href":"https:\/\/www.rarom.ro\/index.php?rest_route=\/wp\/v2\/pages\/6618\/revisions"}],"predecessor-version":[{"id":6623,"href":"https:\/\/www.rarom.ro\/index.php?rest_route=\/wp\/v2\/pages\/6618\/revisions\/6623"}],"up":[{"embeddable":true,"href":"https:\/\/www.rarom.ro\/index.php?rest_route=\/wp\/v2\/pages\/6602"}],"wp:attachment":[{"href":"https:\/\/www.rarom.ro\/index.php?rest_route=%2Fwp%2Fv2%2Fmedia&parent=6618"}],"curies":[{"name":"wp","href":"https:\/\/api.w.org\/{rel}","templated":true}]}}