{"id":6612,"date":"2018-09-10T10:52:42","date_gmt":"2018-09-10T07:52:42","guid":{"rendered":"https:\/\/www.rarom.ro\/?page_id=6612"},"modified":"2018-09-10T11:12:59","modified_gmt":"2018-09-10T08:12:59","slug":"peugeot-3008","status":"publish","type":"page","link":"https:\/\/www.rarom.ro\/?page_id=6612","title":{"rendered":"Peugeot 3008"},"content":{"rendered":"<p><strong>Test: Peugeot 3008<\/strong><\/p>\n<p><a href=\"https:\/\/www.rarom.ro\/wp-content\/uploads\/2018\/09\/TestPeugeot_mare238.jpg\"><img loading=\"lazy\" decoding=\"async\" class=\"size-full wp-image-6613 aligncenter\" src=\"https:\/\/www.rarom.ro\/wp-content\/uploads\/2018\/09\/TestPeugeot_mare238.jpg\" alt=\"\" width=\"730\" height=\"450\" srcset=\"https:\/\/www.rarom.ro\/wp-content\/uploads\/2018\/09\/TestPeugeot_mare238.jpg 730w, https:\/\/www.rarom.ro\/wp-content\/uploads\/2018\/09\/TestPeugeot_mare238-300x185.jpg 300w\" sizes=\"auto, (max-width: 730px) 100vw, 730px\" \/><\/a><\/p>\n<p><a href=\"https:\/\/www.rarom.ro\/wp-content\/uploads\/2018\/09\/TestPeugeot_pagini238.jpg\"><img loading=\"lazy\" decoding=\"async\" class=\"alignleft size-full wp-image-6615\" src=\"https:\/\/www.rarom.ro\/wp-content\/uploads\/2018\/09\/TestPeugeot_pagini238.jpg\" alt=\"\" width=\"250\" height=\"165\" \/><\/a>Peugeot s-a g\u00e2ndit s\u0103 cucereasc\u0103 o parte din segmentul C cu o nou\u0103 genera\u0163ie a modelului 3008 care s\u0103 transforme c\u0103l\u0103toria \u00eentr-o experien\u0163\u0103 interactiv\u0103 cu ma\u015fina \u015fi s\u0103 scape, oarecum, de obsesia MPV-urilor. Asta pentru c\u0103 nu pot renun\u0163a la func\u0163ionalitate, spa\u0163iu \u015fi confort. [&#8230;]<\/p>\n","protected":false},"excerpt":{"rendered":"<p>Test: Peugeot 3008 Peugeot s-a g\u00e2ndit s\u0103 cucereasc\u0103 o parte din segmentul C cu o nou\u0103 genera\u0163ie a modelului 3008 care s\u0103 transforme c\u0103l\u0103toria \u00eentr-o experien\u0163\u0103 interactiv\u0103 cu ma\u015fina \u015fi s\u0103 scape, oarecum, de obsesia MPV-urilor. Asta pentru c\u0103 nu pot renun\u0163a la func\u0163ionalitate, spa\u0163iu \u015fi confort. [&#8230;]<\/p>\n","protected":false},"author":3,"featured_media":0,"parent":6602,"menu_order":2,"comment_status":"closed","ping_status":"closed","template":"","meta":{"_acf_changed":false,"footnotes":""},"class_list":["post-6612","page","type-page","status-publish","hentry"],"acf":[],"_links":{"self":[{"href":"https:\/\/www.rarom.ro\/index.php?rest_route=\/wp\/v2\/pages\/6612","targetHints":{"allow":["GET"]}}],"collection":[{"href":"https:\/\/www.rarom.ro\/index.php?rest_route=\/wp\/v2\/pages"}],"about":[{"href":"https:\/\/www.rarom.ro\/index.php?rest_route=\/wp\/v2\/types\/page"}],"author":[{"embeddable":true,"href":"https:\/\/www.rarom.ro\/index.php?rest_route=\/wp\/v2\/users\/3"}],"replies":[{"embeddable":true,"href":"https:\/\/www.rarom.ro\/index.php?rest_route=%2Fwp%2Fv2%2Fcomments&post=6612"}],"version-history":[{"count":1,"href":"https:\/\/www.rarom.ro\/index.php?rest_route=\/wp\/v2\/pages\/6612\/revisions"}],"predecessor-version":[{"id":6617,"href":"https:\/\/www.rarom.ro\/index.php?rest_route=\/wp\/v2\/pages\/6612\/revisions\/6617"}],"up":[{"embeddable":true,"href":"https:\/\/www.rarom.ro\/index.php?rest_route=\/wp\/v2\/pages\/6602"}],"wp:attachment":[{"href":"https:\/\/www.rarom.ro\/index.php?rest_route=%2Fwp%2Fv2%2Fmedia&parent=6612"}],"curies":[{"name":"wp","href":"https:\/\/api.w.org\/{rel}","templated":true}]}}