{"id":6606,"date":"2018-09-10T10:51:35","date_gmt":"2018-09-10T07:51:35","guid":{"rendered":"https:\/\/www.rarom.ro\/?page_id=6606"},"modified":"2018-09-10T13:00:40","modified_gmt":"2018-09-10T10:00:40","slug":"bmw-x2-xdrive-25d","status":"publish","type":"page","link":"https:\/\/www.rarom.ro\/?page_id=6606","title":{"rendered":"BMW X2 xDrive 25d"},"content":{"rendered":"<p><strong>Test: BMW X2 xDrive 25d<\/strong><\/p>\n<p style=\"text-align: center;\"><a href=\"https:\/\/www.rarom.ro\/wp-content\/uploads\/2018\/09\/TestBMW_mare238.jpg\"><img loading=\"lazy\" decoding=\"async\" class=\"size-full wp-image-6607 aligncenter\" src=\"https:\/\/www.rarom.ro\/wp-content\/uploads\/2018\/09\/TestBMW_mare238.jpg\" alt=\"\" width=\"730\" height=\"450\" srcset=\"https:\/\/www.rarom.ro\/wp-content\/uploads\/2018\/09\/TestBMW_mare238.jpg 730w, https:\/\/www.rarom.ro\/wp-content\/uploads\/2018\/09\/TestBMW_mare238-300x185.jpg 300w\" sizes=\"auto, (max-width: 730px) 100vw, 730px\" \/><\/a><\/p>\n<p style=\"text-align: justify;\"><a href=\"https:\/\/www.rarom.ro\/wp-content\/uploads\/2018\/09\/TestBMW_pagini238.jpg\"><img loading=\"lazy\" decoding=\"async\" class=\"alignleft size-full wp-image-6609\" src=\"https:\/\/www.rarom.ro\/wp-content\/uploads\/2018\/09\/TestBMW_pagini238.jpg\" alt=\"\" width=\"250\" height=\"165\" \/><\/a>BMW \u015fi-a creat o gam\u0103 complet\u0103 de SUV-uri, cuplate \u00een perechi cu modele ce se \u00een\u015fir\u0103 de la X1 \u015fi p\u00e2n\u0103 la X7, modele ce urmeaz\u0103 s\u0103 fie lansate \u00een cur\u00e2nd. Ast\u0103zi analiz\u0103m noul BMW X2, varianta &#8222;coupe&#8221; a celui mai mic SUV din gama constructorului bavarez. [&#8230;]<\/p>\n<p>&nbsp;<br \/>\n&nbsp;<br \/>\n&nbsp;<\/p>\n","protected":false},"excerpt":{"rendered":"<p>Test: BMW X2 xDrive 25d BMW \u015fi-a creat o gam\u0103 complet\u0103 de SUV-uri, cuplate \u00een perechi cu modele ce se \u00een\u015fir\u0103 de la X1 \u015fi p\u00e2n\u0103 la X7, modele ce urmeaz\u0103 s\u0103 fie lansate \u00een cur\u00e2nd. Ast\u0103zi analiz\u0103m noul BMW X2, varianta &#8222;coupe&#8221; a celui mai mic SUV din gama constructorului bavarez. [&#8230;] &nbsp; &nbsp; [&hellip;]<\/p>\n","protected":false},"author":3,"featured_media":0,"parent":6602,"menu_order":1,"comment_status":"closed","ping_status":"closed","template":"","meta":{"_acf_changed":false,"footnotes":""},"class_list":["post-6606","page","type-page","status-publish","hentry"],"acf":[],"_links":{"self":[{"href":"https:\/\/www.rarom.ro\/index.php?rest_route=\/wp\/v2\/pages\/6606","targetHints":{"allow":["GET"]}}],"collection":[{"href":"https:\/\/www.rarom.ro\/index.php?rest_route=\/wp\/v2\/pages"}],"about":[{"href":"https:\/\/www.rarom.ro\/index.php?rest_route=\/wp\/v2\/types\/page"}],"author":[{"embeddable":true,"href":"https:\/\/www.rarom.ro\/index.php?rest_route=\/wp\/v2\/users\/3"}],"replies":[{"embeddable":true,"href":"https:\/\/www.rarom.ro\/index.php?rest_route=%2Fwp%2Fv2%2Fcomments&post=6606"}],"version-history":[{"count":3,"href":"https:\/\/www.rarom.ro\/index.php?rest_route=\/wp\/v2\/pages\/6606\/revisions"}],"predecessor-version":[{"id":6690,"href":"https:\/\/www.rarom.ro\/index.php?rest_route=\/wp\/v2\/pages\/6606\/revisions\/6690"}],"up":[{"embeddable":true,"href":"https:\/\/www.rarom.ro\/index.php?rest_route=\/wp\/v2\/pages\/6602"}],"wp:attachment":[{"href":"https:\/\/www.rarom.ro\/index.php?rest_route=%2Fwp%2Fv2%2Fmedia&parent=6606"}],"curies":[{"name":"wp","href":"https:\/\/api.w.org\/{rel}","templated":true}]}}