{"id":644,"date":"2015-10-19T10:08:21","date_gmt":"2015-10-19T10:08:21","guid":{"rendered":"https:\/\/www.rarom.ro\/?page_id=644"},"modified":"2024-09-04T09:29:20","modified_gmt":"2024-09-04T06:29:20","slug":"informatii-mediu-2","status":"publish","type":"page","link":"https:\/\/www.rarom.ro\/?page_id=644","title":{"rendered":"Informa\u0163ii Mediu"},"content":{"rendered":"<h2 class=\"p1\"><span class=\"s1\"><b>Ce drepturi are publicul?<\/b><\/span><\/h2>\n<p class=\"p1\"><span class=\"s1\"><b>S\u0103 fie informat despre:<\/b><\/span><\/p>\n<ul class=\"ul1\">\n<li class=\"li1\"><span class=\"s1\">orice este informa\u0163ie privind mediul<\/span><\/li>\n<li class=\"li1\"><span class=\"s1\">o amenin\u0163are iminent\u0103 asupra s\u0103n\u0103t\u0103\u0163ii umane din cauze naturale sau provocat\u0103 de activit\u0103\u0163i umane<\/span><\/li>\n<li class=\"li1\"><span class=\"s1\">o amenin\u0163are iminent\u0103 asupra mediului din cauze naturale sau provocat\u0103 de activit\u0103\u0163i umane<\/span><\/li>\n<li class=\"li1\"><span class=\"s1\">operatorii economici care desf\u0103\u015foar\u0103 activit\u0103\u0163i pe baz\u0103 de autoriza\u0163ie\/autoriza\u0163ie integrat\u0103 de mediu, despre consecin\u0163ele acestor activit\u0103\u0163i \u015fi\/sau produselor lor asupra mediului.<\/span><\/li>\n<\/ul>\n<p class=\"p1\"><span class=\"s1\"><b>S\u0103 solicite:<\/b><\/span><\/p>\n<ul class=\"ul1\">\n<li class=\"li1\"><span class=\"s1\">punerea la dispozi\u0163ia sa a informa\u0163iei privind mediul.<\/span><\/li>\n<\/ul>\n<p class=\"p1\"><span class=\"s1\"><b>Cui solicit\u0103?<\/b><\/span><\/p>\n<ul class=\"ul1\">\n<li class=\"li1\"><span class=\"s1\">autorit\u0103\u0163ilor publice care de\u0163in informa\u0163ii privind mediul, adic\u0103 nu numai autorit\u0103\u0163ilor publice pentru protec\u0163ia mediului.<\/span><\/li>\n<\/ul>\n<p class=\"p1\"><span class=\"s1\"><b>Mai exact, cui solicit\u0103?<\/b><\/span><\/p>\n<ul class=\"ul1\">\n<li class=\"li1\"><span class=\"s1\">compartimentelor specializate de informare \u015fi rela\u0163ii publice din cadrul autorit\u0103\u0163ilor publice.<\/span><\/li>\n<\/ul>\n<p class=\"p1\"><span class=\"s1\"><b>Cum solicit\u0103?<\/b><\/span><\/p>\n<ul class=\"ul1\">\n<li class=\"li1\"><span class=\"s1\">\u00een scris.<\/span><\/li>\n<\/ul>\n<p class=\"p1\"><span class=\"s1\"><b>Alte mijloace de informare direct\u0103:<\/b><\/span><\/p>\n<ul class=\"ul1\">\n<li class=\"li1\"><span class=\"s1\">paginile web ale autorit\u0103\u0163ilor publice pentru protec\u0163ia mediului<\/span><\/li>\n<li class=\"li1\"><span class=\"s1\">paginile web ale altor autorit\u0103\u0163i publice<\/span><\/li>\n<li class=\"li1\"><span class=\"s1\">bazele de date cu informa\u0163ia privind mediul<\/span><\/li>\n<li class=\"li1\"><span class=\"s1\">pliante aflate la sediul autorit\u0103\u0163ilor de mediu<\/span><\/li>\n<li class=\"li1\"><span class=\"s1\">emisiuni radio\/TV, presa scris\u0103, comunicate de pres\u0103.<\/span><\/li>\n<\/ul>\n<h3 class=\"p1\">Ce informa\u021bie privind mediul se pune \u00een mod activ la dispozi\u021bia publicului?<\/h3>\n<ul class=\"ul1\">\n<li class=\"li1\"><span class=\"s1\">tratate, conven\u0163ii \u015fi acorduri interna\u0163ionale la care Rom\u00e2nia este parte<\/span><\/li>\n<li class=\"li1\"><span class=\"s1\">legisla\u0163ia na\u0163ional\u0103 privind mediul<\/span><\/li>\n<li class=\"li1\"><span class=\"s1\">politici, planuri \u015fi programe \u00een leg\u0103tur\u0103 cu mediul<\/span><\/li>\n<li class=\"li1\"><span class=\"s1\">rapoartele privind starea mediului<\/span><\/li>\n<li class=\"li1\"><span class=\"s1\">datele\/rezumatele datelor rezultate din monitorizarea activit\u0103\u0163ilor ce afecteaz\u0103 sau pot afecta mediul<\/span><\/li>\n<li class=\"li1\"><span class=\"s1\">avizele, acordurile \u015fi autoriza\u0163iile pentru activit\u0103\u0163ile cu impact asupra mediului<\/span><\/li>\n<li class=\"li1\"><span class=\"s1\">studiile de impact asupra mediului<\/span><\/li>\n<li class=\"li1\"><span class=\"s1\">evalu\u0103rile de risc privind elementele de mediu<\/span><\/li>\n<li class=\"li1\"><span class=\"s1\">conven\u0163iile \u00eencheiate \u00eentre autorit\u0103\u0163ile publice \u015fi persoanele fizice \u015fi\/sau juridice privind obiectivele de mediu, sau indicarea locului unde o astfel de informa\u0163ie poate fi g\u0103sit\u0103.<\/span><\/li>\n<\/ul>\n<h3 class=\"p1\"><span class=\"s1\"><b>Ce face\u021bi pentru a afla ce informa\u021bii privind mediul de\u021bin autorit\u0103\u021bile publice?<\/b><\/span><\/h3>\n<p class=\"p1\"><span class=\"s1\"><b>V\u0103 adresa\u0163i autorit\u0103\u0163ilor publice pentru protec\u0163ia mediului deoarece acestea sunt obligate:<\/b><\/span><\/p>\n<ul class=\"ul1\">\n<li class=\"li1\"><span class=\"s1\">s\u0103 afi\u015feze pe site-ul propriu lista informa\u0163iilor de mediu de\u0163inute, astfel:<\/span><\/li>\n<li class=\"li1\"><span class=\"s1\">&#8211; Ministerul Mediului \u015fi Dezvolt\u0103rii Durabile, la adresa <a href=\"http:\/\/www.mmediu.ro\/\"><span class=\"s3\">www.mmediu.ro<\/span><\/a><\/span><\/li>\n<li class=\"li1\"><span class=\"s1\">&#8211; Agen\u0163ia Na\u0163ional\u0103 pentru Protec\u0163ia Mediului, la adresa <a href=\"http:\/\/www.anpm.ro\/\"><span class=\"s3\">www.anpm.ro<\/span><\/a><\/span><\/li>\n<li class=\"li1\"><span class=\"s1\">s\u0103 elaboreze baza de date cu informa\u0163ia privind mediul diseminat\u0103 \u00een mod activ \u015fi s\u0103 asigure accesul publicului prin includerea acesteia pe pagina proprie web<\/span><\/li>\n<li class=\"li1\"><span class=\"s1\">s\u0103 asigure actualizarea bazelor de date, anual.<\/span><\/li>\n<\/ul>\n<h3 class=\"p1\"><span class=\"s1\"><b>Este gratuit accesul al informa\u021bia privind mediul?\u00a0<\/b><\/span><\/h3>\n<p class=\"p1\"><span class=\"s1\"><b>DA,<\/b><\/span><\/p>\n<ul class=\"ul1\">\n<li class=\"li1\"><span class=\"s1\">accesul la orice liste sau registre cu informa\u0163ii de mediu este gratuit dac\u0103 acestea sunt examinate pe loc,<\/span><\/li>\n<\/ul>\n<p class=\"p1\"><span class=\"s1\"><b>\u00ceNS\u0102<\/b><\/span><span class=\"s2\"><b><br \/>\n<\/b><\/span><span class=\"s1\"><b>SE APLIC\u0102 TARIFE<\/b><\/span><\/p>\n<ul class=\"ul1\">\n<li class=\"li1\"><span class=\"s1\">\u00een cazul \u00een care solicitarea de informa\u0163ie privind mediul implic\u0103 realizarea de copii.<\/span><\/li>\n<\/ul>\n<p class=\"p1\"><span class=\"s1\"><b>A\u015eADAR:<\/b> publicul achit\u0103 costul copierii.<\/span><\/p>\n<ul class=\"ul1\">\n<li class=\"li1\"><span class=\"s1\">informa\u0163ia poate fi solicitat\u0103 pe h\u00e2rtie, dischet\u0103, sub form\u0103 de \u00eenregistr\u0103ri audio\/video, CD, po\u015ft\u0103 electronic\u0103.<\/span><\/li>\n<\/ul>\n<h3 class=\"p1\"><span class=\"s1\"><b>\u00cen c\u00e2t timp se r\u0103spunde unei solicit\u0103ri scrise de informa\u021bie privind mediul?\u00a0<\/b><\/span><\/h3>\n<ul class=\"ul1\">\n<li class=\"li1\"><span class=\"s1\">\u00een maximum o lun\u0103 de la data \u00eenregistr\u0103rii cererii la autoritatea public\u0103<\/span><\/li>\n<li class=\"li1\"><span class=\"s1\">termenul de o lun\u0103 se poate prelungi la dou\u0103 luni dac\u0103 volumul \u015fi complexitatea informa\u0163iei solicitate sunt foarte mari.<\/span><\/li>\n<\/ul>\n<h3 class=\"p1\"><span class=\"s1\"><b>Se poate refuza o solicitare de informa\u021bie privind mediul?<\/b><\/span><\/h3>\n<p class=\"p1\"><span class=\"s1\"><b>DA,<\/b> dac\u0103 dezv\u0103luirea acesteia afecteaz\u0103:<\/span><\/p>\n<ul class=\"ul1\">\n<li class=\"li1\"><span class=\"s1\">confiden\u0163ialitatea procedurilor autorit\u0103\u0163ilor publice<\/span><\/li>\n<li class=\"li1\"><span class=\"s1\">rela\u0163iile interna\u0163ionale, securitatea public\u0103 sau ap\u0103rarea na\u0163ional\u0103<\/span><\/li>\n<li class=\"li1\"><span class=\"s1\">cursul justi\u0163iei<\/span><\/li>\n<li class=\"li1\"><span class=\"s1\">confiden\u0163ialitatea informa\u0163iilor comerciale sau industriale (protejarea unui interes economic legitim)<\/span><\/li>\n<li class=\"li1\"><span class=\"s1\">drepturile de proprietate intelectual\u0103<\/span><\/li>\n<li class=\"li1\"><span class=\"s1\">confiden\u0163ialitatea datelor personale \u015fi\/sau a dosarelor privind o persoan\u0103 fizic\u0103, \u00een cazul \u00een care acea persoan\u0103 nu a consim\u0163it la divulgarea c\u0103tre public a informa\u0163iilor<\/span><\/li>\n<li class=\"li1\"><span class=\"s1\">interesele sau protec\u0163ia oric\u0103rei persoane care a oferit voluntar informa\u0163iile cerute, f\u0103r\u0103 ca acea parte s\u0103 aib\u0103 obliga\u0163ia legal\u0103 sau s\u0103 fie posibil a fi obligat\u0103 legal s\u0103 furnizeze informa\u0163iile, cu excep\u0163ia cazului \u00een care acea persoan\u0103 a consim\u0163it la divulgarea informa\u0163iei respective<\/span><\/li>\n<li class=\"li1\"><span class=\"s1\">protec\u0163ia mediului la care se refer\u0103 astfel de informa\u0163ii, cum ar fi localizarea speciilor rare.<\/span><\/li>\n<\/ul>\n<p class=\"p1\"><span class=\"s1\"><b>MAI POATE FI REFUZAT\u0102 \u015eI C\u00c2ND:<\/b><\/span><\/p>\n<ul class=\"ul1\">\n<li class=\"li1\"><span class=\"s1\">informa\u0163ia solicitat\u0103 nu este de\u0163inut\u0103 de sau pentru autoritatea public\u0103 la care a fost \u00eenaintat\u0103 cererea<\/span><\/li>\n<li class=\"li1\"><span class=\"s1\">cererea este \u00een mod evident nerezolvabil\u0103<\/span><\/li>\n<li class=\"li1\"><span class=\"s1\">cererea este formulat\u0103 \u00eentr-o manier\u0103 prea general\u0103<\/span><\/li>\n<li class=\"li1\"><span class=\"s1\">cererea prive\u015fte materiale \u00een curs de completare sau documente ori date nefinalizate<\/span><\/li>\n<li class=\"li1\"><span class=\"s1\">cererea prive\u015fte sistemul de comunica\u0163ii interne.<\/span><\/li>\n<\/ul>\n<h3 class=\"p1\"><span class=\"s1\"><b>C\u00e2nd nu se respinge o solicitare de informa\u021bie privind mediul?<\/b><\/span><\/h3>\n<ul class=\"ul1\">\n<li class=\"li1\"><span class=\"s1\">c\u00e2nd aceasta se refer\u0103 la emisii, desc\u0103rc\u0103ri sau alte evacu\u0103ri de poluan\u0163i \u00een mediu<\/span><\/li>\n<li class=\"li1\"><span class=\"s1\">\u00een ce termen: se \u0163ine cont de termenul specificat de solicitant, c\u00e2t mai repede posibil, dar nu mai t\u00e2rziu o lun\u0103 de la data \u00eenregistr\u0103rii cererii.<\/span><\/li>\n<\/ul>\n<h3 class=\"p1\"><span class=\"s1\"><b>Public nemul\u021bumit?<\/b><\/span><\/h3>\n<p class=\"p1\"><span class=\"s1\">Orice persoan\u0103 nemul\u0163umit\u0103 de r\u0103spunsul primit la o cerere de furnizare a informa\u0163iei privind mediul are dreptul s\u0103 ac\u0163ioneze astfel:<\/span><\/p>\n<ul class=\"ul1\">\n<li class=\"li1\"><span class=\"s1\">pl\u00e2ngere prealabil\u0103 adresat\u0103 conduc\u0103torului autorit\u0103\u0163ii publice de la care a primit r\u0103spunsul nesatisf\u0103c\u0103tor<\/span><\/li>\n<li class=\"li1\"><span class=\"s1\">cerere la instan\u0163a de contencios administrativ competent\u0103, dac\u0103 nu este mul\u0163umit de solu\u0163ionarea pl\u00e2ngerii prealabile.<\/span><\/li>\n<\/ul>\n<p class=\"p1\"><span class=\"s1\">&#8211; Vezi Legea contenciosului administrativ nr. 554\/2004.<\/span><\/p>\n<p class=\"p1\"><span class=\"s1\">&#8211; Cite\u015fte HG nr. 878\/2005 privind accesul publicului la informa\u0163ia privind<\/span><\/p>\n<p class=\"p1\"><span class=\"s1\">mediul (MO nr. 760\/2005).<\/span><\/p>\n<p class=\"p3\"><span class=\"s4\"><a href=\"https:\/\/www.rarom.ro\/cs-uploads\/mediul.pdf\">Informa\u0163ii despre mediu (format PDF) <\/a><\/span><\/p>\n","protected":false},"excerpt":{"rendered":"<p>Ce drepturi are publicul? S\u0103 fie informat despre: orice este informa\u0163ie privind mediul o amenin\u0163are iminent\u0103 asupra s\u0103n\u0103t\u0103\u0163ii umane din cauze naturale sau provocat\u0103 de activit\u0103\u0163i umane o amenin\u0163are iminent\u0103 asupra mediului din cauze naturale sau provocat\u0103 de activit\u0103\u0163i umane operatorii economici care desf\u0103\u015foar\u0103 activit\u0103\u0163i pe baz\u0103 de autoriza\u0163ie\/autoriza\u0163ie integrat\u0103 de mediu, despre consecin\u0163ele acestor [&hellip;]<\/p>\n","protected":false},"author":1,"featured_media":0,"parent":0,"menu_order":8,"comment_status":"closed","ping_status":"closed","template":"","meta":{"_acf_changed":false,"footnotes":""},"class_list":["post-644","page","type-page","status-publish","hentry"],"acf":[],"_links":{"self":[{"href":"https:\/\/www.rarom.ro\/index.php?rest_route=\/wp\/v2\/pages\/644","targetHints":{"allow":["GET"]}}],"collection":[{"href":"https:\/\/www.rarom.ro\/index.php?rest_route=\/wp\/v2\/pages"}],"about":[{"href":"https:\/\/www.rarom.ro\/index.php?rest_route=\/wp\/v2\/types\/page"}],"author":[{"embeddable":true,"href":"https:\/\/www.rarom.ro\/index.php?rest_route=\/wp\/v2\/users\/1"}],"replies":[{"embeddable":true,"href":"https:\/\/www.rarom.ro\/index.php?rest_route=%2Fwp%2Fv2%2Fcomments&post=644"}],"version-history":[{"count":3,"href":"https:\/\/www.rarom.ro\/index.php?rest_route=\/wp\/v2\/pages\/644\/revisions"}],"predecessor-version":[{"id":10031,"href":"https:\/\/www.rarom.ro\/index.php?rest_route=\/wp\/v2\/pages\/644\/revisions\/10031"}],"wp:attachment":[{"href":"https:\/\/www.rarom.ro\/index.php?rest_route=%2Fwp%2Fv2%2Fmedia&parent=644"}],"curies":[{"name":"wp","href":"https:\/\/api.w.org\/{rel}","templated":true}]}}