{"id":6434,"date":"2018-07-05T09:17:06","date_gmt":"2018-07-05T06:17:06","guid":{"rendered":"https:\/\/www.rarom.ro\/?page_id=6434"},"modified":"2018-07-05T09:50:51","modified_gmt":"2018-07-05T06:50:51","slug":"sport","status":"publish","type":"page","link":"https:\/\/www.rarom.ro\/?page_id=6434","title":{"rendered":"Sport"},"content":{"rendered":"<p><strong>WRC Portugalia \u2013 Simone Tempestini<\/strong><\/p>\n<p><a href=\"https:\/\/www.rarom.ro\/wp-content\/uploads\/2018\/07\/Sport_mare237.jpg\"><img loading=\"lazy\" decoding=\"async\" class=\"aligncenter size-full wp-image-6435\" src=\"https:\/\/www.rarom.ro\/wp-content\/uploads\/2018\/07\/Sport_mare237.jpg\" alt=\"\" width=\"730\" height=\"450\" srcset=\"https:\/\/www.rarom.ro\/wp-content\/uploads\/2018\/07\/Sport_mare237.jpg 730w, https:\/\/www.rarom.ro\/wp-content\/uploads\/2018\/07\/Sport_mare237-300x185.jpg 300w\" sizes=\"auto, (max-width: 730px) 100vw, 730px\" \/><\/a><\/p>\n<p><a href=\"https:\/\/www.rarom.ro\/wp-content\/uploads\/2018\/07\/Sport_pagini237.jpg\"><img loading=\"lazy\" decoding=\"async\" class=\"size-full wp-image-6437 alignleft\" src=\"https:\/\/www.rarom.ro\/wp-content\/uploads\/2018\/07\/Sport_pagini237.jpg\" alt=\"\" width=\"250\" height=\"165\" \/><\/a>Un echipaj rom\u00e2nesc special concureaz\u0103 la cel mai \u00eenalt nivel al Campionatului Mondial de Raliuri. Simone Tempestini, pilot italian ce a adoptat cet\u0103\u0163enia rom\u00e2n\u0103, \u015fi navigatorul Sergiu Itu au luat startul \u00een sezonul 2018 al campionatului WRC 2. [&#8230;]<\/p>\n","protected":false},"excerpt":{"rendered":"<p>WRC Portugalia \u2013 Simone Tempestini Un echipaj rom\u00e2nesc special concureaz\u0103 la cel mai \u00eenalt nivel al Campionatului Mondial de Raliuri. Simone Tempestini, pilot italian ce a adoptat cet\u0103\u0163enia rom\u00e2n\u0103, \u015fi navigatorul Sergiu Itu au luat startul \u00een sezonul 2018 al campionatului WRC 2. [&#8230;]<\/p>\n","protected":false},"author":3,"featured_media":0,"parent":6354,"menu_order":5,"comment_status":"closed","ping_status":"closed","template":"","meta":{"_acf_changed":false,"footnotes":""},"class_list":["post-6434","page","type-page","status-publish","hentry"],"acf":[],"_links":{"self":[{"href":"https:\/\/www.rarom.ro\/index.php?rest_route=\/wp\/v2\/pages\/6434","targetHints":{"allow":["GET"]}}],"collection":[{"href":"https:\/\/www.rarom.ro\/index.php?rest_route=\/wp\/v2\/pages"}],"about":[{"href":"https:\/\/www.rarom.ro\/index.php?rest_route=\/wp\/v2\/types\/page"}],"author":[{"embeddable":true,"href":"https:\/\/www.rarom.ro\/index.php?rest_route=\/wp\/v2\/users\/3"}],"replies":[{"embeddable":true,"href":"https:\/\/www.rarom.ro\/index.php?rest_route=%2Fwp%2Fv2%2Fcomments&post=6434"}],"version-history":[{"count":1,"href":"https:\/\/www.rarom.ro\/index.php?rest_route=\/wp\/v2\/pages\/6434\/revisions"}],"predecessor-version":[{"id":6439,"href":"https:\/\/www.rarom.ro\/index.php?rest_route=\/wp\/v2\/pages\/6434\/revisions\/6439"}],"up":[{"embeddable":true,"href":"https:\/\/www.rarom.ro\/index.php?rest_route=\/wp\/v2\/pages\/6354"}],"wp:attachment":[{"href":"https:\/\/www.rarom.ro\/index.php?rest_route=%2Fwp%2Fv2%2Fmedia&parent=6434"}],"curies":[{"name":"wp","href":"https:\/\/api.w.org\/{rel}","templated":true}]}}