{"id":6427,"date":"2018-07-05T09:14:44","date_gmt":"2018-07-05T06:14:44","guid":{"rendered":"https:\/\/www.rarom.ro\/?page_id=6427"},"modified":"2018-07-05T11:17:43","modified_gmt":"2018-07-05T08:17:43","slug":"eveniment","status":"publish","type":"page","link":"https:\/\/www.rarom.ro\/?page_id=6427","title":{"rendered":"Eveniment"},"content":{"rendered":"<p><strong>Simona Halep<\/strong><\/p>\n<p><a href=\"https:\/\/www.rarom.ro\/wp-content\/uploads\/2018\/07\/Eveniment_mare237-1.jpg\"><img loading=\"lazy\" decoding=\"async\" class=\"aligncenter size-full wp-image-6467\" src=\"https:\/\/www.rarom.ro\/wp-content\/uploads\/2018\/07\/Eveniment_mare237-1.jpg\" alt=\"\" width=\"730\" height=\"450\" srcset=\"https:\/\/www.rarom.ro\/wp-content\/uploads\/2018\/07\/Eveniment_mare237-1.jpg 730w, https:\/\/www.rarom.ro\/wp-content\/uploads\/2018\/07\/Eveniment_mare237-1-300x185.jpg 300w\" sizes=\"auto, (max-width: 730px) 100vw, 730px\" \/><\/a><\/p>\n<p><a href=\"https:\/\/www.rarom.ro\/wp-content\/uploads\/2018\/07\/Eveniment_pagini237.jpg\"><img loading=\"lazy\" decoding=\"async\" class=\"size-full wp-image-6430 alignleft\" src=\"https:\/\/www.rarom.ro\/wp-content\/uploads\/2018\/07\/Eveniment_pagini237.jpg\" alt=\"\" width=\"250\" height=\"165\" \/><\/a>Simona Halep a c\u00e2\u015ftigat primul turneu de Grand Slam din carier\u0103 la Roland Garros dup\u0103 ce, acum zece ani, reu\u015fea s\u0103 ob\u0163in\u0103 titlul la juniori \u00een aceea\u015fi competi\u0163ie. Simona a pl\u00e2ns pe teren \u015fi a urcat \u00een tribun\u0103 pentru a-\u015fi \u00eembr\u0103\u0163i\u015fa p\u0103rin\u0163ii, dar \u015fi pe antrenorul Darren Cahill. A fost primul succes rom\u00e2nesc la Roland Garros dup\u0103 o pauz\u0103 de 40 de ani. [&#8230;]<\/p>\n","protected":false},"excerpt":{"rendered":"<p>Simona Halep Simona Halep a c\u00e2\u015ftigat primul turneu de Grand Slam din carier\u0103 la Roland Garros dup\u0103 ce, acum zece ani, reu\u015fea s\u0103 ob\u0163in\u0103 titlul la juniori \u00een aceea\u015fi competi\u0163ie. Simona a pl\u00e2ns pe teren \u015fi a urcat \u00een tribun\u0103 pentru a-\u015fi \u00eembr\u0103\u0163i\u015fa p\u0103rin\u0163ii, dar \u015fi pe antrenorul Darren Cahill. A fost primul succes rom\u00e2nesc [&hellip;]<\/p>\n","protected":false},"author":3,"featured_media":0,"parent":6354,"menu_order":4,"comment_status":"closed","ping_status":"closed","template":"","meta":{"_acf_changed":false,"footnotes":""},"class_list":["post-6427","page","type-page","status-publish","hentry"],"acf":[],"_links":{"self":[{"href":"https:\/\/www.rarom.ro\/index.php?rest_route=\/wp\/v2\/pages\/6427","targetHints":{"allow":["GET"]}}],"collection":[{"href":"https:\/\/www.rarom.ro\/index.php?rest_route=\/wp\/v2\/pages"}],"about":[{"href":"https:\/\/www.rarom.ro\/index.php?rest_route=\/wp\/v2\/types\/page"}],"author":[{"embeddable":true,"href":"https:\/\/www.rarom.ro\/index.php?rest_route=\/wp\/v2\/users\/3"}],"replies":[{"embeddable":true,"href":"https:\/\/www.rarom.ro\/index.php?rest_route=%2Fwp%2Fv2%2Fcomments&post=6427"}],"version-history":[{"count":2,"href":"https:\/\/www.rarom.ro\/index.php?rest_route=\/wp\/v2\/pages\/6427\/revisions"}],"predecessor-version":[{"id":6469,"href":"https:\/\/www.rarom.ro\/index.php?rest_route=\/wp\/v2\/pages\/6427\/revisions\/6469"}],"up":[{"embeddable":true,"href":"https:\/\/www.rarom.ro\/index.php?rest_route=\/wp\/v2\/pages\/6354"}],"wp:attachment":[{"href":"https:\/\/www.rarom.ro\/index.php?rest_route=%2Fwp%2Fv2%2Fmedia&parent=6427"}],"curies":[{"name":"wp","href":"https:\/\/api.w.org\/{rel}","templated":true}]}}