{"id":6411,"date":"2018-07-05T09:09:00","date_gmt":"2018-07-05T06:09:00","guid":{"rendered":"https:\/\/www.rarom.ro\/?page_id=6411"},"modified":"2018-07-05T09:49:29","modified_gmt":"2018-07-05T06:49:29","slug":"prezentare","status":"publish","type":"page","link":"https:\/\/www.rarom.ro\/?page_id=6411","title":{"rendered":"Prezentare"},"content":{"rendered":"<p><strong>Rolls-Royce Cullinan<\/strong><\/p>\n<p><a href=\"https:\/\/www.rarom.ro\/wp-content\/uploads\/2018\/07\/Prezentare_mare237.jpeg\"><img loading=\"lazy\" decoding=\"async\" class=\"aligncenter size-full wp-image-6412\" src=\"https:\/\/www.rarom.ro\/wp-content\/uploads\/2018\/07\/Prezentare_mare237.jpeg\" alt=\"\" width=\"730\" height=\"450\" srcset=\"https:\/\/www.rarom.ro\/wp-content\/uploads\/2018\/07\/Prezentare_mare237.jpeg 730w, https:\/\/www.rarom.ro\/wp-content\/uploads\/2018\/07\/Prezentare_mare237-300x185.jpeg 300w\" sizes=\"auto, (max-width: 730px) 100vw, 730px\" \/><\/a><\/p>\n<p><a href=\"https:\/\/www.rarom.ro\/wp-content\/uploads\/2018\/07\/Prezentare_pagini237.jpg\"><img loading=\"lazy\" decoding=\"async\" class=\"size-full wp-image-6414 alignleft\" src=\"https:\/\/www.rarom.ro\/wp-content\/uploads\/2018\/07\/Prezentare_pagini237.jpg\" alt=\"\" width=\"250\" height=\"165\" \/><\/a>Nebunia modelelor SUV a cuprins \u00een ultimii ani toate m\u0103rcile, chiar \u015fi pe cele mai exclusiviste, a\u015fa cum st\u0103 dovad\u0103 succesul fulminant \u00eenregistrat de Bentley Bentayga \u015fi Lamborghini Urus. \u00cen joc a intrat \u015fi marca \u00een prezent considerat\u0103 sinonim\u0103 cu luxul, Rolls-Royce, cu modelul Cullinan. [&#8230;]<\/p>\n","protected":false},"excerpt":{"rendered":"<p>Rolls-Royce Cullinan Nebunia modelelor SUV a cuprins \u00een ultimii ani toate m\u0103rcile, chiar \u015fi pe cele mai exclusiviste, a\u015fa cum st\u0103 dovad\u0103 succesul fulminant \u00eenregistrat de Bentley Bentayga \u015fi Lamborghini Urus. \u00cen joc a intrat \u015fi marca \u00een prezent considerat\u0103 sinonim\u0103 cu luxul, Rolls-Royce, cu modelul Cullinan. [&#8230;]<\/p>\n","protected":false},"author":3,"featured_media":0,"parent":6354,"menu_order":3,"comment_status":"closed","ping_status":"closed","template":"","meta":{"_acf_changed":false,"footnotes":""},"class_list":["post-6411","page","type-page","status-publish","hentry"],"acf":[],"_links":{"self":[{"href":"https:\/\/www.rarom.ro\/index.php?rest_route=\/wp\/v2\/pages\/6411","targetHints":{"allow":["GET"]}}],"collection":[{"href":"https:\/\/www.rarom.ro\/index.php?rest_route=\/wp\/v2\/pages"}],"about":[{"href":"https:\/\/www.rarom.ro\/index.php?rest_route=\/wp\/v2\/types\/page"}],"author":[{"embeddable":true,"href":"https:\/\/www.rarom.ro\/index.php?rest_route=\/wp\/v2\/users\/3"}],"replies":[{"embeddable":true,"href":"https:\/\/www.rarom.ro\/index.php?rest_route=%2Fwp%2Fv2%2Fcomments&post=6411"}],"version-history":[{"count":2,"href":"https:\/\/www.rarom.ro\/index.php?rest_route=\/wp\/v2\/pages\/6411\/revisions"}],"predecessor-version":[{"id":6442,"href":"https:\/\/www.rarom.ro\/index.php?rest_route=\/wp\/v2\/pages\/6411\/revisions\/6442"}],"up":[{"embeddable":true,"href":"https:\/\/www.rarom.ro\/index.php?rest_route=\/wp\/v2\/pages\/6354"}],"wp:attachment":[{"href":"https:\/\/www.rarom.ro\/index.php?rest_route=%2Fwp%2Fv2%2Fmedia&parent=6411"}],"curies":[{"name":"wp","href":"https:\/\/api.w.org\/{rel}","templated":true}]}}