{"id":6405,"date":"2018-07-05T09:07:45","date_gmt":"2018-07-05T06:07:45","guid":{"rendered":"https:\/\/www.rarom.ro\/?page_id=6405"},"modified":"2018-07-05T09:47:26","modified_gmt":"2018-07-05T06:47:26","slug":"interviu","status":"publish","type":"page","link":"https:\/\/www.rarom.ro\/?page_id=6405","title":{"rendered":"Interviu"},"content":{"rendered":"<p><strong>\u015etefan Floroaica<\/strong><\/p>\n<p><a href=\"https:\/\/www.rarom.ro\/wp-content\/uploads\/2018\/07\/Interviu_mare237.jpg\"><img loading=\"lazy\" decoding=\"async\" class=\"size-full wp-image-6406 aligncenter\" src=\"https:\/\/www.rarom.ro\/wp-content\/uploads\/2018\/07\/Interviu_mare237.jpg\" alt=\"\" width=\"730\" height=\"450\" srcset=\"https:\/\/www.rarom.ro\/wp-content\/uploads\/2018\/07\/Interviu_mare237.jpg 730w, https:\/\/www.rarom.ro\/wp-content\/uploads\/2018\/07\/Interviu_mare237-300x185.jpg 300w\" sizes=\"auto, (max-width: 730px) 100vw, 730px\" \/><\/a><\/p>\n<p><a href=\"https:\/\/www.rarom.ro\/wp-content\/uploads\/2018\/07\/Interviu_pagini237.jpg\"><img loading=\"lazy\" decoding=\"async\" class=\"size-full wp-image-6408 alignleft\" src=\"https:\/\/www.rarom.ro\/wp-content\/uploads\/2018\/07\/Interviu_pagini237.jpg\" alt=\"\" width=\"250\" height=\"165\" \/><\/a>Exatlon ne-a \u0163inut pe to\u0163i cu sufletul la gur\u0103. \u00cen fiecare sear\u0103 am urm\u0103rit duelul palpitant de la Kanal D dintre &#8222;R\u0103zboinici&#8221; \u015fi &#8222;Faimo\u015fi&#8221;. Au luptat pentru m\u00e2ncare \u015fi pentru un loc comod \u00een cas\u0103. Cine pierdea ajungea &#8222;la cote\u0163&#8221;, o barac\u0103 din lemn unde concuren\u0163ii dormeau pe jos \u015fi puteau fi vizita\u0163i de \u015fobolani \u015fi insecte. C\u00e2\u015ftig\u0103torul show-ului, Vladimir Draghia, a ob\u0163inut marele premiu de 100.000 de euro. Unul dintre cei mai aprecia\u0163i concuren\u0163i a fost \u015etefan Floroaica. Are doar 24 de ani, a impresionat prin calit\u0103\u0163ile fizice, dar \u015fi-a cucerit telespectatorii prin naturale\u0163e \u015fi sinceritate. &#8222;O s\u0103 te iubesc toat\u0103 via\u0163a mea!&#8221;, i-a spus Teo Trandafir dup\u0103 ce l-a \u00eent\u00e2lnit prima oar\u0103. [&#8230;]<\/p>\n","protected":false},"excerpt":{"rendered":"<p>\u015etefan Floroaica Exatlon ne-a \u0163inut pe to\u0163i cu sufletul la gur\u0103. \u00cen fiecare sear\u0103 am urm\u0103rit duelul palpitant de la Kanal D dintre &#8222;R\u0103zboinici&#8221; \u015fi &#8222;Faimo\u015fi&#8221;. Au luptat pentru m\u00e2ncare \u015fi pentru un loc comod \u00een cas\u0103. Cine pierdea ajungea &#8222;la cote\u0163&#8221;, o barac\u0103 din lemn unde concuren\u0163ii dormeau pe jos \u015fi puteau fi vizita\u0163i [&hellip;]<\/p>\n","protected":false},"author":3,"featured_media":0,"parent":6354,"menu_order":2,"comment_status":"closed","ping_status":"closed","template":"","meta":{"_acf_changed":false,"footnotes":""},"class_list":["post-6405","page","type-page","status-publish","hentry"],"acf":[],"_links":{"self":[{"href":"https:\/\/www.rarom.ro\/index.php?rest_route=\/wp\/v2\/pages\/6405","targetHints":{"allow":["GET"]}}],"collection":[{"href":"https:\/\/www.rarom.ro\/index.php?rest_route=\/wp\/v2\/pages"}],"about":[{"href":"https:\/\/www.rarom.ro\/index.php?rest_route=\/wp\/v2\/types\/page"}],"author":[{"embeddable":true,"href":"https:\/\/www.rarom.ro\/index.php?rest_route=\/wp\/v2\/users\/3"}],"replies":[{"embeddable":true,"href":"https:\/\/www.rarom.ro\/index.php?rest_route=%2Fwp%2Fv2%2Fcomments&post=6405"}],"version-history":[{"count":2,"href":"https:\/\/www.rarom.ro\/index.php?rest_route=\/wp\/v2\/pages\/6405\/revisions"}],"predecessor-version":[{"id":6440,"href":"https:\/\/www.rarom.ro\/index.php?rest_route=\/wp\/v2\/pages\/6405\/revisions\/6440"}],"up":[{"embeddable":true,"href":"https:\/\/www.rarom.ro\/index.php?rest_route=\/wp\/v2\/pages\/6354"}],"wp:attachment":[{"href":"https:\/\/www.rarom.ro\/index.php?rest_route=%2Fwp%2Fv2%2Fmedia&parent=6405"}],"curies":[{"name":"wp","href":"https:\/\/api.w.org\/{rel}","templated":true}]}}