{"id":6386,"date":"2018-07-04T15:54:56","date_gmt":"2018-07-04T12:54:56","guid":{"rendered":"https:\/\/www.rarom.ro\/?page_id=6386"},"modified":"2018-07-05T09:46:03","modified_gmt":"2018-07-05T06:46:03","slug":"indian-scout","status":"publish","type":"page","link":"https:\/\/www.rarom.ro\/?page_id=6386","title":{"rendered":"Indian Scout"},"content":{"rendered":"<p><strong>Test: Indian Scout<\/strong><\/p>\n<p><a href=\"https:\/\/www.rarom.ro\/wp-content\/uploads\/2018\/07\/TestIndian_mare237.jpg\"><img loading=\"lazy\" decoding=\"async\" class=\"aligncenter size-full wp-image-6387\" src=\"https:\/\/www.rarom.ro\/wp-content\/uploads\/2018\/07\/TestIndian_mare237.jpg\" alt=\"\" width=\"730\" height=\"450\" srcset=\"https:\/\/www.rarom.ro\/wp-content\/uploads\/2018\/07\/TestIndian_mare237.jpg 730w, https:\/\/www.rarom.ro\/wp-content\/uploads\/2018\/07\/TestIndian_mare237-300x185.jpg 300w\" sizes=\"auto, (max-width: 730px) 100vw, 730px\" \/><\/a><\/p>\n<p><a href=\"https:\/\/www.rarom.ro\/wp-content\/uploads\/2018\/07\/TestIndian_pagini237.jpg\"><img loading=\"lazy\" decoding=\"async\" class=\"size-full wp-image-6389 alignleft\" src=\"https:\/\/www.rarom.ro\/wp-content\/uploads\/2018\/07\/TestIndian_pagini237.jpg\" alt=\"\" width=\"250\" height=\"165\" \/><\/a>Linii clasice, o statur\u0103 minion\u0103, dar deloc fragil\u0103 \u015fi un nume aparte: Indian. Dup\u0103 nici c\u00e2teva zeci de metri la ghidonul modelului Scout realizez c\u0103 este mult mai mult dec\u00e2t at\u00e2t. Este o stare. O stare de suspendare \u00een timp \u015fi spa\u0163iu unde \u00ee\u0163i po\u0163i \u00eeng\u0103dui momente de bucurie pur\u0103, condimentate din plin cu adrenalin\u0103, pe un fundal sonor apocaliptic. [&#8230;]<\/p>\n","protected":false},"excerpt":{"rendered":"<p>Test: Indian Scout Linii clasice, o statur\u0103 minion\u0103, dar deloc fragil\u0103 \u015fi un nume aparte: Indian. Dup\u0103 nici c\u00e2teva zeci de metri la ghidonul modelului Scout realizez c\u0103 este mult mai mult dec\u00e2t at\u00e2t. Este o stare. O stare de suspendare \u00een timp \u015fi spa\u0163iu unde \u00ee\u0163i po\u0163i \u00eeng\u0103dui momente de bucurie pur\u0103, condimentate din [&hellip;]<\/p>\n","protected":false},"author":3,"featured_media":0,"parent":6358,"menu_order":3,"comment_status":"closed","ping_status":"closed","template":"","meta":{"_acf_changed":false,"footnotes":""},"class_list":["post-6386","page","type-page","status-publish","hentry"],"acf":[],"_links":{"self":[{"href":"https:\/\/www.rarom.ro\/index.php?rest_route=\/wp\/v2\/pages\/6386","targetHints":{"allow":["GET"]}}],"collection":[{"href":"https:\/\/www.rarom.ro\/index.php?rest_route=\/wp\/v2\/pages"}],"about":[{"href":"https:\/\/www.rarom.ro\/index.php?rest_route=\/wp\/v2\/types\/page"}],"author":[{"embeddable":true,"href":"https:\/\/www.rarom.ro\/index.php?rest_route=\/wp\/v2\/users\/3"}],"replies":[{"embeddable":true,"href":"https:\/\/www.rarom.ro\/index.php?rest_route=%2Fwp%2Fv2%2Fcomments&post=6386"}],"version-history":[{"count":2,"href":"https:\/\/www.rarom.ro\/index.php?rest_route=\/wp\/v2\/pages\/6386\/revisions"}],"predecessor-version":[{"id":6392,"href":"https:\/\/www.rarom.ro\/index.php?rest_route=\/wp\/v2\/pages\/6386\/revisions\/6392"}],"up":[{"embeddable":true,"href":"https:\/\/www.rarom.ro\/index.php?rest_route=\/wp\/v2\/pages\/6358"}],"wp:attachment":[{"href":"https:\/\/www.rarom.ro\/index.php?rest_route=%2Fwp%2Fv2%2Fmedia&parent=6386"}],"curies":[{"name":"wp","href":"https:\/\/api.w.org\/{rel}","templated":true}]}}