{"id":6362,"date":"2018-07-04T09:26:54","date_gmt":"2018-07-04T06:26:54","guid":{"rendered":"https:\/\/www.rarom.ro\/?page_id=6362"},"modified":"2018-07-05T11:14:12","modified_gmt":"2018-07-05T08:14:12","slug":"ford-fiesta-st","status":"publish","type":"page","link":"https:\/\/www.rarom.ro\/?page_id=6362","title":{"rendered":"Ford Fiesta ST"},"content":{"rendered":"<p><strong>Test: Ford Fiesta ST<\/strong><\/p>\n<p><a href=\"https:\/\/www.rarom.ro\/wp-content\/uploads\/2018\/07\/TestFord_mare237-1.jpg\"><img loading=\"lazy\" decoding=\"async\" class=\"size-full wp-image-6367 aligncenter\" src=\"https:\/\/www.rarom.ro\/wp-content\/uploads\/2018\/07\/TestFord_mare237-1.jpg\" alt=\"\" width=\"730\" height=\"450\" srcset=\"https:\/\/www.rarom.ro\/wp-content\/uploads\/2018\/07\/TestFord_mare237-1.jpg 730w, https:\/\/www.rarom.ro\/wp-content\/uploads\/2018\/07\/TestFord_mare237-1-300x185.jpg 300w\" sizes=\"auto, (max-width: 730px) 100vw, 730px\" \/><\/a><\/p>\n<p><a href=\"https:\/\/www.rarom.ro\/wp-content\/uploads\/2018\/07\/TestFord_pagini237-1.jpg\"><img loading=\"lazy\" decoding=\"async\" class=\"size-full wp-image-6369 alignleft\" src=\"https:\/\/www.rarom.ro\/wp-content\/uploads\/2018\/07\/TestFord_pagini237-1.jpg\" alt=\"\" width=\"250\" height=\"165\" \/><\/a>Ford dovede\u015fte din nou c\u0103 se pricepe s\u0103 creeze versiuni performante ale modelelor de volum, iar noua genera\u0163ie a lui Fiesta ST nu face excep\u0163ie de la regul\u0103, de\u015fi are sub capot\u0103 un motor cu doar trei cilindri. [&#8230;]<\/p>\n<p>&nbsp;<\/p>\n<p>&nbsp;<\/p>\n<p>&nbsp;<\/p>\n","protected":false},"excerpt":{"rendered":"<p>Test: Ford Fiesta ST Ford dovede\u015fte din nou c\u0103 se pricepe s\u0103 creeze versiuni performante ale modelelor de volum, iar noua genera\u0163ie a lui Fiesta ST nu face excep\u0163ie de la regul\u0103, de\u015fi are sub capot\u0103 un motor cu doar trei cilindri. [&#8230;] &nbsp; &nbsp; &nbsp;<\/p>\n","protected":false},"author":3,"featured_media":0,"parent":6358,"menu_order":1,"comment_status":"closed","ping_status":"closed","template":"","meta":{"_acf_changed":false,"footnotes":""},"class_list":["post-6362","page","type-page","status-publish","hentry"],"acf":[],"_links":{"self":[{"href":"https:\/\/www.rarom.ro\/index.php?rest_route=\/wp\/v2\/pages\/6362","targetHints":{"allow":["GET"]}}],"collection":[{"href":"https:\/\/www.rarom.ro\/index.php?rest_route=\/wp\/v2\/pages"}],"about":[{"href":"https:\/\/www.rarom.ro\/index.php?rest_route=\/wp\/v2\/types\/page"}],"author":[{"embeddable":true,"href":"https:\/\/www.rarom.ro\/index.php?rest_route=\/wp\/v2\/users\/3"}],"replies":[{"embeddable":true,"href":"https:\/\/www.rarom.ro\/index.php?rest_route=%2Fwp%2Fv2%2Fcomments&post=6362"}],"version-history":[{"count":2,"href":"https:\/\/www.rarom.ro\/index.php?rest_route=\/wp\/v2\/pages\/6362\/revisions"}],"predecessor-version":[{"id":6466,"href":"https:\/\/www.rarom.ro\/index.php?rest_route=\/wp\/v2\/pages\/6362\/revisions\/6466"}],"up":[{"embeddable":true,"href":"https:\/\/www.rarom.ro\/index.php?rest_route=\/wp\/v2\/pages\/6358"}],"wp:attachment":[{"href":"https:\/\/www.rarom.ro\/index.php?rest_route=%2Fwp%2Fv2%2Fmedia&parent=6362"}],"curies":[{"name":"wp","href":"https:\/\/api.w.org\/{rel}","templated":true}]}}