{"id":6301,"date":"2018-06-27T15:11:37","date_gmt":"2018-06-27T12:11:37","guid":{"rendered":"https:\/\/www.rarom.ro\/?page_id=6301"},"modified":"2026-01-15T11:06:27","modified_gmt":"2026-01-15T09:06:27","slug":"declaratii-de-avere-si-de-interese-2017","status":"publish","type":"page","link":"https:\/\/www.rarom.ro\/?page_id=6301","title":{"rendered":"Declara\u0163ii de avere \u015fi interese 2017"},"content":{"rendered":"<table border=\"1\" width=\"100%\" cellspacing=\"0\" cellpadding=\"5\">\n<tbody>\n<tr align=\"center\" valign=\"middle\" bgcolor=\"#eeeeee\">\n<td width=\"5%\">\n<div align=\"center\"><strong>Nr. crt.<\/strong><\/div>\n<\/td>\n<td width=\"23%\">\n<div align=\"center\"><strong>Numele \u015fi prenumele<\/strong><\/div>\n<\/td>\n<td width=\"25%\">\n<div align=\"center\"><strong>Calitatea<\/strong><\/div>\n<\/td>\n<td width=\"28%\">\n<div align=\"center\"><strong>Declara\u0163ii de avere<\/strong><br \/>\n<strong> \u015fi interese<\/strong><\/div>\n<\/td>\n<\/tr>\n<tr>\n<td>\n<div align=\"center\">1.<\/div>\n<\/td>\n<td>Coiciu Dumitru<\/td>\n<td>pre\u015fedinte CA<\/td>\n<td>&#8211; <a href=\"https:\/\/www.rarom.ro\/wp-content\/uploads\/2015\/10\/CoiciuDumitru1-2017.pdf\">declara\u0163ie de avere<\/a><br \/>\n&#8211; <a href=\"https:\/\/www.rarom.ro\/wp-content\/uploads\/2015\/10\/CoiciuDumitru2-2017.pdf\">declara\u0163ie de interese<\/a><\/td>\n<\/tr>\n<tr>\n<td>\n<div align=\"center\">2.<\/div>\n<\/td>\n<td>Surulescu Aurelia<\/td>\n<td>membru &#8211; reprezentant MT<\/td>\n<td>&#8211;\u00a0<a href=\"https:\/\/www.rarom.ro\/wp-content\/uploads\/2015\/10\/SurulescuAurelia1-2017.pdf\">declara\u0163ie de avere<\/a><br \/>\n&#8211;\u00a0<a href=\"https:\/\/www.rarom.ro\/wp-content\/uploads\/2015\/10\/SurulescuAurelia2-2017.pdf\">declara\u0163ie de interese<\/a><\/td>\n<\/tr>\n<tr>\n<td>\n<div align=\"center\">3.<\/div>\n<\/td>\n<td>Dima Marin<\/td>\n<td>membru<\/td>\n<td>&#8211;\u00a0<a href=\"https:\/\/www.rarom.ro\/wp-content\/uploads\/2015\/10\/DimaMarin1-2017.pdf\">declara\u0163ie de avere<\/a><br \/>\n&#8211;\u00a0<a href=\"https:\/\/www.rarom.ro\/wp-content\/uploads\/2015\/10\/DimaMarin2-2017.pdf\">declara\u0163ie de interese<\/a><\/td>\n<\/tr>\n<tr>\n<td>\n<div align=\"center\">4.<\/div>\n<\/td>\n<td>Dinc\u0103 George-Adrian<\/td>\n<td>membru \u015fi Director General<\/td>\n<td>&#8211; <a href=\"https:\/\/www.rarom.ro\/wp-content\/uploads\/2015\/10\/GeorgeDinca1-2017.pdf\">declara\u0163ie de avere<\/a><br \/>\n&#8211; <a href=\"https:\/\/www.rarom.ro\/wp-content\/uploads\/2015\/10\/GeorgeDinca2-2017.pdf\">declara\u0163ie de interese<\/a><\/td>\n<\/tr>\n<tr>\n<td>\n<div align=\"center\">5.<\/div>\n<\/td>\n<td>M\u00eendrescu Bogdan Stelian<\/td>\n<td>membru<\/td>\n<td>&#8211;\u00a0<a href=\"https:\/\/www.rarom.ro\/wp-content\/uploads\/2015\/10\/Mindrescu-Bogdan1-2017.pdf\">declara\u0163ie de avere<\/a><br \/>\n&#8211;\u00a0<a href=\"https:\/\/www.rarom.ro\/wp-content\/uploads\/2015\/10\/Mindrescu-Bogdan2-2017.pdf\">declara\u0163ie de interese<\/a><\/td>\n<\/tr>\n<tr>\n<td>\n<div align=\"center\">6.<\/div>\n<\/td>\n<td>Popescu Adrian<\/td>\n<td>membru<\/td>\n<td>&#8211;\u00a0<a href=\"https:\/\/www.rarom.ro\/wp-content\/uploads\/2015\/10\/PopescuAdrian1-2017.pdf\">declara\u0163ie de avere<\/a><br \/>\n&#8211;\u00a0<a href=\"https:\/\/www.rarom.ro\/wp-content\/uploads\/2015\/10\/PopescuAdrian2-2017.pdf\">declara\u0163ie de interese<\/a><\/td>\n<\/tr>\n<\/tbody>\n<\/table>\n<table border=\"1\" width=\"100%\" cellspacing=\"0\" cellpadding=\"5\">\n<tbody>\n<tr align=\"center\" valign=\"middle\" bgcolor=\"#eeeeee\">\n<td width=\"5%\">\n<div align=\"center\"><strong>Nr. crt.<\/strong><\/div>\n<\/td>\n<td width=\"23%\">\n<div align=\"center\"><strong>Numele \u0219i prenumele<\/strong><\/div>\n<\/td>\n<td width=\"25%\">\n<div align=\"center\"><strong>Calitatea<\/strong><\/div>\n<\/td>\n<td width=\"28%\">\n<div align=\"center\"><strong>Declara\u021bii de avere<\/strong><br \/>\n<strong> \u0219i interese<\/strong><\/div>\n<\/td>\n<\/tr>\n<tr>\n<td>\n<div align=\"center\">1.<\/div>\n<\/td>\n<td>Coiciu Dumitru<\/td>\n<td>pre\u0219edinte CA<\/td>\n<td>&#8211; <a href=\"https:\/\/www.rarom.ro\/wp-content\/uploads\/2015\/10\/CoiciuDumitru1-21-05-2018.pdf\" target=\"_blank\" rel=\"noopener noreferrer\">declara\u021bie de avere<\/a><br \/>\n&#8211; <a href=\"https:\/\/www.rarom.ro\/wp-content\/uploads\/2015\/10\/CoiciuDumitru2-21-05-2018.pdf\" target=\"_blank\" rel=\"noopener noreferrer\">declara\u021bie de interese<\/a><\/td>\n<\/tr>\n<tr>\n<td>\n<div align=\"center\">2.<\/div>\n<\/td>\n<td>Surulescu Aurelia<\/td>\n<td>membru &#8211; reprezentant MT<\/td>\n<td>&#8211; <a href=\"https:\/\/www.rarom.ro\/wp-content\/uploads\/2015\/10\/SurulescuAurelia1-12-06-2018.pdf\" target=\"_blank\" rel=\"noopener noreferrer\">declara\u021bie de avere<\/a><br \/>\n&#8211; <a href=\"https:\/\/www.rarom.ro\/wp-content\/uploads\/2015\/10\/SurulescuAurelia2-12-06-2018.pdf\" target=\"_blank\" rel=\"noopener noreferrer\">declara\u021bie de interese<\/a><\/td>\n<\/tr>\n<tr>\n<td>\n<div align=\"center\">3.<\/div>\n<\/td>\n<td>Dima Marin<\/td>\n<td>membru<\/td>\n<td>&#8211; <a href=\"https:\/\/www.rarom.ro\/wp-content\/uploads\/2015\/10\/DimaMarin1-21-05-2018.pdf\" target=\"_blank\" rel=\"noopener noreferrer\">declara\u021bie de avere<\/a><br \/>\n&#8211; <a href=\"https:\/\/www.rarom.ro\/wp-content\/uploads\/2015\/10\/DimaMarin2-21-05-2018.pdf\" target=\"_blank\" rel=\"noopener noreferrer\">declara\u021bie de interese<\/a><\/td>\n<\/tr>\n<tr>\n<td>\n<div align=\"center\">4.<\/div>\n<\/td>\n<td>Dinc\u0103 George-Adrian<\/td>\n<td>membru \u0219i Director General<\/td>\n<td>&#8211; <a href=\"https:\/\/www.rarom.ro\/wp-content\/uploads\/2015\/10\/GeorgeDinca1-29-03-2018.pdf\">declara\u021bie de avere<\/a><br \/>\n&#8211; <a href=\"https:\/\/www.rarom.ro\/wp-content\/uploads\/2015\/10\/GeorgeDinca2-29-03-2018.pdf\">declara\u021bie de interese<\/a><\/td>\n<\/tr>\n<tr>\n<td>\n<div align=\"center\">5.<\/div>\n<\/td>\n<td>M\u00eendrescu Bogdan Stelian<\/td>\n<td>membru<\/td>\n<td>&#8211; <a href=\"https:\/\/www.rarom.ro\/wp-content\/uploads\/2015\/10\/Mindrescu-Bogdan1-14-06-2018.pdf\" target=\"_blank\" rel=\"noopener noreferrer\">declara\u021bie de avere<\/a><br \/>\n&#8211; <a href=\"https:\/\/www.rarom.ro\/wp-content\/uploads\/2015\/10\/Mindrescu-Bogdan2-14-06-2018.pdf\" target=\"_blank\" rel=\"noopener noreferrer\">declara\u021bie de interese<\/a><\/td>\n<\/tr>\n<tr>\n<td>\n<div align=\"center\">6.<\/div>\n<\/td>\n<td>Popescu Adrian<\/td>\n<td>membru<\/td>\n<td>&#8211; <a href=\"https:\/\/www.rarom.ro\/wp-content\/uploads\/2015\/10\/PopescuAdrian1-12-06-2018.pdf\" target=\"_blank\" rel=\"noopener noreferrer\">declara\u021bie de avere<\/a><br \/>\n&#8211; <a href=\"https:\/\/www.rarom.ro\/wp-content\/uploads\/2015\/10\/PopescuAdrian2-12-06-2018.pdf\" target=\"_blank\" rel=\"noopener noreferrer\">declara\u021bie de interese<\/a><\/td>\n<\/tr>\n<tr>\n<td>\n<div align=\"center\">7.<\/div>\n<\/td>\n<td>Mavrodin Tiberiu Valentin<\/td>\n<td>membru &#8211; reprezentant MFP<\/td>\n<td>&#8211; <a href=\"https:\/\/www.rarom.ro\/wp-content\/uploads\/2015\/10\/MavrodinTiberiu1-2-2017.pdf\" target=\"_blank\" rel=\"noopener noreferrer\">declara\u021bie de avere<\/a><br \/>\n&#8211; <a href=\"https:\/\/www.rarom.ro\/wp-content\/uploads\/2015\/10\/MavrodinTiberiu2-2-2017.pdf\" target=\"_blank\" rel=\"noopener noreferrer\">declara\u021bie de interese<\/a><\/td>\n<\/tr>\n<\/tbody>\n<\/table>\n","protected":false},"excerpt":{"rendered":"<p>Nr. crt. Numele \u015fi prenumele Calitatea Declara\u0163ii de avere \u015fi interese 1. Coiciu Dumitru pre\u015fedinte CA &#8211; declara\u0163ie de avere &#8211; declara\u0163ie de interese 2. Surulescu Aurelia membru &#8211; reprezentant MT &#8211;\u00a0declara\u0163ie de avere &#8211;\u00a0declara\u0163ie de interese 3. Dima Marin membru &#8211;\u00a0declara\u0163ie de avere &#8211;\u00a0declara\u0163ie de interese 4. Dinc\u0103 George-Adrian membru \u015fi Director General &#8211; [&hellip;]<\/p>\n","protected":false},"author":3,"featured_media":0,"parent":1297,"menu_order":9983,"comment_status":"closed","ping_status":"closed","template":"","meta":{"_acf_changed":false,"footnotes":""},"class_list":["post-6301","page","type-page","status-publish","hentry"],"acf":[],"_links":{"self":[{"href":"https:\/\/www.rarom.ro\/index.php?rest_route=\/wp\/v2\/pages\/6301","targetHints":{"allow":["GET"]}}],"collection":[{"href":"https:\/\/www.rarom.ro\/index.php?rest_route=\/wp\/v2\/pages"}],"about":[{"href":"https:\/\/www.rarom.ro\/index.php?rest_route=\/wp\/v2\/types\/page"}],"author":[{"embeddable":true,"href":"https:\/\/www.rarom.ro\/index.php?rest_route=\/wp\/v2\/users\/3"}],"replies":[{"embeddable":true,"href":"https:\/\/www.rarom.ro\/index.php?rest_route=%2Fwp%2Fv2%2Fcomments&post=6301"}],"version-history":[{"count":11,"href":"https:\/\/www.rarom.ro\/index.php?rest_route=\/wp\/v2\/pages\/6301\/revisions"}],"predecessor-version":[{"id":296423,"href":"https:\/\/www.rarom.ro\/index.php?rest_route=\/wp\/v2\/pages\/6301\/revisions\/296423"}],"up":[{"embeddable":true,"href":"https:\/\/www.rarom.ro\/index.php?rest_route=\/wp\/v2\/pages\/1297"}],"wp:attachment":[{"href":"https:\/\/www.rarom.ro\/index.php?rest_route=%2Fwp%2Fv2%2Fmedia&parent=6301"}],"curies":[{"name":"wp","href":"https:\/\/api.w.org\/{rel}","templated":true}]}}